{"id":1460,"date":"2020-10-20T00:32:39","date_gmt":"2020-10-20T00:32:39","guid":{"rendered":"https:\/\/www.cellutrak.ca\/?page_id=1460"},"modified":"2023-01-10T04:59:08","modified_gmt":"2023-01-10T04:59:08","slug":"solution-finder","status":"publish","type":"page","link":"https:\/\/www.cellutrak.ca\/fr\/gps-solution-finder\/","title":{"rendered":"Outil de recherche de solution"},"content":{"rendered":"<div class=\"wpb-content-wrapper\"><p>[vc_row css_animation=\u00a0\u00bb\u00a0\u00bb row_type=\u00a0\u00bbrow\u00a0\u00bb use_row_as_full_screen_section=\u00a0\u00bbno\u00a0\u00bb type=\u00a0\u00bbgrid\u00a0\u00bb angled_section=\u00a0\u00bbno\u00a0\u00bb text_align=\u00a0\u00bbleft\u00a0\u00bb background_image_as_pattern=\u00a0\u00bbwithout_pattern\u00a0\u00bb css=\u00a0\u00bb.vc_custom_1673258719105{padding-top: 120px !important;padding-bottom: 120px !important;background-color: #ffffff !important;}\u00a0\u00bb z_index=\u00a0\u00bb\u00a0\u00bb][vc_column][vc_column_text el_class=\u00a0\u00bbpage-banner\u00a0\u00bb]<\/p>\n<h1>OUTIL DE RECHERCHE DE SOLUTION<\/h1>\n<p>[\/vc_column_text][vc_empty_space height=\u00a0\u00bb30px\u00a0\u00bb][vc_row_inner row_type=\u00a0\u00bbrow\u00a0\u00bb type=\u00a0\u00bbfull_width\u00a0\u00bb text_align=\u00a0\u00bbleft\u00a0\u00bb css_animation=\u00a0\u00bb\u00a0\u00bb][vc_column_inner width=\u00a0\u00bb1\/3&Prime;][vc_column_text el_class=\u00a0\u00bbpage-banner no-bg\u00a0\u00bb]Trouvez la<br \/>\nsolution qui<br \/>vous convient[\/vc_column_text][vc_empty_space height=\u00a0\u00bb30px\u00a0\u00bb][vc_column_text]<\/p>\n<h4>Notre outil de recherche de solution en ligne gratuit vous permet de s\u00e9lectionner la solution de suivi GPS faite pour vous.<\/h4>\n<p>[\/vc_column_text][vc_empty_space height=\u00a0\u00bb20px\u00a0\u00bb][vc_column_text]La recherche ne prend qu\u2019une minute![\/vc_column_text][vc_empty_space height=\u00a0\u00bb50px\u00a0\u00bb][\/vc_column_inner][vc_column_inner width=\u00a0\u00bb1\/12&Prime;][\/vc_column_inner][vc_column_inner el_class=\u00a0\u00bbform-sage-steps\u00a0\u00bb width=\u00a0\u00bb7\/12&Prime;][vc_column_text]<FORM Name='WEB2LEAD' method='POST' OnSubmit='return CreateAction()'><SCRIPT>function CreateAction() {if (document.WEB2LEAD.SELECTWorkFlow == null)document.WEB2LEAD.action = 'https:\/\/crm.cellutrak.com\/CRM\/eware.dll\/SubmitLead?RuleID=';else document.WEB2LEAD.action = 'https:\/\/crm.cellutrak.com\/CRM\/eware.dll\/SubmitLead?RuleID=' + document.WEB2LEAD.SELECTWorkFlow.options[document.WEB2LEAD.SELECTWorkFlow.selectedIndex].value;return true;}<\/SCRIPT><div id='findsolution_F1_div'><h4>Combien de v\u00e9hicules devez-vous suivre? * <\/h4><div class='form-row'>\n\t\t\t\t\t\t\t\t<ul>\n\t\t\t\t\t\t\t\t\t<li class='row-input'>\n\t\t\t\t\t\t\t\t\t\t<input class='row-radiobox' type='radio' id='findsolution_F1' name='findsolution_F1' value='Moins de 5' \/>\n\t\t\t\t\t\t\t\t\t<\/li>\n\t\t\t\t\t\t\t\t\t<li class='row-value'>Moins de 5<\/li>\n\t\t\t\t\t\t\t\t<\/ul>\n\t\t\t\t\t\t\t<\/div><div class='form-row'>\n\t\t\t\t\t\t\t\t<ul>\n\t\t\t\t\t\t\t\t\t<li class='row-input'>\n\t\t\t\t\t\t\t\t\t<input class='row-radiobox' type='radio' id='findsolution_F1' name='findsolution_F1' value='De 6 \u00e0 49' \/>\n\t\t\t\t\t\t\t\t\t<\/li>\n\t\t\t\t\t\t\t\t\t<li class='row-value'>De 6 \u00e0 49<\/li>\n\t\t\t\t\t\t\t\t<\/ul>\n\t\t\t\t\t\t\t<\/div><div class='form-row'>\n\t\t\t\t\t\t\t\t<ul>\n\t\t\t\t\t\t\t\t\t<li class='row-input'>\n\t\t\t\t\t\t\t\t\t<input class='row-radiobox' type='radio' id='findsolution_F1' name='findsolution_F1' value='Plus de 50' \/>\n\t\t\t\t\t\t\t\t\t<\/li>\n\t\t\t\t\t\t\t\t\t<li class='row-value'>Plus de 50<\/li>\n\t\t\t\t\t\t\t\t<\/ul>\n\t\t\t\t\t\t\t<\/div><\/div><\/br><\/br><div id='findsolution_F2_div'style='display:none'><h4>Que devez-vous suivre? S\u00e9lectionnez les options pertinentes. * <\/h4><div class='form-row'>\n\t\t\t\t\t\t\t\t<ul>\n\t\t\t\t\t\t\t\t\t<li class='row-input'>\n\t\t\t\t\t\t\t\t\t\t<input class='row-checkbox' type='checkbox' id='findsolution_F2' name='findsolution_F2' value='Automobiles' \/>\n\t\t\t\t\t\t\t\t\t<\/li>\n\t\t\t\t\t\t\t\t\t<li class='row-value'>Automobiles<\/li>\n\t\t\t\t\t\t\t\t<\/ul>\n\t\t\t\t\t\t\t<\/div><div class='form-row'>\n\t\t\t\t\t\t\t\t<ul>\n\t\t\t\t\t\t\t\t\t<li class='row-input'>\n\t\t\t\t\t\t\t\t\t\t<input class='row-checkbox' type='checkbox' id='findsolution_F2' name='findsolution_F2' value='Machinerie lourde' \/>\n\t\t\t\t\t\t\t\t\t<\/li>\n\t\t\t\t\t\t\t\t\t<li class='row-value'>Machinerie lourde<\/li>\n\t\t\t\t\t\t\t\t<\/ul>\n\t\t\t\t\t\t\t<\/div><div class='form-row'>\n\t\t\t\t\t\t\t\t<ul>\n\t\t\t\t\t\t\t\t\t<li class='row-input'>\n\t\t\t\t\t\t\t\t\t\t<input class='row-checkbox' type='checkbox' id='findsolution_F2' name='findsolution_F2' value='G\u00e9n\u00e9ratrices' \/>\n\t\t\t\t\t\t\t\t\t<\/li>\n\t\t\t\t\t\t\t\t\t<li class='row-value'>G\u00e9n\u00e9ratrices<\/li>\n\t\t\t\t\t\t\t\t<\/ul>\n\t\t\t\t\t\t\t<\/div><div class='form-row'>\n\t\t\t\t\t\t\t\t<ul>\n\t\t\t\t\t\t\t\t\t<li class='row-input'>\n\t\t\t\t\t\t\t\t\t\t<input class='row-checkbox' type='checkbox' id='findsolution_F2' name='findsolution_F2' value='Remorques' \/>\n\t\t\t\t\t\t\t\t\t<\/li>\n\t\t\t\t\t\t\t\t\t<li class='row-value'>Remorques<\/li>\n\t\t\t\t\t\t\t\t<\/ul>\n\t\t\t\t\t\t\t<\/div><div class='form-row'>\n\t\t\t\t\t\t\t\t<ul>\n\t\t\t\t\t\t\t\t\t<li class='row-input'>\n\t\t\t\t\t\t\t\t\t\t<input class='row-checkbox' type='checkbox' id='findsolution_F2' name='findsolution_F2' value='Fourgonnettes \/ Camions \/ Semi-remorques' \/>\n\t\t\t\t\t\t\t\t\t<\/li>\n\t\t\t\t\t\t\t\t\t<li class='row-value'>Fourgonnettes \/ Camions \/ Semi-remorques<\/li>\n\t\t\t\t\t\t\t\t<\/ul>\n\t\t\t\t\t\t\t<\/div><div class='form-row'>\n\t\t\t\t\t\t\t\t<ul>\n\t\t\t\t\t\t\t\t\t<li class='row-input'>\n\t\t\t\t\t\t\t\t\t\t<input class='row-checkbox' type='checkbox' id='findsolution_F2' name='findsolution_F2' value='Motocyclettes' \/>\n\t\t\t\t\t\t\t\t\t<\/li>\n\t\t\t\t\t\t\t\t\t<li class='row-value'>Motocyclettes<\/li>\n\t\t\t\t\t\t\t\t<\/ul>\n\t\t\t\t\t\t\t<\/div><div class='form-row'>\n\t\t\t\t\t\t\t\t<ul>\n\t\t\t\t\t\t\t\t\t<li class='row-input'>\n\t\t\t\t\t\t\t\t\t\t<input class='row-checkbox' type='checkbox' id='findsolution_F2' name='findsolution_F2' value='V\u00e9hicules r\u00e9cr\u00e9atifs' \/>\n\t\t\t\t\t\t\t\t\t<\/li>\n\t\t\t\t\t\t\t\t\t<li class='row-value'>V\u00e9hicules r\u00e9cr\u00e9atifs<\/li>\n\t\t\t\t\t\t\t\t<\/ul>\n\t\t\t\t\t\t\t<\/div><div class='form-row'>\n\t\t\t\t\t\t\t\t<ul>\n\t\t\t\t\t\t\t\t\t<li class='row-input'>\n\t\t\t\t\t\t\t\t\t\t<input class='row-checkbox' type='checkbox' id='findsolution_F2' name='findsolution_F2' value='Autre (pr\u00e9cisez)' \/>\n\t\t\t\t\t\t\t\t\t<\/li>\n\t\t\t\t\t\t\t\t\t<li class='row-value'>Autre (pr\u00e9cisez) <input class='row-text' type='text' id='findsolution_F2_1' name='findsolution_F2_1'\/><\/li>\n\t\t\t\t\t\t\t\t<\/ul>\n\t\t\t\t\t\t\t<\/div><\/div><\/br><\/br><div id='findsolution_F3_div'style='display:none'><h4>De quelles fonctions avez-vous besoin? S\u00e9lectionnez les options pertinentes. * <\/h4><div class='form-row'>\n\t\t\t\t\t\t\t\t<ul>\n\t\t\t\t\t\t\t\t\t<li class='row-input'>\n\t\t\t\t\t\t\t\t\t\t<input class='row-checkbox' type='checkbox' id='findsolution_F3' name='findsolution_F3' value='Suivi GPS' \/>\n\t\t\t\t\t\t\t\t\t<\/li>\n\t\t\t\t\t\t\t\t\t<li class='row-value'>Suivi GPS<\/li>\n\t\t\t\t\t\t\t\t<\/ul>\n\t\t\t\t\t\t\t<\/div><div class='form-row'>\n\t\t\t\t\t\t\t\t<ul>\n\t\t\t\t\t\t\t\t\t<li class='row-input'>\n\t\t\t\t\t\t\t\t\t\t<input class='row-checkbox' type='checkbox' id='findsolution_F3' name='findsolution_F3' value='Pr\u00e9vention du vol' \/>\n\t\t\t\t\t\t\t\t\t<\/li>\n\t\t\t\t\t\t\t\t\t<li class='row-value'>Pr\u00e9vention du vol<\/li>\n\t\t\t\t\t\t\t\t<\/ul>\n\t\t\t\t\t\t\t<\/div><div class='form-row'>\n\t\t\t\t\t\t\t\t<ul>\n\t\t\t\t\t\t\t\t\t<li class='row-input'>\n\t\t\t\t\t\t\t\t\t\t<input class='row-checkbox' type='checkbox' id='findsolution_F3' name='findsolution_F3' value='Gestion de la flotte' \/>\n\t\t\t\t\t\t\t\t\t<\/li>\n\t\t\t\t\t\t\t\t\t<li class='row-value'>Gestion de la flotte<\/li>\n\t\t\t\t\t\t\t\t<\/ul>\n\t\t\t\t\t\t\t<\/div><div class='form-row'>\n\t\t\t\t\t\t\t\t<ul>\n\t\t\t\t\t\t\t\t\t<li class='row-input'>\n\t\t\t\t\t\t\t\t\t\t<input class='row-checkbox' type='checkbox' id='findsolution_F3' name='findsolution_F3' value='Autre (pr\u00e9cisez)' \/>\n\t\t\t\t\t\t\t\t\t<\/li>\n\t\t\t\t\t\t\t\t\t<li class='row-value'>Autre (pr\u00e9cisez) <input class='row-text' type='text' id='findsolution_F3_1' name='findsolution_F3_1'\/><\/li>\n\t\t\t\t\t\t\t\t<\/ul>\n\t\t\t\t\t\t\t<\/div><\/br><\/br><\/div><div id='findsolution_F4_div'style='display:none'><button class='find-my-solution qbutton' type='button' id='findsolution_F4_B'>TROUVER MA SOLUTION<\/button><\/div><div id='findsolution_F5_div'style='display:none' class='form-sage form-sage-steps'><h2>BONNE NOUVELLE!<\/h2><h3>Nous avons trouv\u00e9 la solution qui vous convient.<\/h3><\/br><\/br><p>Il vous suffit d\u2019entrer vos coordonn\u00e9es et un expert en solutions Cellutrak communiquera avec vous pour passer en revue les d\u00e9tails de la solution adapt\u00e9e.<\/p><\/br><\/br><div class='field'><input type='text' placeholder='Pr\u00e9nom *' CLASS=EDIT ID='lead_personfirstname' name='lead_personfirstname' value='' maxlength=30><\/div><div class='field'><input type='text' placeholder='Nom *' CLASS=EDIT ID='lead_personlastname' name='lead_personlastname'  value='' maxlength=30><\/div><div class='field'><input type='text' placeholder='Courriel *' CLASS=EDIT ID='lead_personemail' name='lead_personemail'  value='' maxlength=100><\/div><div class='field'><input type='text' placeholder='T\u00e9l\u00e9phone *' CLASS=EDIT ID='lead_personphonenumber' name='lead_personphonenumber'  value='' maxlength=30><\/div><br><p id='SC_ERRMSG' style='color:white'>Un ou plusieurs champs ont une erreur. Veuillez v\u00e9rifier et essayer \u00e0 nouveau. (*).<\/p><input type='hidden' name='_HIDDENlead_personfirstname' id='_HIDDENlead_personfirstname' value='' entryType='10'><input type='hidden' name='_HIDDENlead_personlastname' id='_HIDDENlead_personlastname' value='' entryType='10'><input type='hidden' name='_HIDDENlead_personemail' id='_HIDDENlead_personemail' value='' entryType='10'><input type='hidden' name='_HIDDENlead_personphonenumber' id='_HIDDENlead_personphonenumber' value='' entryType='10'><input type='hidden' name='_HIDDENlead_details' id='_HIDDENlead_details' value='' entryType='11'><input type='hidden' name='_HIDDENlead_source' value='Web'><input type='hidden' id='KSCLANG' value='FR'><input type='submit' value='Soumettre' id='WEB2LEADS-3'><input type='hidden' name='RuleID' id=' RuleID ' value=''><\/FORM><\/div>[\/vc_column_text][\/vc_column_inner][\/vc_row_inner][\/vc_column][\/vc_row]<\/p>\n<\/div>","protected":false},"excerpt":{"rendered":"<p>[vc_row css_animation=\u00a0\u00bb\u00a0\u00bb row_type=\u00a0\u00bbrow\u00a0\u00bb use_row_as_full_screen_section=\u00a0\u00bbno\u00a0\u00bb type=\u00a0\u00bbgrid\u00a0\u00bb angled_section=\u00a0\u00bbno\u00a0\u00bb text_align=\u00a0\u00bbleft\u00a0\u00bb background_image_as_pattern=\u00a0\u00bbwithout_pattern\u00a0\u00bb css=\u00a0\u00bb.vc_custom_1673258719105{padding-top: 120px !important;padding-bottom: 120px !important;background-color: #ffffff !important;}\u00a0\u00bb z_index=\u00a0\u00bb\u00a0\u00bb][vc_column][vc_column_text el_class=\u00a0\u00bbpage-banner\u00a0\u00bb] OUTIL DE RECHERCHE DE SOLUTION [\/vc_column_text][vc_empty_space height=\u00a0\u00bb30px\u00a0\u00bb][vc_row_inner row_type=\u00a0\u00bbrow\u00a0\u00bb type=\u00a0\u00bbfull_width\u00a0\u00bb text_align=\u00a0\u00bbleft\u00a0\u00bb css_animation=\u00a0\u00bb\u00a0\u00bb][vc_column_inner width=\u00a0\u00bb1\/3&Prime;][vc_column_text el_class=\u00a0\u00bbpage-banner no-bg\u00a0\u00bb]Trouvez la solution quivous convient[\/vc_column_text][vc_empty_space height=\u00a0\u00bb30px\u00a0\u00bb][vc_column_text] Notre outil de recherche de solution en ligne gratuit&#8230;<\/p>\n","protected":false},"author":1,"featured_media":0,"parent":0,"menu_order":0,"comment_status":"closed","ping_status":"closed","template":"full_width.php","meta":{"_acf_changed":false,"footnotes":""},"class_list":["post-1460","page","type-page","status-publish","hentry"],"acf":[],"yoast_head":"<!-- This site is optimized with the Yoast SEO Premium plugin v21.3 (Yoast SEO v26.4) - https:\/\/yoast.com\/wordpress\/plugins\/seo\/ -->\n<title>Outil de recherche de solution | Cellutrak<\/title>\n<meta name=\"description\" content=\"Trouvez la solution qui vous convient! Notre outil de recherche de solution en ligne gratuit vous permet de s\u00e9lectionner la solution de suivi GPS faite pour vous.\" \/>\n<meta name=\"robots\" content=\"index, follow, max-snippet:-1, max-image-preview:large, max-video-preview:-1\" \/>\n<link rel=\"canonical\" href=\"https:\/\/www.cellutrak.ca\/fr\/gps-solution-finder\/\" \/>\n<meta property=\"og:locale\" content=\"fr_FR\" \/>\n<meta property=\"og:type\" content=\"article\" \/>\n<meta property=\"og:title\" content=\"Outil de recherche de solution\" \/>\n<meta property=\"og:description\" content=\"Trouvez la solution qui vous convient! Notre outil de recherche de solution en ligne gratuit vous permet de s\u00e9lectionner la solution de suivi GPS faite pour vous.\" \/>\n<meta property=\"og:url\" content=\"https:\/\/www.cellutrak.ca\/fr\/gps-solution-finder\/\" \/>\n<meta property=\"og:site_name\" content=\"Cellutrak\" \/>\n<meta property=\"article:publisher\" content=\"https:\/\/www.facebook.com\/cellutrakgpstracking\/\" \/>\n<meta property=\"article:modified_time\" content=\"2023-01-10T04:59:08+00:00\" \/>\n<meta property=\"og:image\" content=\"https:\/\/www.cellutrak.ca\/wp-content\/uploads\/2022\/12\/PR-LinkPreview-.jpg\" \/>\n\t<meta property=\"og:image:width\" content=\"1200\" \/>\n\t<meta property=\"og:image:height\" content=\"630\" \/>\n\t<meta property=\"og:image:type\" content=\"image\/jpeg\" \/>\n<meta name=\"twitter:card\" content=\"summary_large_image\" \/>\n<meta name=\"twitter:label1\" content=\"Dur\u00e9e de lecture estim\u00e9e\" \/>\n\t<meta name=\"twitter:data1\" content=\"1 minute\" \/>\n<script type=\"application\/ld+json\" class=\"yoast-schema-graph\">{\"@context\":\"https:\/\/schema.org\",\"@graph\":[{\"@type\":\"Article\",\"@id\":\"https:\/\/www.cellutrak.ca\/fr\/gps-solution-finder\/#article\",\"isPartOf\":{\"@id\":\"https:\/\/www.cellutrak.ca\/fr\/gps-solution-finder\/\"},\"author\":{\"name\":\"ctrakadmin\",\"@id\":\"https:\/\/www.cellutrak.ca\/fr\/#\/schema\/person\/6a4968ea163bb36605208b8732a6bb1f\"},\"headline\":\"Outil de recherche de solution\",\"datePublished\":\"2020-10-20T00:32:39+00:00\",\"dateModified\":\"2023-01-10T04:59:08+00:00\",\"mainEntityOfPage\":{\"@id\":\"https:\/\/www.cellutrak.ca\/fr\/gps-solution-finder\/\"},\"wordCount\":197,\"publisher\":{\"@id\":\"https:\/\/www.cellutrak.ca\/fr\/#organization\"},\"inLanguage\":\"fr-FR\"},{\"@type\":\"WebPage\",\"@id\":\"https:\/\/www.cellutrak.ca\/fr\/gps-solution-finder\/\",\"url\":\"https:\/\/www.cellutrak.ca\/fr\/gps-solution-finder\/\",\"name\":\"Outil de recherche de solution | Cellutrak\",\"isPartOf\":{\"@id\":\"https:\/\/www.cellutrak.ca\/fr\/#website\"},\"datePublished\":\"2020-10-20T00:32:39+00:00\",\"dateModified\":\"2023-01-10T04:59:08+00:00\",\"description\":\"Trouvez la solution qui vous convient! Notre outil de recherche de solution en ligne gratuit vous permet de s\u00e9lectionner la solution de suivi GPS faite pour vous.\",\"breadcrumb\":{\"@id\":\"https:\/\/www.cellutrak.ca\/fr\/gps-solution-finder\/#breadcrumb\"},\"inLanguage\":\"fr-FR\",\"potentialAction\":[{\"@type\":\"ReadAction\",\"target\":[\"https:\/\/www.cellutrak.ca\/fr\/gps-solution-finder\/\"]}]},{\"@type\":\"BreadcrumbList\",\"@id\":\"https:\/\/www.cellutrak.ca\/fr\/gps-solution-finder\/#breadcrumb\",\"itemListElement\":[{\"@type\":\"ListItem\",\"position\":1,\"name\":\"Home\",\"item\":\"https:\/\/www.cellutrak.ca\/fr\/\"},{\"@type\":\"ListItem\",\"position\":2,\"name\":\"Outil de recherche de solution\"}]},{\"@type\":\"WebSite\",\"@id\":\"https:\/\/www.cellutrak.ca\/fr\/#website\",\"url\":\"https:\/\/www.cellutrak.ca\/fr\/\",\"name\":\"Cellutrak\",\"description\":\"\",\"publisher\":{\"@id\":\"https:\/\/www.cellutrak.ca\/fr\/#organization\"},\"potentialAction\":[{\"@type\":\"SearchAction\",\"target\":{\"@type\":\"EntryPoint\",\"urlTemplate\":\"https:\/\/www.cellutrak.ca\/fr\/?s={search_term_string}\"},\"query-input\":{\"@type\":\"PropertyValueSpecification\",\"valueRequired\":true,\"valueName\":\"search_term_string\"}}],\"inLanguage\":\"fr-FR\"},{\"@type\":\"Organization\",\"@id\":\"https:\/\/www.cellutrak.ca\/fr\/#organization\",\"name\":\"Cellutrak\",\"url\":\"https:\/\/www.cellutrak.ca\/fr\/\",\"logo\":{\"@type\":\"ImageObject\",\"inLanguage\":\"fr-FR\",\"@id\":\"https:\/\/www.cellutrak.ca\/fr\/#\/schema\/logo\/image\/\",\"url\":\"https:\/\/www.cellutrak.ca\/wp-content\/uploads\/2021\/09\/CELLUTRAK-Social-Thumb.png\",\"contentUrl\":\"https:\/\/www.cellutrak.ca\/wp-content\/uploads\/2021\/09\/CELLUTRAK-Social-Thumb.png\",\"width\":200,\"height\":200,\"caption\":\"Cellutrak\"},\"image\":{\"@id\":\"https:\/\/www.cellutrak.ca\/fr\/#\/schema\/logo\/image\/\"},\"sameAs\":[\"https:\/\/www.facebook.com\/cellutrakgpstracking\/\",\"https:\/\/www.linkedin.com\/company\/cellutrakgpstracking\/\",\"https:\/\/www.youtube.com\/@cellutrakgps\"]},{\"@type\":\"Person\",\"@id\":\"https:\/\/www.cellutrak.ca\/fr\/#\/schema\/person\/6a4968ea163bb36605208b8732a6bb1f\",\"name\":\"ctrakadmin\",\"image\":{\"@type\":\"ImageObject\",\"inLanguage\":\"fr-FR\",\"@id\":\"https:\/\/www.cellutrak.ca\/fr\/#\/schema\/person\/image\/\",\"url\":\"https:\/\/secure.gravatar.com\/avatar\/692f9d8b87ba75bfaa698dd2283f6228?s=96&d=mm&r=g\",\"contentUrl\":\"https:\/\/secure.gravatar.com\/avatar\/692f9d8b87ba75bfaa698dd2283f6228?s=96&d=mm&r=g\",\"caption\":\"ctrakadmin\"},\"sameAs\":[\"http:\/\/www.cellutrak.ca\"]}]}<\/script>\n<!-- \/ Yoast SEO Premium plugin. -->","yoast_head_json":{"title":"Outil de recherche de solution | Cellutrak","description":"Trouvez la solution qui vous convient! Notre outil de recherche de solution en ligne gratuit vous permet de s\u00e9lectionner la solution de suivi GPS faite pour vous.","robots":{"index":"index","follow":"follow","max-snippet":"max-snippet:-1","max-image-preview":"max-image-preview:large","max-video-preview":"max-video-preview:-1"},"canonical":"https:\/\/www.cellutrak.ca\/fr\/gps-solution-finder\/","og_locale":"fr_FR","og_type":"article","og_title":"Outil de recherche de solution","og_description":"Trouvez la solution qui vous convient! Notre outil de recherche de solution en ligne gratuit vous permet de s\u00e9lectionner la solution de suivi GPS faite pour vous.","og_url":"https:\/\/www.cellutrak.ca\/fr\/gps-solution-finder\/","og_site_name":"Cellutrak","article_publisher":"https:\/\/www.facebook.com\/cellutrakgpstracking\/","article_modified_time":"2023-01-10T04:59:08+00:00","og_image":[{"width":1200,"height":630,"url":"https:\/\/www.cellutrak.ca\/wp-content\/uploads\/2022\/12\/PR-LinkPreview-.jpg","type":"image\/jpeg"}],"twitter_card":"summary_large_image","twitter_misc":{"Dur\u00e9e de lecture estim\u00e9e":"1 minute"},"schema":{"@context":"https:\/\/schema.org","@graph":[{"@type":"Article","@id":"https:\/\/www.cellutrak.ca\/fr\/gps-solution-finder\/#article","isPartOf":{"@id":"https:\/\/www.cellutrak.ca\/fr\/gps-solution-finder\/"},"author":{"name":"ctrakadmin","@id":"https:\/\/www.cellutrak.ca\/fr\/#\/schema\/person\/6a4968ea163bb36605208b8732a6bb1f"},"headline":"Outil de recherche de solution","datePublished":"2020-10-20T00:32:39+00:00","dateModified":"2023-01-10T04:59:08+00:00","mainEntityOfPage":{"@id":"https:\/\/www.cellutrak.ca\/fr\/gps-solution-finder\/"},"wordCount":197,"publisher":{"@id":"https:\/\/www.cellutrak.ca\/fr\/#organization"},"inLanguage":"fr-FR"},{"@type":"WebPage","@id":"https:\/\/www.cellutrak.ca\/fr\/gps-solution-finder\/","url":"https:\/\/www.cellutrak.ca\/fr\/gps-solution-finder\/","name":"Outil de recherche de solution | Cellutrak","isPartOf":{"@id":"https:\/\/www.cellutrak.ca\/fr\/#website"},"datePublished":"2020-10-20T00:32:39+00:00","dateModified":"2023-01-10T04:59:08+00:00","description":"Trouvez la solution qui vous convient! Notre outil de recherche de solution en ligne gratuit vous permet de s\u00e9lectionner la solution de suivi GPS faite pour vous.","breadcrumb":{"@id":"https:\/\/www.cellutrak.ca\/fr\/gps-solution-finder\/#breadcrumb"},"inLanguage":"fr-FR","potentialAction":[{"@type":"ReadAction","target":["https:\/\/www.cellutrak.ca\/fr\/gps-solution-finder\/"]}]},{"@type":"BreadcrumbList","@id":"https:\/\/www.cellutrak.ca\/fr\/gps-solution-finder\/#breadcrumb","itemListElement":[{"@type":"ListItem","position":1,"name":"Home","item":"https:\/\/www.cellutrak.ca\/fr\/"},{"@type":"ListItem","position":2,"name":"Outil de recherche de solution"}]},{"@type":"WebSite","@id":"https:\/\/www.cellutrak.ca\/fr\/#website","url":"https:\/\/www.cellutrak.ca\/fr\/","name":"Cellutrak","description":"","publisher":{"@id":"https:\/\/www.cellutrak.ca\/fr\/#organization"},"potentialAction":[{"@type":"SearchAction","target":{"@type":"EntryPoint","urlTemplate":"https:\/\/www.cellutrak.ca\/fr\/?s={search_term_string}"},"query-input":{"@type":"PropertyValueSpecification","valueRequired":true,"valueName":"search_term_string"}}],"inLanguage":"fr-FR"},{"@type":"Organization","@id":"https:\/\/www.cellutrak.ca\/fr\/#organization","name":"Cellutrak","url":"https:\/\/www.cellutrak.ca\/fr\/","logo":{"@type":"ImageObject","inLanguage":"fr-FR","@id":"https:\/\/www.cellutrak.ca\/fr\/#\/schema\/logo\/image\/","url":"https:\/\/www.cellutrak.ca\/wp-content\/uploads\/2021\/09\/CELLUTRAK-Social-Thumb.png","contentUrl":"https:\/\/www.cellutrak.ca\/wp-content\/uploads\/2021\/09\/CELLUTRAK-Social-Thumb.png","width":200,"height":200,"caption":"Cellutrak"},"image":{"@id":"https:\/\/www.cellutrak.ca\/fr\/#\/schema\/logo\/image\/"},"sameAs":["https:\/\/www.facebook.com\/cellutrakgpstracking\/","https:\/\/www.linkedin.com\/company\/cellutrakgpstracking\/","https:\/\/www.youtube.com\/@cellutrakgps"]},{"@type":"Person","@id":"https:\/\/www.cellutrak.ca\/fr\/#\/schema\/person\/6a4968ea163bb36605208b8732a6bb1f","name":"ctrakadmin","image":{"@type":"ImageObject","inLanguage":"fr-FR","@id":"https:\/\/www.cellutrak.ca\/fr\/#\/schema\/person\/image\/","url":"https:\/\/secure.gravatar.com\/avatar\/692f9d8b87ba75bfaa698dd2283f6228?s=96&d=mm&r=g","contentUrl":"https:\/\/secure.gravatar.com\/avatar\/692f9d8b87ba75bfaa698dd2283f6228?s=96&d=mm&r=g","caption":"ctrakadmin"},"sameAs":["http:\/\/www.cellutrak.ca"]}]}},"_links":{"self":[{"href":"https:\/\/www.cellutrak.ca\/fr\/wp-json\/wp\/v2\/pages\/1460","targetHints":{"allow":["GET"]}}],"collection":[{"href":"https:\/\/www.cellutrak.ca\/fr\/wp-json\/wp\/v2\/pages"}],"about":[{"href":"https:\/\/www.cellutrak.ca\/fr\/wp-json\/wp\/v2\/types\/page"}],"author":[{"embeddable":true,"href":"https:\/\/www.cellutrak.ca\/fr\/wp-json\/wp\/v2\/users\/1"}],"replies":[{"embeddable":true,"href":"https:\/\/www.cellutrak.ca\/fr\/wp-json\/wp\/v2\/comments?post=1460"}],"version-history":[{"count":0,"href":"https:\/\/www.cellutrak.ca\/fr\/wp-json\/wp\/v2\/pages\/1460\/revisions"}],"wp:attachment":[{"href":"https:\/\/www.cellutrak.ca\/fr\/wp-json\/wp\/v2\/media?parent=1460"}],"curies":[{"name":"wp","href":"https:\/\/api.w.org\/{rel}","templated":true}]}}