{"id":17522,"date":"2023-04-13T08:18:18","date_gmt":"2023-04-13T08:18:18","guid":{"rendered":"https:\/\/www.cellutrak.ca\/?page_id=17522"},"modified":"2025-06-09T16:51:34","modified_gmt":"2025-06-09T16:51:34","slug":"testimonials","status":"publish","type":"page","link":"https:\/\/www.cellutrak.ca\/fr\/testimonials\/","title":{"rendered":"Testimonials"},"content":{"rendered":"<div class=\"wpb-content-wrapper\"><p>[vc_row css_animation=\u00a0\u00bb\u00a0\u00bb row_type=\u00a0\u00bbrow\u00a0\u00bb use_row_as_full_screen_section=\u00a0\u00bbno\u00a0\u00bb type=\u00a0\u00bbgrid\u00a0\u00bb angled_section=\u00a0\u00bbno\u00a0\u00bb text_align=\u00a0\u00bbleft\u00a0\u00bb background_image_as_pattern=\u00a0\u00bbwithout_pattern\u00a0\u00bb css=\u00a0\u00bb.vc_custom_1616041112751{padding-top: 100px !important;padding-bottom: 100px !important;background-image: url(http:\/\/cellutrak.ca\/wp-content\/uploads\/2020\/09\/Company_Banner.jpg?id=297) !important;background-position: center !important;background-repeat: no-repeat !important;background-size: cover !important;}\u00a0\u00bb z_index=\u00a0\u00bb\u00a0\u00bb el_class=\u00a0\u00bbpage-banner news-banner\u00a0\u00bb][vc_column][vc_column_text]<\/p>\n<h1>T\u00e9moignages<\/h1>\n<p>Prenez connaissance des derni\u00e8res<br \/>\nnouvelles, des mises \u00e0 jour de produits<br \/>\net des histoires \u00e0 succ\u00e8s[\/vc_column_text][vc_empty_space height=\u00a0\u00bb30px\u00a0\u00bb][vc_column_text el_class=\u00a0\u00bbnews-social\u00a0\u00bb]<\/p>\n<ul>\n<li><a class=\"button-1 news\" href=\"https:\/\/www.facebook.com\/cellutrakgpstracking\" target=\"_blank\" rel=\"noopener noreferrer\"><i class=\"fa fa-facebook\">\u00a0<\/i><\/a><\/li>\n<li><a class=\"button-1 news\" href=\"https:\/\/www.linkedin.com\/company\/cellutrakgpstracking\" target=\"_blank\" rel=\"noopener noreferrer\"><i class=\"fa fa-linkedin\">\u00a0<\/i><\/a><\/li>\n<li><a class=\"button-1 news\" href=\"https:\/\/www.instagram.com\/cellutrakgpstracking\/\" target=\"_blank\" rel=\"noopener noreferrer\"><i class=\"fa fa-instagram\">\u00a0<\/i><\/a><\/li>\n<\/ul>\n<p>[\/vc_column_text][\/vc_column][\/vc_row][vc_row css_animation=\u00a0\u00bb\u00a0\u00bb row_type=\u00a0\u00bbrow\u00a0\u00bb use_row_as_full_screen_section=\u00a0\u00bbno\u00a0\u00bb type=\u00a0\u00bbgrid\u00a0\u00bb angled_section=\u00a0\u00bbno\u00a0\u00bb text_align=\u00a0\u00bbleft\u00a0\u00bb background_image_as_pattern=\u00a0\u00bbwithout_pattern\u00a0\u00bb el_id=\u00a0\u00bbnews-list-testi\u00a0\u00bb el_class=\u00a0\u00bbnews-list\u00a0\u00bb z_index=\u00a0\u00bb\u00a0\u00bb padding_top=\u00a0\u00bb80&Prime; padding_bottom=\u00a0\u00bb80&Prime;][vc_column][vc_column_text]<div class=\"pt-cv-wrapper\"><div class=\"pt-cv-view pt-cv-grid pt-cv-colsys pt-cv-pgregular\" id=\"pt-cv-view-3e903bakcz\"><div data-id=\"pt-cv-page-1\" class=\"pt-cv-page\" data-cvc=\"1\"><div class=\"col-md-12 col-sm-12 col-xs-12 pt-cv-content-item pt-cv-2-col\"  data-pid=\"17565\"><div class='pt-cv-ifield'><div class=\"pt-cv-meta-fields\"><span class=\"terms\"> <a href='https:\/\/www.cellutrak.ca\/fr\/category\/testimonials-fr\/' title='Testimonials' class='pt-cv-tax-testimonials-fr'>Testimonials<\/a><\/span><\/div>\n<h2 class=\"pt-cv-title\"><a href=\"https:\/\/www.cellutrak.ca\/fr\/un-des-meilleurs-systemes-sur-le-marche-entrevue-de-cellutrak-avec-le-vice-president-et-la-directrice-commerciale-daubin-st-pierre-inc\/\" class=\"_self cvplbd\" target=\"_self\" >\u00abUn des meilleurs syst\u00e8mes sur le march\u00e9\u00bb : Entrevue de Cellutrak avec le vice-pr\u00e9sident et la directrice commerciale d\u2019Aubin &#038; St-Pierre Inc.<\/a><\/h2>\n<div class=\"pt-cv-content\">Cellutrak s\u2019est entretenu avec Pierre Rath\u00e9, vice-pr\u00e9sident, et Diane Gagnon, directrice commerciale, d\u2019Aubin\u00a0&amp;\u00a0St-Pierre Inc., l\u2019un des concessionnaires officiels Kubota du Qu\u00e9bec, qui utilise les solutions de suivi GPS de Cellutrak depuis 2018.\u00a0 [vc_video link='https:\/\/youtu.be\/YZV2wnsWMnk'] Cellutrak et Aubin\u00a0&amp;\u00a0St-Pierre Aubin\u00a0&amp;\u00a0St-Pierre Inc. a commenc\u00e9 \u00e0 utiliser les solutions de suivi GPS de Cellutrak ...<br \/><div class=\"pt-cv-rmwrap\"><a href=\"https:\/\/www.cellutrak.ca\/fr\/un-des-meilleurs-systemes-sur-le-marche-entrevue-de-cellutrak-avec-le-vice-president-et-la-directrice-commerciale-daubin-st-pierre-inc\/\" class=\"_self pt-cv-readmore btn btn-success cvplbd\" target=\"_self\">En savoir plus <i class=\"fa fa-angle-right\"><\/i><\/a><\/div><\/div><\/div><\/div><\/div><\/div><\/div>\t\t\t<style type=\"text\/css\" id=\"pt-cv-inline-style-015c94be9w\">#pt-cv-view-3e903bakcz.pt-cv-post-border { margin: 0; border-top-width: 1px; border-left-width: 1px }\n#pt-cv-view-3e903bakcz.pt-cv-post-border { margin: 0; border-top-style: solid; border-left-style: solid }\n#pt-cv-view-3e903bakcz.pt-cv-post-border .pt-cv-content-item   { border-right-width: 1px; border-bottom-width: 1px; border-right-style: solid; border-bottom-style: solid; }\n#pt-cv-view-3e903bakcz .pt-cv-title a, #pt-cv-view-3e903bakcz  .panel-title { font-weight: 600 !important; }\n#pt-cv-view-3e903bakcz  .pt-cv-hover-wrapper::before   { background-color: rgba(0,0,0,.3) !important; }\n#pt-cv-view-3e903bakcz  .pt-cv-content-item:hover .pt-cv-hover-wrapper::before   { background-color: rgba(51,51,51,.6) !important; }\n#pt-cv-view-3e903bakcz:not(.pt-cv-nohover) .pt-cv-mask *   { color: #fff; }\n#pt-cv-view-3e903bakcz .pt-cv-carousel-caption  { background-color: rgba(51,51,51,.6) !important; }\n#pt-cv-view-3e903bakcz .pt-cv-specialp { background-color: #CC3333 !important }\n#pt-cv-view-3e903bakcz .pt-cv-specialp * { color: #fff !important; }\n#pt-cv-view-3e903bakcz .pt-cv-pficon  { color: #bbb !important; }\n#pt-cv-view-3e903bakcz  .add_to_cart_button, #pt-cv-view-3e903bakcz  .add_to_cart_button *   { color: #ffffff !important; background-color: #00aeef !important; }\n#pt-cv-view-3e903bakcz  .woocommerce-onsale   { color: #ffffff !important; background-color: #ff5a5f !important; }\n[id^='pt-cv-filter-bar-3e903bakcz'] .active.pt-cv-filter-option, [id^='pt-cv-filter-bar-3e903bakcz'] .active .pt-cv-filter-option, [id^='pt-cv-filter-bar-3e903bakcz'] .selected.pt-cv-filter-option, [id^='pt-cv-filter-bar-3e903bakcz'] .dropdown-toggle   { color: #fff !important; background-color: #00aeef !important; }\n[id^='pt-cv-filter-bar-3e903bakcz'] .pt-cv-filter-title   { color: #fff !important; background-color: #00aeef !important; }\n#pt-cv-gls-3e903bakcz li a.pt-active   { color: #fff !important; background-color: #ff5a5f !important; }\n#pt-cv-view-3e903bakcz .pt-cv-gls-header  { color: #fff !important; background-color: #00aeef !important; }<\/style>\r\n\t\t\t[\/vc_column_text][\/vc_column][\/vc_row][vc_row css_animation=\u00a0\u00bb\u00a0\u00bb row_type=\u00a0\u00bbrow\u00a0\u00bb use_row_as_full_screen_section=\u00a0\u00bbno\u00a0\u00bb type=\u00a0\u00bbfull_width\u00a0\u00bb angled_section=\u00a0\u00bbno\u00a0\u00bb text_align=\u00a0\u00bbleft\u00a0\u00bb background_image_as_pattern=\u00a0\u00bbwithout_pattern\u00a0\u00bb][vc_column]<div class=\"wpb-content-wrapper\"><p>[vc_row css_animation=\u00a0\u00bb\u00a0\u00bb row_type=\u00a0\u00bbrow\u00a0\u00bb use_row_as_full_screen_section=\u00a0\u00bbno\u00a0\u00bb type=\u00a0\u00bbgrid\u00a0\u00bb angled_section=\u00a0\u00bbno\u00a0\u00bb text_align=\u00a0\u00bbleft\u00a0\u00bb background_image_as_pattern=\u00a0\u00bbwithout_pattern\u00a0\u00bb el_class=\u00a0\u00bbfind-right-solution\u00a0\u00bb z_index=\u00a0\u00bb\u00a0\u00bb padding_top=\u00a0\u00bb120&Prime; padding_bottom=\u00a0\u00bb120&Prime;][vc_column width=\u00a0\u00bb1\/12&Prime;][\/vc_column][vc_column width=\u00a0\u00bb5\/6&Prime;][vc_column_text el_class=\u00a0\u00bbdark-bg\u00a0\u00bb]<\/p>\n<h2 style=\"text-align: center;\">Pr\u00eat \u00e0 chercher la solution ad\u00e9quate?<\/h2>\n<h3 style=\"text-align: center;\">Utilisez notre <a href=\"http:\/\/cellutrak.ca\/fr\/solution-finder\/\">outil en ligne de recherche de solutions<\/a> ou appelez-nous au <a href=\"tel:1-888-901-8725\">1-888-901-8725<\/a> pour discuter de vos besoins. Vous pouvez \u00e9galement <a href=\"http:\/\/cellutrak.ca\/fr\/request-live-demo\/\">planifier une d\u00e9monstration<\/a> en direct gratuite pour voir nos solutions de suivi GPS \u00e0 l\u2019\u0153uvre.<\/h3>\n<p>[\/vc_column_text][vc_empty_space height=\u00a0\u00bb40px\u00a0\u00bb][vc_raw_html]JTNDdWwlMjBjbGFzcyUzRCUyMnNzLWJ1dHRvbnMlMjIlM0UlMEElM0NsaSUzRSUzQ2ElMjBocmVmJTNEJTIyJTJGZnIlMkZzb2x1dGlvbi1maW5kZXIlMkYlMjIlMjBjbGFzcyUzRCUyMmN1c3RvbS1idXR0b24lMjBibGFjay1idXR0b24lMjIlM0VUUk9VVkVSJTIwVU5FJTIwU09MVVRJT04lM0MlMkZhJTNFJTNDJTJGbGklM0UlMEElM0NsaSUzRSUzQ2ElMjBocmVmJTNEJTIyJTJGZnIlMkZyZXF1ZXN0LWxpdmUtZGVtbyUyRiUyMiUyMGNsYXNzJTNEJTIyY3VzdG9tLWJ1dHRvbiUyMHRyYW5zcGFyZW50LWJ1dHRvbiUyMiUzRURFTUFOREUlMjBEJUMzJTg5TU8lM0NpJTIwY2xhc3MlM0QlMjJmYSUyMGZhLWFuZ2xlLXJpZ2h0JTIyJTNFJTNDJTJGaSUzRSUzQyUyRmElM0UlM0MlMkZsaSUzRSUwQSUzQyUyRnVsJTNF[\/vc_raw_html][\/vc_column][vc_column width=\u00a0\u00bb1\/12&Prime;][\/vc_column][\/vc_row]<\/p>\n<\/div>[\/vc_column][\/vc_row]<\/p>\n<\/div>","protected":false},"excerpt":{"rendered":"T\u00e9moignages Prenez connaissance des derni\u00e8res nouvelles, des mises \u00e0 jour de produits et des histoires \u00e0 succ\u00e8s \u00a0 \u00a0 \u00a0 Testimonials \u00abUn des meilleurs syst\u00e8mes sur le march\u00e9\u00bb : Entrevue de Cellutrak avec le vice-pr\u00e9sident et la directrice commerciale d\u2019Aubin &#038; St-Pierre Inc. Cellutrak s\u2019est...","protected":false},"author":1,"featured_media":0,"parent":0,"menu_order":0,"comment_status":"closed","ping_status":"closed","template":"full_width.php","meta":{"_acf_changed":false,"footnotes":""},"class_list":["post-17522","page","type-page","status-publish","hentry"],"acf":[],"yoast_head":"<!-- This site is optimized with the Yoast SEO Premium plugin v21.3 (Yoast SEO v26.4) - https:\/\/yoast.com\/wordpress\/plugins\/seo\/ -->\n<title>T\u00e9moignages | Cellutrak<\/title>\n<meta name=\"description\" content=\"Lisez les t\u00e9moignages de clients satisfaits de Cellutrak. D\u00e9couvrez comment notre technologie a aid\u00e9 \u00e0 pr\u00e9venir le vol et \u00e0 prot\u00e9ger leurs v\u00e9hicules.\" \/>\n<meta name=\"robots\" content=\"index, follow, max-snippet:-1, max-image-preview:large, max-video-preview:-1\" \/>\n<link rel=\"canonical\" href=\"https:\/\/www.cellutrak.ca\/fr\/testimonials\/\" \/>\n<meta property=\"og:locale\" content=\"fr_FR\" \/>\n<meta property=\"og:type\" content=\"article\" \/>\n<meta property=\"og:title\" content=\"Testimonials\" \/>\n<meta property=\"og:description\" content=\"Lisez les t\u00e9moignages de clients satisfaits de Cellutrak. D\u00e9couvrez comment notre technologie a aid\u00e9 \u00e0 pr\u00e9venir le vol et \u00e0 prot\u00e9ger leurs v\u00e9hicules.\" \/>\n<meta property=\"og:url\" content=\"https:\/\/www.cellutrak.ca\/fr\/testimonials\/\" \/>\n<meta property=\"og:site_name\" content=\"Cellutrak\" \/>\n<meta property=\"article:publisher\" content=\"https:\/\/www.facebook.com\/cellutrakgpstracking\/\" \/>\n<meta property=\"article:modified_time\" content=\"2025-06-09T16:51:34+00:00\" \/>\n<meta property=\"og:image\" content=\"https:\/\/www.cellutrak.ca\/wp-content\/uploads\/2022\/12\/PR-LinkPreview-.jpg\" \/>\n\t<meta property=\"og:image:width\" content=\"1200\" \/>\n\t<meta property=\"og:image:height\" content=\"630\" \/>\n\t<meta property=\"og:image:type\" content=\"image\/jpeg\" \/>\n<meta name=\"twitter:card\" content=\"summary_large_image\" \/>\n<meta name=\"twitter:label1\" content=\"Dur\u00e9e de lecture estim\u00e9e\" \/>\n\t<meta name=\"twitter:data1\" content=\"1 minute\" \/>\n<script type=\"application\/ld+json\" class=\"yoast-schema-graph\">{\"@context\":\"https:\/\/schema.org\",\"@graph\":[{\"@type\":\"Article\",\"@id\":\"https:\/\/www.cellutrak.ca\/fr\/testimonials\/#article\",\"isPartOf\":{\"@id\":\"https:\/\/www.cellutrak.ca\/fr\/testimonials\/\"},\"author\":{\"name\":\"ctrakadmin\",\"@id\":\"https:\/\/www.cellutrak.ca\/fr\/#\/schema\/person\/198b4457551aa1b764c76da609433b07\"},\"headline\":\"Testimonials\",\"datePublished\":\"2023-04-13T08:18:18+00:00\",\"dateModified\":\"2025-06-09T16:51:34+00:00\",\"mainEntityOfPage\":{\"@id\":\"https:\/\/www.cellutrak.ca\/fr\/testimonials\/\"},\"wordCount\":203,\"publisher\":{\"@id\":\"https:\/\/www.cellutrak.ca\/fr\/#organization\"},\"inLanguage\":\"fr-FR\"},{\"@type\":\"WebPage\",\"@id\":\"https:\/\/www.cellutrak.ca\/fr\/testimonials\/\",\"url\":\"https:\/\/www.cellutrak.ca\/fr\/testimonials\/\",\"name\":\"T\u00e9moignages | Cellutrak\",\"isPartOf\":{\"@id\":\"https:\/\/www.cellutrak.ca\/fr\/#website\"},\"datePublished\":\"2023-04-13T08:18:18+00:00\",\"dateModified\":\"2025-06-09T16:51:34+00:00\",\"description\":\"Lisez les t\u00e9moignages de clients satisfaits de Cellutrak. D\u00e9couvrez comment notre technologie a aid\u00e9 \u00e0 pr\u00e9venir le vol et \u00e0 prot\u00e9ger leurs v\u00e9hicules.\",\"breadcrumb\":{\"@id\":\"https:\/\/www.cellutrak.ca\/fr\/testimonials\/#breadcrumb\"},\"inLanguage\":\"fr-FR\",\"potentialAction\":[{\"@type\":\"ReadAction\",\"target\":[\"https:\/\/www.cellutrak.ca\/fr\/testimonials\/\"]}]},{\"@type\":\"BreadcrumbList\",\"@id\":\"https:\/\/www.cellutrak.ca\/fr\/testimonials\/#breadcrumb\",\"itemListElement\":[{\"@type\":\"ListItem\",\"position\":1,\"name\":\"Home\",\"item\":\"https:\/\/www.cellutrak.ca\/fr\/\"},{\"@type\":\"ListItem\",\"position\":2,\"name\":\"Testimonials\"}]},{\"@type\":\"WebSite\",\"@id\":\"https:\/\/www.cellutrak.ca\/fr\/#website\",\"url\":\"https:\/\/www.cellutrak.ca\/fr\/\",\"name\":\"Cellutrak\",\"description\":\"\",\"publisher\":{\"@id\":\"https:\/\/www.cellutrak.ca\/fr\/#organization\"},\"potentialAction\":[{\"@type\":\"SearchAction\",\"target\":{\"@type\":\"EntryPoint\",\"urlTemplate\":\"https:\/\/www.cellutrak.ca\/fr\/?s={search_term_string}\"},\"query-input\":{\"@type\":\"PropertyValueSpecification\",\"valueRequired\":true,\"valueName\":\"search_term_string\"}}],\"inLanguage\":\"fr-FR\"},{\"@type\":\"Organization\",\"@id\":\"https:\/\/www.cellutrak.ca\/fr\/#organization\",\"name\":\"Cellutrak\",\"url\":\"https:\/\/www.cellutrak.ca\/fr\/\",\"logo\":{\"@type\":\"ImageObject\",\"inLanguage\":\"fr-FR\",\"@id\":\"https:\/\/www.cellutrak.ca\/fr\/#\/schema\/logo\/image\/\",\"url\":\"https:\/\/www.cellutrak.ca\/wp-content\/uploads\/2021\/09\/CELLUTRAK-Social-Thumb.png\",\"contentUrl\":\"https:\/\/www.cellutrak.ca\/wp-content\/uploads\/2021\/09\/CELLUTRAK-Social-Thumb.png\",\"width\":200,\"height\":200,\"caption\":\"Cellutrak\"},\"image\":{\"@id\":\"https:\/\/www.cellutrak.ca\/fr\/#\/schema\/logo\/image\/\"},\"sameAs\":[\"https:\/\/www.facebook.com\/cellutrakgpstracking\/\",\"https:\/\/www.linkedin.com\/company\/cellutrakgpstracking\/\",\"https:\/\/www.youtube.com\/@cellutrakgps\"]},{\"@type\":\"Person\",\"@id\":\"https:\/\/www.cellutrak.ca\/fr\/#\/schema\/person\/198b4457551aa1b764c76da609433b07\",\"name\":\"ctrakadmin\",\"image\":{\"@type\":\"ImageObject\",\"inLanguage\":\"fr-FR\",\"@id\":\"https:\/\/www.cellutrak.ca\/fr\/#\/schema\/person\/image\/\",\"url\":\"https:\/\/secure.gravatar.com\/avatar\/692f9d8b87ba75bfaa698dd2283f6228?s=96&d=mm&r=g\",\"contentUrl\":\"https:\/\/secure.gravatar.com\/avatar\/692f9d8b87ba75bfaa698dd2283f6228?s=96&d=mm&r=g\",\"caption\":\"ctrakadmin\"},\"sameAs\":[\"http:\/\/www.cellutrak.ca\"]}]}<\/script>\n<!-- \/ Yoast SEO Premium plugin. -->","yoast_head_json":{"title":"T\u00e9moignages | Cellutrak","description":"Lisez les t\u00e9moignages de clients satisfaits de Cellutrak. D\u00e9couvrez comment notre technologie a aid\u00e9 \u00e0 pr\u00e9venir le vol et \u00e0 prot\u00e9ger leurs v\u00e9hicules.","robots":{"index":"index","follow":"follow","max-snippet":"max-snippet:-1","max-image-preview":"max-image-preview:large","max-video-preview":"max-video-preview:-1"},"canonical":"https:\/\/www.cellutrak.ca\/fr\/testimonials\/","og_locale":"fr_FR","og_type":"article","og_title":"Testimonials","og_description":"Lisez les t\u00e9moignages de clients satisfaits de Cellutrak. D\u00e9couvrez comment notre technologie a aid\u00e9 \u00e0 pr\u00e9venir le vol et \u00e0 prot\u00e9ger leurs v\u00e9hicules.","og_url":"https:\/\/www.cellutrak.ca\/fr\/testimonials\/","og_site_name":"Cellutrak","article_publisher":"https:\/\/www.facebook.com\/cellutrakgpstracking\/","article_modified_time":"2025-06-09T16:51:34+00:00","og_image":[{"width":1200,"height":630,"url":"https:\/\/www.cellutrak.ca\/wp-content\/uploads\/2022\/12\/PR-LinkPreview-.jpg","type":"image\/jpeg"}],"twitter_card":"summary_large_image","twitter_misc":{"Dur\u00e9e de lecture estim\u00e9e":"1 minute"},"schema":{"@context":"https:\/\/schema.org","@graph":[{"@type":"Article","@id":"https:\/\/www.cellutrak.ca\/fr\/testimonials\/#article","isPartOf":{"@id":"https:\/\/www.cellutrak.ca\/fr\/testimonials\/"},"author":{"name":"ctrakadmin","@id":"https:\/\/www.cellutrak.ca\/fr\/#\/schema\/person\/198b4457551aa1b764c76da609433b07"},"headline":"Testimonials","datePublished":"2023-04-13T08:18:18+00:00","dateModified":"2025-06-09T16:51:34+00:00","mainEntityOfPage":{"@id":"https:\/\/www.cellutrak.ca\/fr\/testimonials\/"},"wordCount":203,"publisher":{"@id":"https:\/\/www.cellutrak.ca\/fr\/#organization"},"inLanguage":"fr-FR"},{"@type":"WebPage","@id":"https:\/\/www.cellutrak.ca\/fr\/testimonials\/","url":"https:\/\/www.cellutrak.ca\/fr\/testimonials\/","name":"T\u00e9moignages | Cellutrak","isPartOf":{"@id":"https:\/\/www.cellutrak.ca\/fr\/#website"},"datePublished":"2023-04-13T08:18:18+00:00","dateModified":"2025-06-09T16:51:34+00:00","description":"Lisez les t\u00e9moignages de clients satisfaits de Cellutrak. D\u00e9couvrez comment notre technologie a aid\u00e9 \u00e0 pr\u00e9venir le vol et \u00e0 prot\u00e9ger leurs v\u00e9hicules.","breadcrumb":{"@id":"https:\/\/www.cellutrak.ca\/fr\/testimonials\/#breadcrumb"},"inLanguage":"fr-FR","potentialAction":[{"@type":"ReadAction","target":["https:\/\/www.cellutrak.ca\/fr\/testimonials\/"]}]},{"@type":"BreadcrumbList","@id":"https:\/\/www.cellutrak.ca\/fr\/testimonials\/#breadcrumb","itemListElement":[{"@type":"ListItem","position":1,"name":"Home","item":"https:\/\/www.cellutrak.ca\/fr\/"},{"@type":"ListItem","position":2,"name":"Testimonials"}]},{"@type":"WebSite","@id":"https:\/\/www.cellutrak.ca\/fr\/#website","url":"https:\/\/www.cellutrak.ca\/fr\/","name":"Cellutrak","description":"","publisher":{"@id":"https:\/\/www.cellutrak.ca\/fr\/#organization"},"potentialAction":[{"@type":"SearchAction","target":{"@type":"EntryPoint","urlTemplate":"https:\/\/www.cellutrak.ca\/fr\/?s={search_term_string}"},"query-input":{"@type":"PropertyValueSpecification","valueRequired":true,"valueName":"search_term_string"}}],"inLanguage":"fr-FR"},{"@type":"Organization","@id":"https:\/\/www.cellutrak.ca\/fr\/#organization","name":"Cellutrak","url":"https:\/\/www.cellutrak.ca\/fr\/","logo":{"@type":"ImageObject","inLanguage":"fr-FR","@id":"https:\/\/www.cellutrak.ca\/fr\/#\/schema\/logo\/image\/","url":"https:\/\/www.cellutrak.ca\/wp-content\/uploads\/2021\/09\/CELLUTRAK-Social-Thumb.png","contentUrl":"https:\/\/www.cellutrak.ca\/wp-content\/uploads\/2021\/09\/CELLUTRAK-Social-Thumb.png","width":200,"height":200,"caption":"Cellutrak"},"image":{"@id":"https:\/\/www.cellutrak.ca\/fr\/#\/schema\/logo\/image\/"},"sameAs":["https:\/\/www.facebook.com\/cellutrakgpstracking\/","https:\/\/www.linkedin.com\/company\/cellutrakgpstracking\/","https:\/\/www.youtube.com\/@cellutrakgps"]},{"@type":"Person","@id":"https:\/\/www.cellutrak.ca\/fr\/#\/schema\/person\/198b4457551aa1b764c76da609433b07","name":"ctrakadmin","image":{"@type":"ImageObject","inLanguage":"fr-FR","@id":"https:\/\/www.cellutrak.ca\/fr\/#\/schema\/person\/image\/","url":"https:\/\/secure.gravatar.com\/avatar\/692f9d8b87ba75bfaa698dd2283f6228?s=96&d=mm&r=g","contentUrl":"https:\/\/secure.gravatar.com\/avatar\/692f9d8b87ba75bfaa698dd2283f6228?s=96&d=mm&r=g","caption":"ctrakadmin"},"sameAs":["http:\/\/www.cellutrak.ca"]}]}},"_links":{"self":[{"href":"https:\/\/www.cellutrak.ca\/fr\/wp-json\/wp\/v2\/pages\/17522","targetHints":{"allow":["GET"]}}],"collection":[{"href":"https:\/\/www.cellutrak.ca\/fr\/wp-json\/wp\/v2\/pages"}],"about":[{"href":"https:\/\/www.cellutrak.ca\/fr\/wp-json\/wp\/v2\/types\/page"}],"author":[{"embeddable":true,"href":"https:\/\/www.cellutrak.ca\/fr\/wp-json\/wp\/v2\/users\/1"}],"replies":[{"embeddable":true,"href":"https:\/\/www.cellutrak.ca\/fr\/wp-json\/wp\/v2\/comments?post=17522"}],"version-history":[{"count":2,"href":"https:\/\/www.cellutrak.ca\/fr\/wp-json\/wp\/v2\/pages\/17522\/revisions"}],"predecessor-version":[{"id":19062,"href":"https:\/\/www.cellutrak.ca\/fr\/wp-json\/wp\/v2\/pages\/17522\/revisions\/19062"}],"wp:attachment":[{"href":"https:\/\/www.cellutrak.ca\/fr\/wp-json\/wp\/v2\/media?parent=17522"}],"curies":[{"name":"wp","href":"https:\/\/api.w.org\/{rel}","templated":true}]}}