{"id":1934,"date":"2020-11-16T04:48:12","date_gmt":"2020-11-16T04:48:12","guid":{"rendered":"https:\/\/www.cellutrak.ca\/?page_id=1934"},"modified":"2021-06-21T23:23:55","modified_gmt":"2021-06-21T23:23:55","slug":"car-rental","status":"publish","type":"page","link":"https:\/\/www.cellutrak.ca\/fr\/industry\/car-rental\/","title":{"rendered":"Car Rental"},"content":{"rendered":"<div class=\"wpb-content-wrapper\"><p>[vc_row css_animation=\u00a0\u00bb\u00a0\u00bb row_type=\u00a0\u00bbrow\u00a0\u00bb use_row_as_full_screen_section=\u00a0\u00bbno\u00a0\u00bb type=\u00a0\u00bbgrid\u00a0\u00bb angled_section=\u00a0\u00bbno\u00a0\u00bb text_align=\u00a0\u00bbleft\u00a0\u00bb background_image_as_pattern=\u00a0\u00bbwithout_pattern\u00a0\u00bb css=\u00a0\u00bb.vc_custom_1606970763709{padding-top: 100px !important;padding-bottom: 100px !important;background-image: url(http:\/\/cellutrak.ca\/wp-content\/uploads\/2020\/12\/Car-Rental.png?id=2727) !important;background-position: center !important;background-repeat: no-repeat !important;background-size: cover !important;}\u00a0\u00bb z_index=\u00a0\u00bb\u00a0\u00bb el_class=\u00a0\u00bbpage-banner\u00a0\u00bb][vc_column][vc_column_text]<\/p>\n<h1 class=\"h1\">Secteur de la location de voitures<\/h1>\n<p>Am\u00e9liorez \u00e0 distance votre<br \/>\nefficacit\u00e9 op\u00e9rationnelle et la<br \/>\ndisponibilit\u00e9 de vos v\u00e9hicules[\/vc_column_text][vc_empty_space height=\u00a0\u00bb30px\u00a0\u00bb][vc_column_text]<\/p>\n<ul>\n<li><a class=\"button-1\" href=\"http:\/\/cellutrak.ca\/solutions\/\">VOIR LES SOLUTIONS<\/a><\/li>\n<li><a class=\"button-2\" href=\"\/request-live-demo\/\">OBTENIR UNE D\u00c9MONSTRATION<i class=\"fa fa-angle-right\"><\/i><\/a><\/li>\n<\/ul>\n<p>[\/vc_column_text][\/vc_column][\/vc_row][vc_row css_animation=\u00a0\u00bb\u00a0\u00bb row_type=\u00a0\u00bbrow\u00a0\u00bb use_row_as_full_screen_section=\u00a0\u00bbno\u00a0\u00bb type=\u00a0\u00bbgrid\u00a0\u00bb angled_section=\u00a0\u00bbno\u00a0\u00bb text_align=\u00a0\u00bbleft\u00a0\u00bb background_image_as_pattern=\u00a0\u00bbwithout_pattern\u00a0\u00bb css=\u00a0\u00bb.vc_custom_1599993947356{padding-top: 80px !important;padding-bottom: 80px !important;background-color: #ffffff !important;}\u00a0\u00bb z_index=\u00a0\u00bb\u00a0\u00bb el_id=\u00a0\u00bbresources-diagram\u00a0\u00bb][vc_column width=\u00a0\u00bb1\/2&Prime;][vc_single_image image=\u00a0\u00bb1941&Prime; img_size=\u00a0\u00bbfull\u00a0\u00bb alignment=\u00a0\u00bbright\u00a0\u00bb qode_css_animation=\u00a0\u00bb\u00a0\u00bb][\/vc_column][vc_column width=\u00a0\u00bb1\/2&Prime;][vc_empty_space height=\u00a0\u00bb50px\u00a0\u00bb][vc_column_text el_class=\u00a0\u00bbtext-size-inherit\u00a0\u00bb]<\/p>\n<h2>Solution tout-en-un pour tous les types de v\u00e9hicules<\/h2>\n<p>[\/vc_column_text][vc_empty_space height=\u00a0\u00bb30px\u00a0\u00bb][vc_column_text el_class=\u00a0\u00bbtext-size-inherit\u00a0\u00bb]Am\u00e9liorez votre efficacit\u00e9 op\u00e9rationnelle et la disponibilit\u00e9 de vos v\u00e9hicules gr\u00e2ce \u00e0 une technologie multicouche sp\u00e9cialis\u00e9e con\u00e7ue pour la location de voitures. La solution tout-en-un de Cellutrak convient \u00e0 tous les types de voitures et de camions.[\/vc_column_text][\/vc_column][\/vc_row][vc_row css_animation=\u00a0\u00bb\u00a0\u00bb row_type=\u00a0\u00bbrow\u00a0\u00bb use_row_as_full_screen_section=\u00a0\u00bbno\u00a0\u00bb type=\u00a0\u00bbgrid\u00a0\u00bb angled_section=\u00a0\u00bbno\u00a0\u00bb text_align=\u00a0\u00bbleft\u00a0\u00bb background_image_as_pattern=\u00a0\u00bbwithout_pattern\u00a0\u00bb css=\u00a0\u00bb.vc_custom_1602463907388{padding-top: 80px !important;padding-bottom: 80px !important;background-color: #f6f6f6 !important;}\u00a0\u00bb z_index=\u00a0\u00bb\u00a0\u00bb el_id=\u00a0\u00bbcore-features\u00a0\u00bb][vc_column][vc_column_text]<\/p>\n<h2 style=\"text-align: center;\">Nos solutions<\/h2>\n<h3 style=\"text-align: center;\">Nous offrons des solutions de suivi GPS destin\u00e9es au secteur de la location de voitures.<\/h3>\n<p>[\/vc_column_text][vc_empty_space height=\u00a0\u00bb60px\u00a0\u00bb][vc_row_inner row_type=\u00a0\u00bbrow\u00a0\u00bb type=\u00a0\u00bbfull_width\u00a0\u00bb text_align=\u00a0\u00bbleft\u00a0\u00bb css_animation=\u00a0\u00bb\u00a0\u00bb][vc_column_inner width=\u00a0\u00bb1\/2&Prime;][vc_single_image image=\u00a0\u00bb1939&Prime; img_size=\u00a0\u00bbfull\u00a0\u00bb alignment=\u00a0\u00bbright\u00a0\u00bb qode_css_animation=\u00a0\u00bb\u00a0\u00bb][vc_empty_space height=\u00a0\u00bb20px\u00a0\u00bb el_class=\u00a0\u00bbmax-width-768&Prime;][\/vc_column_inner][vc_column_inner width=\u00a0\u00bb1\/3&Prime;][vc_empty_space height=\u00a0\u00bb50px\u00a0\u00bb el_class=\u00a0\u00bbmin-width-769&Prime;][vc_column_text]<\/p>\n<h4>Contr\u00f4le des stocks<\/h4>\n<p>[\/vc_column_text][vc_empty_space height=\u00a0\u00bb20px\u00a0\u00bb][vc_column_text]Optimisez votre flotte \u00e0 l\u2019aide de renseignements en temps r\u00e9el gr\u00e2ce \u00e0 un logiciel Internet ou \u00e0 une application mobile gratuite.[\/vc_column_text][\/vc_column_inner][\/vc_row_inner][vc_empty_space height=\u00a0\u00bb50px\u00a0\u00bb][vc_row_inner row_type=\u00a0\u00bbrow\u00a0\u00bb type=\u00a0\u00bbfull_width\u00a0\u00bb text_align=\u00a0\u00bbleft\u00a0\u00bb css_animation=\u00a0\u00bb\u00a0\u00bb][vc_column_inner width=\u00a0\u00bb1\/6&Prime;][\/vc_column_inner][vc_column_inner width=\u00a0\u00bb1\/3&Prime;][vc_single_image image=\u00a0\u00bb1963&Prime; img_size=\u00a0\u00bbfull\u00a0\u00bb qode_css_animation=\u00a0\u00bb\u00a0\u00bb el_class=\u00a0\u00bbmax-width-768&Prime;][vc_empty_space height=\u00a0\u00bb20px\u00a0\u00bb el_class=\u00a0\u00bbmax-width-768&Prime;][vc_empty_space height=\u00a0\u00bb50px\u00a0\u00bb el_class=\u00a0\u00bbmin-width-769&Prime;][vc_column_text]<\/p>\n<h4>Alertes automatiques<\/h4>\n<p>[\/vc_column_text][vc_empty_space height=\u00a0\u00bb20px\u00a0\u00bb][vc_column_text]Recevez des alertes concernant les mouvements de vos remorques, comme l\u2019arriv\u00e9e et les d\u00e9parts de zones d\u00e9sign\u00e9es ou le remorquage, des alertes de batterie faible, etc. Faites en sorte que votre flotte respecte son itin\u00e9raire et son horaire.[\/vc_column_text][\/vc_column_inner][vc_column_inner width=\u00a0\u00bb1\/2&Prime;][vc_single_image image=\u00a0\u00bb1963&Prime; img_size=\u00a0\u00bbfull\u00a0\u00bb qode_css_animation=\u00a0\u00bb\u00a0\u00bb el_class=\u00a0\u00bbmin-width-769&Prime;][\/vc_column_inner][\/vc_row_inner][vc_empty_space height=\u00a0\u00bb50px\u00a0\u00bb][vc_row_inner row_type=\u00a0\u00bbrow\u00a0\u00bb type=\u00a0\u00bbfull_width\u00a0\u00bb text_align=\u00a0\u00bbleft\u00a0\u00bb css_animation=\u00a0\u00bb\u00a0\u00bb][vc_column_inner width=\u00a0\u00bb1\/2&Prime;][vc_single_image image=\u00a0\u00bb1943&Prime; img_size=\u00a0\u00bbfull\u00a0\u00bb alignment=\u00a0\u00bbright\u00a0\u00bb qode_css_animation=\u00a0\u00bb\u00a0\u00bb][\/vc_column_inner][vc_column_inner width=\u00a0\u00bb1\/3&Prime;][vc_empty_space height=\u00a0\u00bb50px\u00a0\u00bb el_class=\u00a0\u00bbmin-width-769&Prime;][vc_empty_space height=\u00a0\u00bb20px\u00a0\u00bb el_class=\u00a0\u00bbmax-width-768&Prime;][vc_column_text]<\/p>\n<h4>Protection des biens<\/h4>\n<p>[\/vc_column_text][vc_empty_space height=\u00a0\u00bb20px\u00a0\u00bb][vc_column_text]Att\u00e9nuez les risques avec l\u2019outil de d\u00e9sactivation \u00e0 distance du moteur et les alertes de Cellutrak.[\/vc_column_text][\/vc_column_inner][\/vc_row_inner][\/vc_column][\/vc_row][vc_row css_animation=\u00a0\u00bb\u00a0\u00bb row_type=\u00a0\u00bbrow\u00a0\u00bb use_row_as_full_screen_section=\u00a0\u00bbno\u00a0\u00bb type=\u00a0\u00bbfull_width\u00a0\u00bb angled_section=\u00a0\u00bbno\u00a0\u00bb text_align=\u00a0\u00bbleft\u00a0\u00bb background_image_as_pattern=\u00a0\u00bbwithout_pattern\u00a0\u00bb][vc_column]<div class=\"wpb-content-wrapper\"><p>[vc_row css_animation=\u00a0\u00bb\u00a0\u00bb row_type=\u00a0\u00bbrow\u00a0\u00bb use_row_as_full_screen_section=\u00a0\u00bbno\u00a0\u00bb type=\u00a0\u00bbgrid\u00a0\u00bb angled_section=\u00a0\u00bbno\u00a0\u00bb text_align=\u00a0\u00bbleft\u00a0\u00bb background_image_as_pattern=\u00a0\u00bbwithout_pattern\u00a0\u00bb el_class=\u00a0\u00bbfind-right-solution\u00a0\u00bb z_index=\u00a0\u00bb\u00a0\u00bb padding_top=\u00a0\u00bb120&Prime; padding_bottom=\u00a0\u00bb120&Prime;][vc_column width=\u00a0\u00bb1\/12&Prime;][\/vc_column][vc_column width=\u00a0\u00bb5\/6&Prime;][vc_column_text el_class=\u00a0\u00bbdark-bg\u00a0\u00bb]<\/p>\n<h2 style=\"text-align: center;\">Pr\u00eat \u00e0 chercher la solution ad\u00e9quate?<\/h2>\n<h3 style=\"text-align: center;\">Utilisez notre <a href=\"http:\/\/cellutrak.ca\/fr\/solution-finder\/\">outil en ligne de recherche de solutions<\/a> ou appelez-nous au <a href=\"tel:1-888-901-8725\">1-888-901-8725<\/a> pour discuter de vos besoins. Vous pouvez \u00e9galement <a href=\"http:\/\/cellutrak.ca\/fr\/request-live-demo\/\">planifier une d\u00e9monstration<\/a> en direct gratuite pour voir nos solutions de suivi GPS \u00e0 l\u2019\u0153uvre.<\/h3>\n<p>[\/vc_column_text][vc_empty_space height=\u00a0\u00bb40px\u00a0\u00bb][vc_raw_html]JTNDdWwlMjBjbGFzcyUzRCUyMnNzLWJ1dHRvbnMlMjIlM0UlMEElM0NsaSUzRSUzQ2ElMjBocmVmJTNEJTIyJTJGZnIlMkZzb2x1dGlvbi1maW5kZXIlMkYlMjIlMjBjbGFzcyUzRCUyMmN1c3RvbS1idXR0b24lMjBibGFjay1idXR0b24lMjIlM0VUUk9VVkVSJTIwVU5FJTIwU09MVVRJT04lM0MlMkZhJTNFJTNDJTJGbGklM0UlMEElM0NsaSUzRSUzQ2ElMjBocmVmJTNEJTIyJTJGZnIlMkZyZXF1ZXN0LWxpdmUtZGVtbyUyRiUyMiUyMGNsYXNzJTNEJTIyY3VzdG9tLWJ1dHRvbiUyMHRyYW5zcGFyZW50LWJ1dHRvbiUyMiUzRURFTUFOREUlMjBEJUMzJTg5TU8lM0NpJTIwY2xhc3MlM0QlMjJmYSUyMGZhLWFuZ2xlLXJpZ2h0JTIyJTNFJTNDJTJGaSUzRSUzQyUyRmElM0UlM0MlMkZsaSUzRSUwQSUzQyUyRnVsJTNF[\/vc_raw_html][\/vc_column][vc_column width=\u00a0\u00bb1\/12&Prime;][\/vc_column][\/vc_row]<\/p>\n<\/div>[\/vc_column][\/vc_row]<\/p>\n<\/div>","protected":false},"excerpt":{"rendered":"Secteur de la location de voitures Am\u00e9liorez \u00e0 distance votre efficacit\u00e9 op\u00e9rationnelle et la disponibilit\u00e9 de vos v\u00e9hicules VOIR LES SOLUTIONS OBTENIR UNE D\u00c9MONSTRATION Solution tout-en-un pour tous les types de v\u00e9hicules Am\u00e9liorez votre efficacit\u00e9 op\u00e9rationnelle et la disponibilit\u00e9 de vos v\u00e9hicules gr\u00e2ce \u00e0 une...","protected":false},"author":1,"featured_media":0,"parent":2331,"menu_order":0,"comment_status":"closed","ping_status":"closed","template":"full_width.php","meta":{"_acf_changed":false,"footnotes":""},"class_list":["post-1934","page","type-page","status-publish","hentry"],"acf":[],"yoast_head":"<!-- This site is optimized with the Yoast SEO Premium plugin v21.3 (Yoast SEO v26.4) - https:\/\/yoast.com\/wordpress\/plugins\/seo\/ -->\n<title>Secteur de la location de voitures | Cellutrak<\/title>\n<meta name=\"description\" content=\"Am\u00e9liorez votre efficacit\u00e9 op\u00e9rationnelle gr\u00e2ce \u00e0 une technologie multicouche sp\u00e9cialis\u00e9e con\u00e7ue pour la location de voitures. Voir les solutions.\" \/>\n<meta name=\"robots\" content=\"index, follow, max-snippet:-1, max-image-preview:large, max-video-preview:-1\" \/>\n<link rel=\"canonical\" href=\"https:\/\/www.cellutrak.ca\/fr\/industry\/car-rental\/\" \/>\n<meta property=\"og:locale\" content=\"fr_FR\" \/>\n<meta property=\"og:type\" content=\"article\" \/>\n<meta property=\"og:title\" content=\"Car Rental\" \/>\n<meta property=\"og:description\" content=\"Am\u00e9liorez votre efficacit\u00e9 op\u00e9rationnelle gr\u00e2ce \u00e0 une technologie multicouche sp\u00e9cialis\u00e9e con\u00e7ue pour la location de voitures. Voir les solutions.\" \/>\n<meta property=\"og:url\" content=\"https:\/\/www.cellutrak.ca\/fr\/industry\/car-rental\/\" \/>\n<meta property=\"og:site_name\" content=\"Cellutrak\" \/>\n<meta property=\"article:publisher\" content=\"https:\/\/www.facebook.com\/cellutrakgpstracking\/\" \/>\n<meta property=\"article:modified_time\" content=\"2021-06-21T23:23:55+00:00\" \/>\n<meta property=\"og:image\" content=\"https:\/\/www.cellutrak.ca\/wp-content\/uploads\/2022\/12\/PR-LinkPreview-.jpg\" \/>\n\t<meta property=\"og:image:width\" content=\"1200\" \/>\n\t<meta property=\"og:image:height\" content=\"630\" \/>\n\t<meta property=\"og:image:type\" content=\"image\/jpeg\" \/>\n<meta name=\"twitter:card\" content=\"summary_large_image\" \/>\n<meta name=\"twitter:label1\" content=\"Dur\u00e9e de lecture estim\u00e9e\" \/>\n\t<meta name=\"twitter:data1\" content=\"4 minutes\" \/>\n<script type=\"application\/ld+json\" class=\"yoast-schema-graph\">{\"@context\":\"https:\/\/schema.org\",\"@graph\":[{\"@type\":\"Article\",\"@id\":\"https:\/\/www.cellutrak.ca\/fr\/industry\/car-rental\/#article\",\"isPartOf\":{\"@id\":\"https:\/\/www.cellutrak.ca\/fr\/industry\/car-rental\/\"},\"author\":{\"name\":\"ctrakadmin\",\"@id\":\"https:\/\/www.cellutrak.ca\/fr\/#\/schema\/person\/af66ee02ce842afef7ce85c0549d08a5\"},\"headline\":\"Car Rental\",\"datePublished\":\"2020-11-16T04:48:12+00:00\",\"dateModified\":\"2021-06-21T23:23:55+00:00\",\"mainEntityOfPage\":{\"@id\":\"https:\/\/www.cellutrak.ca\/fr\/industry\/car-rental\/\"},\"wordCount\":732,\"publisher\":{\"@id\":\"https:\/\/www.cellutrak.ca\/fr\/#organization\"},\"inLanguage\":\"fr-FR\"},{\"@type\":\"WebPage\",\"@id\":\"https:\/\/www.cellutrak.ca\/fr\/industry\/car-rental\/\",\"url\":\"https:\/\/www.cellutrak.ca\/fr\/industry\/car-rental\/\",\"name\":\"Secteur de la location de voitures | Cellutrak\",\"isPartOf\":{\"@id\":\"https:\/\/www.cellutrak.ca\/fr\/#website\"},\"datePublished\":\"2020-11-16T04:48:12+00:00\",\"dateModified\":\"2021-06-21T23:23:55+00:00\",\"description\":\"Am\u00e9liorez votre efficacit\u00e9 op\u00e9rationnelle gr\u00e2ce \u00e0 une technologie multicouche sp\u00e9cialis\u00e9e con\u00e7ue pour la location de voitures. Voir les solutions.\",\"breadcrumb\":{\"@id\":\"https:\/\/www.cellutrak.ca\/fr\/industry\/car-rental\/#breadcrumb\"},\"inLanguage\":\"fr-FR\",\"potentialAction\":[{\"@type\":\"ReadAction\",\"target\":[\"https:\/\/www.cellutrak.ca\/fr\/industry\/car-rental\/\"]}]},{\"@type\":\"BreadcrumbList\",\"@id\":\"https:\/\/www.cellutrak.ca\/fr\/industry\/car-rental\/#breadcrumb\",\"itemListElement\":[{\"@type\":\"ListItem\",\"position\":1,\"name\":\"Home\",\"item\":\"https:\/\/www.cellutrak.ca\/fr\/\"},{\"@type\":\"ListItem\",\"position\":2,\"name\":\"Industry\",\"item\":\"https:\/\/www.cellutrak.ca\/fr\/industry\/\"},{\"@type\":\"ListItem\",\"position\":3,\"name\":\"Car Rental\"}]},{\"@type\":\"WebSite\",\"@id\":\"https:\/\/www.cellutrak.ca\/fr\/#website\",\"url\":\"https:\/\/www.cellutrak.ca\/fr\/\",\"name\":\"Cellutrak\",\"description\":\"\",\"publisher\":{\"@id\":\"https:\/\/www.cellutrak.ca\/fr\/#organization\"},\"potentialAction\":[{\"@type\":\"SearchAction\",\"target\":{\"@type\":\"EntryPoint\",\"urlTemplate\":\"https:\/\/www.cellutrak.ca\/fr\/?s={search_term_string}\"},\"query-input\":{\"@type\":\"PropertyValueSpecification\",\"valueRequired\":true,\"valueName\":\"search_term_string\"}}],\"inLanguage\":\"fr-FR\"},{\"@type\":\"Organization\",\"@id\":\"https:\/\/www.cellutrak.ca\/fr\/#organization\",\"name\":\"Cellutrak\",\"url\":\"https:\/\/www.cellutrak.ca\/fr\/\",\"logo\":{\"@type\":\"ImageObject\",\"inLanguage\":\"fr-FR\",\"@id\":\"https:\/\/www.cellutrak.ca\/fr\/#\/schema\/logo\/image\/\",\"url\":\"https:\/\/www.cellutrak.ca\/wp-content\/uploads\/2021\/09\/CELLUTRAK-Social-Thumb.png\",\"contentUrl\":\"https:\/\/www.cellutrak.ca\/wp-content\/uploads\/2021\/09\/CELLUTRAK-Social-Thumb.png\",\"width\":200,\"height\":200,\"caption\":\"Cellutrak\"},\"image\":{\"@id\":\"https:\/\/www.cellutrak.ca\/fr\/#\/schema\/logo\/image\/\"},\"sameAs\":[\"https:\/\/www.facebook.com\/cellutrakgpstracking\/\",\"https:\/\/www.linkedin.com\/company\/cellutrakgpstracking\/\",\"https:\/\/www.youtube.com\/@cellutrakgps\"]},{\"@type\":\"Person\",\"@id\":\"https:\/\/www.cellutrak.ca\/fr\/#\/schema\/person\/af66ee02ce842afef7ce85c0549d08a5\",\"name\":\"ctrakadmin\",\"image\":{\"@type\":\"ImageObject\",\"inLanguage\":\"fr-FR\",\"@id\":\"https:\/\/www.cellutrak.ca\/fr\/#\/schema\/person\/image\/\",\"url\":\"https:\/\/secure.gravatar.com\/avatar\/692f9d8b87ba75bfaa698dd2283f6228?s=96&d=mm&r=g\",\"contentUrl\":\"https:\/\/secure.gravatar.com\/avatar\/692f9d8b87ba75bfaa698dd2283f6228?s=96&d=mm&r=g\",\"caption\":\"ctrakadmin\"},\"sameAs\":[\"http:\/\/www.cellutrak.ca\"]}]}<\/script>\n<!-- \/ Yoast SEO Premium plugin. -->","yoast_head_json":{"title":"Secteur de la location de voitures | Cellutrak","description":"Am\u00e9liorez votre efficacit\u00e9 op\u00e9rationnelle gr\u00e2ce \u00e0 une technologie multicouche sp\u00e9cialis\u00e9e con\u00e7ue pour la location de voitures. Voir les solutions.","robots":{"index":"index","follow":"follow","max-snippet":"max-snippet:-1","max-image-preview":"max-image-preview:large","max-video-preview":"max-video-preview:-1"},"canonical":"https:\/\/www.cellutrak.ca\/fr\/industry\/car-rental\/","og_locale":"fr_FR","og_type":"article","og_title":"Car Rental","og_description":"Am\u00e9liorez votre efficacit\u00e9 op\u00e9rationnelle gr\u00e2ce \u00e0 une technologie multicouche sp\u00e9cialis\u00e9e con\u00e7ue pour la location de voitures. Voir les solutions.","og_url":"https:\/\/www.cellutrak.ca\/fr\/industry\/car-rental\/","og_site_name":"Cellutrak","article_publisher":"https:\/\/www.facebook.com\/cellutrakgpstracking\/","article_modified_time":"2021-06-21T23:23:55+00:00","og_image":[{"width":1200,"height":630,"url":"https:\/\/www.cellutrak.ca\/wp-content\/uploads\/2022\/12\/PR-LinkPreview-.jpg","type":"image\/jpeg"}],"twitter_card":"summary_large_image","twitter_misc":{"Dur\u00e9e de lecture estim\u00e9e":"4 minutes"},"schema":{"@context":"https:\/\/schema.org","@graph":[{"@type":"Article","@id":"https:\/\/www.cellutrak.ca\/fr\/industry\/car-rental\/#article","isPartOf":{"@id":"https:\/\/www.cellutrak.ca\/fr\/industry\/car-rental\/"},"author":{"name":"ctrakadmin","@id":"https:\/\/www.cellutrak.ca\/fr\/#\/schema\/person\/af66ee02ce842afef7ce85c0549d08a5"},"headline":"Car Rental","datePublished":"2020-11-16T04:48:12+00:00","dateModified":"2021-06-21T23:23:55+00:00","mainEntityOfPage":{"@id":"https:\/\/www.cellutrak.ca\/fr\/industry\/car-rental\/"},"wordCount":732,"publisher":{"@id":"https:\/\/www.cellutrak.ca\/fr\/#organization"},"inLanguage":"fr-FR"},{"@type":"WebPage","@id":"https:\/\/www.cellutrak.ca\/fr\/industry\/car-rental\/","url":"https:\/\/www.cellutrak.ca\/fr\/industry\/car-rental\/","name":"Secteur de la location de voitures | Cellutrak","isPartOf":{"@id":"https:\/\/www.cellutrak.ca\/fr\/#website"},"datePublished":"2020-11-16T04:48:12+00:00","dateModified":"2021-06-21T23:23:55+00:00","description":"Am\u00e9liorez votre efficacit\u00e9 op\u00e9rationnelle gr\u00e2ce \u00e0 une technologie multicouche sp\u00e9cialis\u00e9e con\u00e7ue pour la location de voitures. Voir les solutions.","breadcrumb":{"@id":"https:\/\/www.cellutrak.ca\/fr\/industry\/car-rental\/#breadcrumb"},"inLanguage":"fr-FR","potentialAction":[{"@type":"ReadAction","target":["https:\/\/www.cellutrak.ca\/fr\/industry\/car-rental\/"]}]},{"@type":"BreadcrumbList","@id":"https:\/\/www.cellutrak.ca\/fr\/industry\/car-rental\/#breadcrumb","itemListElement":[{"@type":"ListItem","position":1,"name":"Home","item":"https:\/\/www.cellutrak.ca\/fr\/"},{"@type":"ListItem","position":2,"name":"Industry","item":"https:\/\/www.cellutrak.ca\/fr\/industry\/"},{"@type":"ListItem","position":3,"name":"Car Rental"}]},{"@type":"WebSite","@id":"https:\/\/www.cellutrak.ca\/fr\/#website","url":"https:\/\/www.cellutrak.ca\/fr\/","name":"Cellutrak","description":"","publisher":{"@id":"https:\/\/www.cellutrak.ca\/fr\/#organization"},"potentialAction":[{"@type":"SearchAction","target":{"@type":"EntryPoint","urlTemplate":"https:\/\/www.cellutrak.ca\/fr\/?s={search_term_string}"},"query-input":{"@type":"PropertyValueSpecification","valueRequired":true,"valueName":"search_term_string"}}],"inLanguage":"fr-FR"},{"@type":"Organization","@id":"https:\/\/www.cellutrak.ca\/fr\/#organization","name":"Cellutrak","url":"https:\/\/www.cellutrak.ca\/fr\/","logo":{"@type":"ImageObject","inLanguage":"fr-FR","@id":"https:\/\/www.cellutrak.ca\/fr\/#\/schema\/logo\/image\/","url":"https:\/\/www.cellutrak.ca\/wp-content\/uploads\/2021\/09\/CELLUTRAK-Social-Thumb.png","contentUrl":"https:\/\/www.cellutrak.ca\/wp-content\/uploads\/2021\/09\/CELLUTRAK-Social-Thumb.png","width":200,"height":200,"caption":"Cellutrak"},"image":{"@id":"https:\/\/www.cellutrak.ca\/fr\/#\/schema\/logo\/image\/"},"sameAs":["https:\/\/www.facebook.com\/cellutrakgpstracking\/","https:\/\/www.linkedin.com\/company\/cellutrakgpstracking\/","https:\/\/www.youtube.com\/@cellutrakgps"]},{"@type":"Person","@id":"https:\/\/www.cellutrak.ca\/fr\/#\/schema\/person\/af66ee02ce842afef7ce85c0549d08a5","name":"ctrakadmin","image":{"@type":"ImageObject","inLanguage":"fr-FR","@id":"https:\/\/www.cellutrak.ca\/fr\/#\/schema\/person\/image\/","url":"https:\/\/secure.gravatar.com\/avatar\/692f9d8b87ba75bfaa698dd2283f6228?s=96&d=mm&r=g","contentUrl":"https:\/\/secure.gravatar.com\/avatar\/692f9d8b87ba75bfaa698dd2283f6228?s=96&d=mm&r=g","caption":"ctrakadmin"},"sameAs":["http:\/\/www.cellutrak.ca"]}]}},"_links":{"self":[{"href":"https:\/\/www.cellutrak.ca\/fr\/wp-json\/wp\/v2\/pages\/1934","targetHints":{"allow":["GET"]}}],"collection":[{"href":"https:\/\/www.cellutrak.ca\/fr\/wp-json\/wp\/v2\/pages"}],"about":[{"href":"https:\/\/www.cellutrak.ca\/fr\/wp-json\/wp\/v2\/types\/page"}],"author":[{"embeddable":true,"href":"https:\/\/www.cellutrak.ca\/fr\/wp-json\/wp\/v2\/users\/1"}],"replies":[{"embeddable":true,"href":"https:\/\/www.cellutrak.ca\/fr\/wp-json\/wp\/v2\/comments?post=1934"}],"version-history":[{"count":0,"href":"https:\/\/www.cellutrak.ca\/fr\/wp-json\/wp\/v2\/pages\/1934\/revisions"}],"up":[{"embeddable":true,"href":"https:\/\/www.cellutrak.ca\/fr\/wp-json\/wp\/v2\/pages\/2331"}],"wp:attachment":[{"href":"https:\/\/www.cellutrak.ca\/fr\/wp-json\/wp\/v2\/media?parent=1934"}],"curies":[{"name":"wp","href":"https:\/\/api.w.org\/{rel}","templated":true}]}}