{"id":2037,"date":"2020-11-18T06:29:49","date_gmt":"2020-11-18T06:29:49","guid":{"rendered":"https:\/\/www.cellutrak.ca\/?page_id=2037"},"modified":"2022-05-10T06:19:14","modified_gmt":"2022-05-10T06:19:14","slug":"other-service","status":"publish","type":"page","link":"https:\/\/www.cellutrak.ca\/fr\/industry\/field-sales-service\/","title":{"rendered":"Other Service"},"content":{"rendered":"<div class=\"wpb-content-wrapper\"><p>[vc_row css_animation=\u00a0\u00bb\u00a0\u00bb row_type=\u00a0\u00bbrow\u00a0\u00bb use_row_as_full_screen_section=\u00a0\u00bbno\u00a0\u00bb type=\u00a0\u00bbgrid\u00a0\u00bb angled_section=\u00a0\u00bbno\u00a0\u00bb text_align=\u00a0\u00bbleft\u00a0\u00bb background_image_as_pattern=\u00a0\u00bbwithout_pattern\u00a0\u00bb css=\u00a0\u00bb.vc_custom_1607069523355{padding-top: 100px !important;padding-bottom: 100px !important;background-image: url(http:\/\/cellutrak.ca\/wp-content\/uploads\/2020\/12\/OtherServices.png?id=2733) !important;background-position: center !important;background-repeat: no-repeat !important;background-size: cover !important;}\u00a0\u00bb z_index=\u00a0\u00bb\u00a0\u00bb el_class=\u00a0\u00bbpage-banner\u00a0\u00bb][vc_column][vc_column_text]<\/p>\n<h1 class=\"h1\">Autres services<\/h1>\n<p>Am\u00e9liorez \u00e0 distance votre<br \/>\nefficacit\u00e9 op\u00e9rationnelle et la<br \/>\ndisponibilit\u00e9 de vos v\u00e9hicules[\/vc_column_text][vc_empty_space height=\u00a0\u00bb30px\u00a0\u00bb][vc_column_text]<\/p>\n<ul>\n<li><a class=\"button-1\" href=\"http:\/\/cellutrak.ca\/solutions\/\">VOIR LES SOLUTIONS<\/a><\/li>\n<li><a class=\"button-2\" href=\"\/request-live-demo\/\">OBTENIR UNE D\u00c9MONSTRATION<i class=\"fa fa-angle-right\"><\/i><\/a><\/li>\n<\/ul>\n<p>[\/vc_column_text][\/vc_column][\/vc_row][vc_row css_animation=\u00a0\u00bb\u00a0\u00bb row_type=\u00a0\u00bbrow\u00a0\u00bb use_row_as_full_screen_section=\u00a0\u00bbno\u00a0\u00bb type=\u00a0\u00bbgrid\u00a0\u00bb angled_section=\u00a0\u00bbno\u00a0\u00bb text_align=\u00a0\u00bbleft\u00a0\u00bb background_image_as_pattern=\u00a0\u00bbwithout_pattern\u00a0\u00bb css=\u00a0\u00bb.vc_custom_1599993947356{padding-top: 80px !important;padding-bottom: 80px !important;background-color: #ffffff !important;}\u00a0\u00bb z_index=\u00a0\u00bb\u00a0\u00bb el_id=\u00a0\u00bbresources-diagram\u00a0\u00bb][vc_column width=\u00a0\u00bb1\/2&Prime;][vc_single_image image=\u00a0\u00bb2043&Prime; img_size=\u00a0\u00bbfull\u00a0\u00bb alignment=\u00a0\u00bbright\u00a0\u00bb qode_css_animation=\u00a0\u00bb\u00a0\u00bb][\/vc_column][vc_column width=\u00a0\u00bb1\/2&Prime;][vc_empty_space height=\u00a0\u00bb50px\u00a0\u00bb][vc_column_text el_class=\u00a0\u00bbtext-size-inherit\u00a0\u00bb]<\/p>\n<h2>Solution tout-en-un pour tous les types de v\u00e9hicules<\/h2>\n<p>[\/vc_column_text][vc_empty_space height=\u00a0\u00bb30px\u00a0\u00bb][vc_column_text el_class=\u00a0\u00bbtext-size-inherit\u00a0\u00bb]Cellutrak peut adapter ses solutions de suivi GPS \u00e0 vos besoins. <a href=\"tel:1-888-901-8725\">Appelez-nous<\/a> pour savoir comment nous pouvons vous aider.<\/p>\n<p>[\/vc_column_text][\/vc_column][\/vc_row][vc_row css_animation=\u00a0\u00bb\u00a0\u00bb row_type=\u00a0\u00bbrow\u00a0\u00bb use_row_as_full_screen_section=\u00a0\u00bbno\u00a0\u00bb type=\u00a0\u00bbgrid\u00a0\u00bb angled_section=\u00a0\u00bbno\u00a0\u00bb text_align=\u00a0\u00bbleft\u00a0\u00bb background_image_as_pattern=\u00a0\u00bbwithout_pattern\u00a0\u00bb css=\u00a0\u00bb.vc_custom_1602463907388{padding-top: 80px !important;padding-bottom: 80px !important;background-color: #f6f6f6 !important;}\u00a0\u00bb z_index=\u00a0\u00bb\u00a0\u00bb el_id=\u00a0\u00bbcore-features\u00a0\u00bb][vc_column][vc_column_text]<\/p>\n<h2 style=\"text-align: center;\">Nos solutions<\/h2>\n<h3 style=\"text-align: center;\">Nous offrons des solutions de suivi GPS pour divers secteurs d&rsquo;activit\u00e9s.<\/h3>\n<p>[\/vc_column_text][vc_empty_space height=\u00a0\u00bb60px\u00a0\u00bb][vc_row_inner row_type=\u00a0\u00bbrow\u00a0\u00bb type=\u00a0\u00bbfull_width\u00a0\u00bb text_align=\u00a0\u00bbleft\u00a0\u00bb css_animation=\u00a0\u00bb\u00a0\u00bb][vc_column_inner width=\u00a0\u00bb1\/2&Prime;][vc_single_image image=\u00a0\u00bb2041&Prime; img_size=\u00a0\u00bbfull\u00a0\u00bb alignment=\u00a0\u00bbright\u00a0\u00bb qode_css_animation=\u00a0\u00bb\u00a0\u00bb][vc_empty_space height=\u00a0\u00bb20px\u00a0\u00bb el_class=\u00a0\u00bbmax-width-768&Prime;][\/vc_column_inner][vc_column_inner width=\u00a0\u00bb1\/3&Prime;][vc_empty_space height=\u00a0\u00bb50px\u00a0\u00bb el_class=\u00a0\u00bbmin-width-769&Prime;][vc_column_text]<\/p>\n<h4>Contr\u00f4le de la temp\u00e9rature pour fourgons frigorifiques<\/h4>\n<p>[\/vc_column_text][vc_empty_space height=\u00a0\u00bb20px\u00a0\u00bb][vc_column_text]Recevez des alertes en temps r\u00e9el et des rapports concernant vos camions et remorques r\u00e9frig\u00e9r\u00e9s.[\/vc_column_text][\/vc_column_inner][\/vc_row_inner][vc_empty_space height=\u00a0\u00bb50px\u00a0\u00bb][vc_row_inner row_type=\u00a0\u00bbrow\u00a0\u00bb type=\u00a0\u00bbfull_width\u00a0\u00bb text_align=\u00a0\u00bbleft\u00a0\u00bb css_animation=\u00a0\u00bb\u00a0\u00bb][vc_column_inner width=\u00a0\u00bb1\/6&Prime;][\/vc_column_inner][vc_column_inner width=\u00a0\u00bb1\/3&Prime;][vc_single_image image=\u00a0\u00bb2045&Prime; img_size=\u00a0\u00bbfull\u00a0\u00bb qode_css_animation=\u00a0\u00bb\u00a0\u00bb el_class=\u00a0\u00bbmax-width-768&Prime;][vc_empty_space height=\u00a0\u00bb20px\u00a0\u00bb el_class=\u00a0\u00bbmax-width-768&Prime;][vc_empty_space height=\u00a0\u00bb50px\u00a0\u00bb el_class=\u00a0\u00bbmin-width-769&Prime;][vc_column_text]<\/p>\n<h4>Suivi des v\u00e9los et scooters \u00e9lectriques<\/h4>\n<p>[\/vc_column_text][vc_empty_space height=\u00a0\u00bb20px\u00a0\u00bb][vc_column_text]Att\u00e9nuez les risques gr\u00e2ce \u00e0 des renseignements en temps r\u00e9el.[\/vc_column_text][\/vc_column_inner][vc_column_inner width=\u00a0\u00bb1\/2&Prime;][vc_single_image image=\u00a0\u00bb2045&Prime; img_size=\u00a0\u00bbfull\u00a0\u00bb qode_css_animation=\u00a0\u00bb\u00a0\u00bb el_class=\u00a0\u00bbmin-width-769&Prime;][\/vc_column_inner][\/vc_row_inner][vc_empty_space height=\u00a0\u00bb50px\u00a0\u00bb][\/vc_column][\/vc_row][vc_row css_animation=\u00a0\u00bb\u00a0\u00bb row_type=\u00a0\u00bbrow\u00a0\u00bb use_row_as_full_screen_section=\u00a0\u00bbno\u00a0\u00bb type=\u00a0\u00bbfull_width\u00a0\u00bb angled_section=\u00a0\u00bbno\u00a0\u00bb text_align=\u00a0\u00bbleft\u00a0\u00bb background_image_as_pattern=\u00a0\u00bbwithout_pattern\u00a0\u00bb][vc_column]<div class=\"wpb-content-wrapper\"><p>[vc_row css_animation=\u00a0\u00bb\u00a0\u00bb row_type=\u00a0\u00bbrow\u00a0\u00bb use_row_as_full_screen_section=\u00a0\u00bbno\u00a0\u00bb type=\u00a0\u00bbgrid\u00a0\u00bb angled_section=\u00a0\u00bbno\u00a0\u00bb text_align=\u00a0\u00bbleft\u00a0\u00bb background_image_as_pattern=\u00a0\u00bbwithout_pattern\u00a0\u00bb el_class=\u00a0\u00bbfind-right-solution\u00a0\u00bb z_index=\u00a0\u00bb\u00a0\u00bb padding_top=\u00a0\u00bb120&Prime; padding_bottom=\u00a0\u00bb120&Prime;][vc_column width=\u00a0\u00bb1\/12&Prime;][\/vc_column][vc_column width=\u00a0\u00bb5\/6&Prime;][vc_column_text el_class=\u00a0\u00bbdark-bg\u00a0\u00bb]<\/p>\n<h2 style=\"text-align: center;\">Pr\u00eat \u00e0 chercher la solution ad\u00e9quate?<\/h2>\n<h3 style=\"text-align: center;\">Utilisez notre <a href=\"http:\/\/cellutrak.ca\/fr\/solution-finder\/\">outil en ligne de recherche de solutions<\/a> ou appelez-nous au <a href=\"tel:1-888-901-8725\">1-888-901-8725<\/a> pour discuter de vos besoins. Vous pouvez \u00e9galement <a href=\"http:\/\/cellutrak.ca\/fr\/request-live-demo\/\">planifier une d\u00e9monstration<\/a> en direct gratuite pour voir nos solutions de suivi GPS \u00e0 l\u2019\u0153uvre.<\/h3>\n<p>[\/vc_column_text][vc_empty_space height=\u00a0\u00bb40px\u00a0\u00bb][vc_raw_html]JTNDdWwlMjBjbGFzcyUzRCUyMnNzLWJ1dHRvbnMlMjIlM0UlMEElM0NsaSUzRSUzQ2ElMjBocmVmJTNEJTIyJTJGZnIlMkZzb2x1dGlvbi1maW5kZXIlMkYlMjIlMjBjbGFzcyUzRCUyMmN1c3RvbS1idXR0b24lMjBibGFjay1idXR0b24lMjIlM0VUUk9VVkVSJTIwVU5FJTIwU09MVVRJT04lM0MlMkZhJTNFJTNDJTJGbGklM0UlMEElM0NsaSUzRSUzQ2ElMjBocmVmJTNEJTIyJTJGZnIlMkZyZXF1ZXN0LWxpdmUtZGVtbyUyRiUyMiUyMGNsYXNzJTNEJTIyY3VzdG9tLWJ1dHRvbiUyMHRyYW5zcGFyZW50LWJ1dHRvbiUyMiUzRURFTUFOREUlMjBEJUMzJTg5TU8lM0NpJTIwY2xhc3MlM0QlMjJmYSUyMGZhLWFuZ2xlLXJpZ2h0JTIyJTNFJTNDJTJGaSUzRSUzQyUyRmElM0UlM0MlMkZsaSUzRSUwQSUzQyUyRnVsJTNF[\/vc_raw_html][\/vc_column][vc_column width=\u00a0\u00bb1\/12&Prime;][\/vc_column][\/vc_row]<\/p>\n<\/div>[\/vc_column][\/vc_row]<\/p>\n<\/div>","protected":false},"excerpt":{"rendered":"Autres services Am\u00e9liorez \u00e0 distance votre efficacit\u00e9 op\u00e9rationnelle et la disponibilit\u00e9 de vos v\u00e9hicules VOIR LES SOLUTIONS OBTENIR UNE D\u00c9MONSTRATION Solution tout-en-un pour tous les types de v\u00e9hicules Cellutrak peut adapter ses solutions de suivi GPS \u00e0 vos besoins. Appelez-nous pour savoir comment nous pouvons...","protected":false},"author":1,"featured_media":0,"parent":2331,"menu_order":0,"comment_status":"closed","ping_status":"closed","template":"full_width.php","meta":{"_acf_changed":false,"footnotes":""},"class_list":["post-2037","page","type-page","status-publish","hentry"],"acf":[],"yoast_head":"<!-- This site is optimized with the Yoast SEO Premium plugin v21.3 (Yoast SEO v26.4) - https:\/\/yoast.com\/wordpress\/plugins\/seo\/ -->\n<title>Autres services | Cellutrak<\/title>\n<meta name=\"description\" content=\"Am\u00e9liorez \u00e0 distance votre efficacit\u00e9 op\u00e9rationnelle et la disponibilit\u00e9 de vos v\u00e9hicules. Voir les solutions de suivi GPS pour divers secteurs d\u2019activit\u00e9s.\" \/>\n<meta name=\"robots\" content=\"index, follow, max-snippet:-1, max-image-preview:large, max-video-preview:-1\" \/>\n<link rel=\"canonical\" href=\"https:\/\/www.cellutrak.ca\/fr\/industry\/field-sales-service\/\" \/>\n<meta property=\"og:locale\" content=\"fr_FR\" \/>\n<meta property=\"og:type\" content=\"article\" \/>\n<meta property=\"og:title\" content=\"Other Service\" \/>\n<meta property=\"og:description\" content=\"Am\u00e9liorez \u00e0 distance votre efficacit\u00e9 op\u00e9rationnelle et la disponibilit\u00e9 de vos v\u00e9hicules. Voir les solutions de suivi GPS pour divers secteurs d\u2019activit\u00e9s.\" \/>\n<meta property=\"og:url\" content=\"https:\/\/www.cellutrak.ca\/fr\/industry\/field-sales-service\/\" \/>\n<meta property=\"og:site_name\" content=\"Cellutrak\" \/>\n<meta property=\"article:publisher\" content=\"https:\/\/www.facebook.com\/cellutrakgpstracking\/\" \/>\n<meta property=\"article:modified_time\" content=\"2022-05-10T06:19:14+00:00\" \/>\n<meta property=\"og:image\" content=\"https:\/\/www.cellutrak.ca\/wp-content\/uploads\/2022\/12\/PR-LinkPreview-.jpg\" \/>\n\t<meta property=\"og:image:width\" content=\"1200\" \/>\n\t<meta property=\"og:image:height\" content=\"630\" \/>\n\t<meta property=\"og:image:type\" content=\"image\/jpeg\" \/>\n<meta name=\"twitter:card\" content=\"summary_large_image\" \/>\n<meta name=\"twitter:label1\" content=\"Dur\u00e9e de lecture estim\u00e9e\" \/>\n\t<meta name=\"twitter:data1\" content=\"1 minute\" \/>\n<script type=\"application\/ld+json\" class=\"yoast-schema-graph\">{\"@context\":\"https:\/\/schema.org\",\"@graph\":[{\"@type\":\"Article\",\"@id\":\"https:\/\/www.cellutrak.ca\/fr\/industry\/field-sales-service\/#article\",\"isPartOf\":{\"@id\":\"https:\/\/www.cellutrak.ca\/fr\/industry\/field-sales-service\/\"},\"author\":{\"name\":\"ctrakadmin\",\"@id\":\"https:\/\/www.cellutrak.ca\/fr\/#\/schema\/person\/ac04eac9fdc832a76344fd517787ce34\"},\"headline\":\"Other Service\",\"datePublished\":\"2020-11-18T06:29:49+00:00\",\"dateModified\":\"2022-05-10T06:19:14+00:00\",\"mainEntityOfPage\":{\"@id\":\"https:\/\/www.cellutrak.ca\/fr\/industry\/field-sales-service\/\"},\"wordCount\":579,\"publisher\":{\"@id\":\"https:\/\/www.cellutrak.ca\/fr\/#organization\"},\"inLanguage\":\"fr-FR\"},{\"@type\":\"WebPage\",\"@id\":\"https:\/\/www.cellutrak.ca\/fr\/industry\/field-sales-service\/\",\"url\":\"https:\/\/www.cellutrak.ca\/fr\/industry\/field-sales-service\/\",\"name\":\"Autres services | Cellutrak\",\"isPartOf\":{\"@id\":\"https:\/\/www.cellutrak.ca\/fr\/#website\"},\"datePublished\":\"2020-11-18T06:29:49+00:00\",\"dateModified\":\"2022-05-10T06:19:14+00:00\",\"description\":\"Am\u00e9liorez \u00e0 distance votre efficacit\u00e9 op\u00e9rationnelle et la disponibilit\u00e9 de vos v\u00e9hicules. Voir les solutions de suivi GPS pour divers secteurs d\u2019activit\u00e9s.\",\"breadcrumb\":{\"@id\":\"https:\/\/www.cellutrak.ca\/fr\/industry\/field-sales-service\/#breadcrumb\"},\"inLanguage\":\"fr-FR\",\"potentialAction\":[{\"@type\":\"ReadAction\",\"target\":[\"https:\/\/www.cellutrak.ca\/fr\/industry\/field-sales-service\/\"]}]},{\"@type\":\"BreadcrumbList\",\"@id\":\"https:\/\/www.cellutrak.ca\/fr\/industry\/field-sales-service\/#breadcrumb\",\"itemListElement\":[{\"@type\":\"ListItem\",\"position\":1,\"name\":\"Home\",\"item\":\"https:\/\/www.cellutrak.ca\/fr\/\"},{\"@type\":\"ListItem\",\"position\":2,\"name\":\"Industry\",\"item\":\"https:\/\/www.cellutrak.ca\/fr\/industry\/\"},{\"@type\":\"ListItem\",\"position\":3,\"name\":\"Other Service\"}]},{\"@type\":\"WebSite\",\"@id\":\"https:\/\/www.cellutrak.ca\/fr\/#website\",\"url\":\"https:\/\/www.cellutrak.ca\/fr\/\",\"name\":\"Cellutrak\",\"description\":\"\",\"publisher\":{\"@id\":\"https:\/\/www.cellutrak.ca\/fr\/#organization\"},\"potentialAction\":[{\"@type\":\"SearchAction\",\"target\":{\"@type\":\"EntryPoint\",\"urlTemplate\":\"https:\/\/www.cellutrak.ca\/fr\/?s={search_term_string}\"},\"query-input\":{\"@type\":\"PropertyValueSpecification\",\"valueRequired\":true,\"valueName\":\"search_term_string\"}}],\"inLanguage\":\"fr-FR\"},{\"@type\":\"Organization\",\"@id\":\"https:\/\/www.cellutrak.ca\/fr\/#organization\",\"name\":\"Cellutrak\",\"url\":\"https:\/\/www.cellutrak.ca\/fr\/\",\"logo\":{\"@type\":\"ImageObject\",\"inLanguage\":\"fr-FR\",\"@id\":\"https:\/\/www.cellutrak.ca\/fr\/#\/schema\/logo\/image\/\",\"url\":\"https:\/\/www.cellutrak.ca\/wp-content\/uploads\/2021\/09\/CELLUTRAK-Social-Thumb.png\",\"contentUrl\":\"https:\/\/www.cellutrak.ca\/wp-content\/uploads\/2021\/09\/CELLUTRAK-Social-Thumb.png\",\"width\":200,\"height\":200,\"caption\":\"Cellutrak\"},\"image\":{\"@id\":\"https:\/\/www.cellutrak.ca\/fr\/#\/schema\/logo\/image\/\"},\"sameAs\":[\"https:\/\/www.facebook.com\/cellutrakgpstracking\/\",\"https:\/\/www.linkedin.com\/company\/cellutrakgpstracking\/\",\"https:\/\/www.youtube.com\/@cellutrakgps\"]},{\"@type\":\"Person\",\"@id\":\"https:\/\/www.cellutrak.ca\/fr\/#\/schema\/person\/ac04eac9fdc832a76344fd517787ce34\",\"name\":\"ctrakadmin\",\"image\":{\"@type\":\"ImageObject\",\"inLanguage\":\"fr-FR\",\"@id\":\"https:\/\/www.cellutrak.ca\/fr\/#\/schema\/person\/image\/\",\"url\":\"https:\/\/secure.gravatar.com\/avatar\/692f9d8b87ba75bfaa698dd2283f6228?s=96&d=mm&r=g\",\"contentUrl\":\"https:\/\/secure.gravatar.com\/avatar\/692f9d8b87ba75bfaa698dd2283f6228?s=96&d=mm&r=g\",\"caption\":\"ctrakadmin\"},\"sameAs\":[\"http:\/\/www.cellutrak.ca\"]}]}<\/script>\n<!-- \/ Yoast SEO Premium plugin. -->","yoast_head_json":{"title":"Autres services | Cellutrak","description":"Am\u00e9liorez \u00e0 distance votre efficacit\u00e9 op\u00e9rationnelle et la disponibilit\u00e9 de vos v\u00e9hicules. Voir les solutions de suivi GPS pour divers secteurs d\u2019activit\u00e9s.","robots":{"index":"index","follow":"follow","max-snippet":"max-snippet:-1","max-image-preview":"max-image-preview:large","max-video-preview":"max-video-preview:-1"},"canonical":"https:\/\/www.cellutrak.ca\/fr\/industry\/field-sales-service\/","og_locale":"fr_FR","og_type":"article","og_title":"Other Service","og_description":"Am\u00e9liorez \u00e0 distance votre efficacit\u00e9 op\u00e9rationnelle et la disponibilit\u00e9 de vos v\u00e9hicules. Voir les solutions de suivi GPS pour divers secteurs d\u2019activit\u00e9s.","og_url":"https:\/\/www.cellutrak.ca\/fr\/industry\/field-sales-service\/","og_site_name":"Cellutrak","article_publisher":"https:\/\/www.facebook.com\/cellutrakgpstracking\/","article_modified_time":"2022-05-10T06:19:14+00:00","og_image":[{"width":1200,"height":630,"url":"https:\/\/www.cellutrak.ca\/wp-content\/uploads\/2022\/12\/PR-LinkPreview-.jpg","type":"image\/jpeg"}],"twitter_card":"summary_large_image","twitter_misc":{"Dur\u00e9e de lecture estim\u00e9e":"1 minute"},"schema":{"@context":"https:\/\/schema.org","@graph":[{"@type":"Article","@id":"https:\/\/www.cellutrak.ca\/fr\/industry\/field-sales-service\/#article","isPartOf":{"@id":"https:\/\/www.cellutrak.ca\/fr\/industry\/field-sales-service\/"},"author":{"name":"ctrakadmin","@id":"https:\/\/www.cellutrak.ca\/fr\/#\/schema\/person\/ac04eac9fdc832a76344fd517787ce34"},"headline":"Other Service","datePublished":"2020-11-18T06:29:49+00:00","dateModified":"2022-05-10T06:19:14+00:00","mainEntityOfPage":{"@id":"https:\/\/www.cellutrak.ca\/fr\/industry\/field-sales-service\/"},"wordCount":579,"publisher":{"@id":"https:\/\/www.cellutrak.ca\/fr\/#organization"},"inLanguage":"fr-FR"},{"@type":"WebPage","@id":"https:\/\/www.cellutrak.ca\/fr\/industry\/field-sales-service\/","url":"https:\/\/www.cellutrak.ca\/fr\/industry\/field-sales-service\/","name":"Autres services | Cellutrak","isPartOf":{"@id":"https:\/\/www.cellutrak.ca\/fr\/#website"},"datePublished":"2020-11-18T06:29:49+00:00","dateModified":"2022-05-10T06:19:14+00:00","description":"Am\u00e9liorez \u00e0 distance votre efficacit\u00e9 op\u00e9rationnelle et la disponibilit\u00e9 de vos v\u00e9hicules. Voir les solutions de suivi GPS pour divers secteurs d\u2019activit\u00e9s.","breadcrumb":{"@id":"https:\/\/www.cellutrak.ca\/fr\/industry\/field-sales-service\/#breadcrumb"},"inLanguage":"fr-FR","potentialAction":[{"@type":"ReadAction","target":["https:\/\/www.cellutrak.ca\/fr\/industry\/field-sales-service\/"]}]},{"@type":"BreadcrumbList","@id":"https:\/\/www.cellutrak.ca\/fr\/industry\/field-sales-service\/#breadcrumb","itemListElement":[{"@type":"ListItem","position":1,"name":"Home","item":"https:\/\/www.cellutrak.ca\/fr\/"},{"@type":"ListItem","position":2,"name":"Industry","item":"https:\/\/www.cellutrak.ca\/fr\/industry\/"},{"@type":"ListItem","position":3,"name":"Other Service"}]},{"@type":"WebSite","@id":"https:\/\/www.cellutrak.ca\/fr\/#website","url":"https:\/\/www.cellutrak.ca\/fr\/","name":"Cellutrak","description":"","publisher":{"@id":"https:\/\/www.cellutrak.ca\/fr\/#organization"},"potentialAction":[{"@type":"SearchAction","target":{"@type":"EntryPoint","urlTemplate":"https:\/\/www.cellutrak.ca\/fr\/?s={search_term_string}"},"query-input":{"@type":"PropertyValueSpecification","valueRequired":true,"valueName":"search_term_string"}}],"inLanguage":"fr-FR"},{"@type":"Organization","@id":"https:\/\/www.cellutrak.ca\/fr\/#organization","name":"Cellutrak","url":"https:\/\/www.cellutrak.ca\/fr\/","logo":{"@type":"ImageObject","inLanguage":"fr-FR","@id":"https:\/\/www.cellutrak.ca\/fr\/#\/schema\/logo\/image\/","url":"https:\/\/www.cellutrak.ca\/wp-content\/uploads\/2021\/09\/CELLUTRAK-Social-Thumb.png","contentUrl":"https:\/\/www.cellutrak.ca\/wp-content\/uploads\/2021\/09\/CELLUTRAK-Social-Thumb.png","width":200,"height":200,"caption":"Cellutrak"},"image":{"@id":"https:\/\/www.cellutrak.ca\/fr\/#\/schema\/logo\/image\/"},"sameAs":["https:\/\/www.facebook.com\/cellutrakgpstracking\/","https:\/\/www.linkedin.com\/company\/cellutrakgpstracking\/","https:\/\/www.youtube.com\/@cellutrakgps"]},{"@type":"Person","@id":"https:\/\/www.cellutrak.ca\/fr\/#\/schema\/person\/ac04eac9fdc832a76344fd517787ce34","name":"ctrakadmin","image":{"@type":"ImageObject","inLanguage":"fr-FR","@id":"https:\/\/www.cellutrak.ca\/fr\/#\/schema\/person\/image\/","url":"https:\/\/secure.gravatar.com\/avatar\/692f9d8b87ba75bfaa698dd2283f6228?s=96&d=mm&r=g","contentUrl":"https:\/\/secure.gravatar.com\/avatar\/692f9d8b87ba75bfaa698dd2283f6228?s=96&d=mm&r=g","caption":"ctrakadmin"},"sameAs":["http:\/\/www.cellutrak.ca"]}]}},"_links":{"self":[{"href":"https:\/\/www.cellutrak.ca\/fr\/wp-json\/wp\/v2\/pages\/2037","targetHints":{"allow":["GET"]}}],"collection":[{"href":"https:\/\/www.cellutrak.ca\/fr\/wp-json\/wp\/v2\/pages"}],"about":[{"href":"https:\/\/www.cellutrak.ca\/fr\/wp-json\/wp\/v2\/types\/page"}],"author":[{"embeddable":true,"href":"https:\/\/www.cellutrak.ca\/fr\/wp-json\/wp\/v2\/users\/1"}],"replies":[{"embeddable":true,"href":"https:\/\/www.cellutrak.ca\/fr\/wp-json\/wp\/v2\/comments?post=2037"}],"version-history":[{"count":0,"href":"https:\/\/www.cellutrak.ca\/fr\/wp-json\/wp\/v2\/pages\/2037\/revisions"}],"up":[{"embeddable":true,"href":"https:\/\/www.cellutrak.ca\/fr\/wp-json\/wp\/v2\/pages\/2331"}],"wp:attachment":[{"href":"https:\/\/www.cellutrak.ca\/fr\/wp-json\/wp\/v2\/media?parent=2037"}],"curies":[{"name":"wp","href":"https:\/\/api.w.org\/{rel}","templated":true}]}}