{"id":2331,"date":"2020-11-16T04:46:39","date_gmt":"2020-11-16T04:46:39","guid":{"rendered":"https:\/\/www.cellutrak.ca\/?page_id=2331"},"modified":"2025-06-09T19:30:40","modified_gmt":"2025-06-09T19:30:40","slug":"industry","status":"publish","type":"page","link":"https:\/\/www.cellutrak.ca\/fr\/industry\/","title":{"rendered":"Industry"},"content":{"rendered":"<div class=\"wpb-content-wrapper\"><p>[vc_row css_animation=\u00a0\u00bb\u00a0\u00bb row_type=\u00a0\u00bbrow\u00a0\u00bb use_row_as_full_screen_section=\u00a0\u00bbno\u00a0\u00bb type=\u00a0\u00bbfull_width\u00a0\u00bb angled_section=\u00a0\u00bbno\u00a0\u00bb text_align=\u00a0\u00bbleft\u00a0\u00bb background_image_as_pattern=\u00a0\u00bbwithout_pattern\u00a0\u00bb][vc_column css=\u00a0\u00bb.vc_custom_1749497090956{padding-bottom: 50px !important;}\u00a0\u00bb][vc_column_text css=\u00a0\u00bb.vc_custom_1749497322447{padding-bottom: 50px !important;}\u00a0\u00bb]<\/p>\n<h1 data-start=\"196\" data-end=\"251\">Solutions de rep\u00e9rage GPS adapt\u00e9es \u00e0 votre industrie<\/h1>\n<p data-start=\"253\" data-end=\"635\">Chez <strong data-start=\"258\" data-end=\"271\">Cellutrak<\/strong>, nous comprenons que chaque industrie a des besoins uniques en mati\u00e8re de s\u00e9curit\u00e9, de gestion de flotte et de suivi en temps r\u00e9el. C\u2019est pourquoi nous proposons des solutions sur mesure qui s\u2019adaptent aux exigences de votre secteur. D\u00e9couvrez comment nos technologies peuvent vous aider \u00e0 gagner en efficacit\u00e9, prot\u00e9ger vos actifs et am\u00e9liorer votre rentabilit\u00e9.<\/p>\n<p>[\/vc_column_text][vc_row_inner row_type=\u00a0\u00bbrow\u00a0\u00bb type=\u00a0\u00bbfull_width\u00a0\u00bb text_align=\u00a0\u00bbleft\u00a0\u00bb css_animation=\u00a0\u00bb\u00a0\u00bb css=\u00a0\u00bb.vc_custom_1749497147426{padding-bottom: 50px !important;}\u00a0\u00bb][vc_column_inner width=\u00a0\u00bb1\/2&Prime;][vc_column_text css=\u00a0\u00bb\u00a0\u00bb]<\/p>\n<h5 data-start=\"637\" data-end=\"727\"><a class=\"\" href=\"https:\/\/www.cellutrak.ca\/fr\/industry\/car-rental\/\" target=\"_new\" rel=\"noopener\" data-start=\"641\" data-end=\"727\">Location de v\u00e9hicules (Car Rental)<\/a><\/h5>\n<p data-start=\"728\" data-end=\"854\">G\u00e9rez vos v\u00e9hicules lou\u00e9s avec un syst\u00e8me GPS efficace. Suivi en temps r\u00e9el, pr\u00e9vention du vol et retour rapide des v\u00e9hicules.<\/p>\n<h5 data-start=\"856\" data-end=\"968\"><a class=\"\" href=\"https:\/\/www.cellutrak.ca\/fr\/industry\/construction-and-heavy-equipment\/\" target=\"_new\" rel=\"noopener\" data-start=\"860\" data-end=\"968\">Construction et \u00e9quipements lourds<\/a><\/h5>\n<p data-start=\"969\" data-end=\"1089\">Prot\u00e9gez vos \u00e9quipements co\u00fbteux sur les chantiers gr\u00e2ce \u00e0 notre technologie de g\u00e9orep\u00e9rage, d\u2019alertes et de suivi 24\/7.<\/p>\n<h5 data-start=\"1091\" data-end=\"1178\"><a class=\"\" href=\"https:\/\/www.cellutrak.ca\/fr\/industry\/local-delivery\/\" target=\"_new\" rel=\"noopener\" data-start=\"1095\" data-end=\"1178\">Livraison locale \/ Courrier<\/a><\/h5>\n<p data-start=\"1179\" data-end=\"1316\">Optimisez vos itin\u00e9raires de livraison, surveillez les comportements de conduite et respectez les d\u00e9lais gr\u00e2ce \u00e0 une visibilit\u00e9 compl\u00e8te.<\/p>\n<h5 data-start=\"1318\" data-end=\"1401\"><a class=\"\" href=\"https:\/\/www.cellutrak.ca\/fr\/industry\/equipment-rental\/\" target=\"_new\" rel=\"noopener\" data-start=\"1322\" data-end=\"1401\">Location d\u2019\u00e9quipement<\/a><\/h5>\n<p data-start=\"1402\" data-end=\"1532\">Assurez la rentabilit\u00e9 de vos \u00e9quipements lou\u00e9s avec des rapports d&rsquo;utilisation, alertes de mouvement et localisation instantan\u00e9e.<\/p>\n<h5 data-start=\"1534\" data-end=\"1613\"><a class=\"\" href=\"https:\/\/www.cellutrak.ca\/fr\/industry\/finance\/\" target=\"_new\" rel=\"noopener\" data-start=\"1538\" data-end=\"1613\">Financement et cr\u00e9dit-bail<\/a><\/h5>\n<p data-start=\"1614\" data-end=\"1726\">R\u00e9duisez les risques li\u00e9s au financement de v\u00e9hicules et \u00e9quipements avec une solution GPS discr\u00e8te et efficace.<\/p>\n<h5 data-start=\"1728\" data-end=\"1806\"><a class=\"\" href=\"https:\/\/www.cellutrak.ca\/fr\/industry\/government\/\" target=\"_new\" rel=\"noopener\" data-start=\"1732\" data-end=\"1806\">Secteur gouvernemental<\/a><\/h5>\n<p data-start=\"1807\" data-end=\"1934\">Suivez et g\u00e9rez efficacement les flottes publiques avec des donn\u00e9es fiables, des rapports personnalis\u00e9s et une s\u00e9curit\u00e9 accrue.<\/p>\n<p>[\/vc_column_text][\/vc_column_inner][vc_column_inner width=\u00a0\u00bb1\/2&Prime;][vc_column_text css=\u00a0\u00bb\u00a0\u00bb]<\/p>\n<h5 data-start=\"1936\" data-end=\"2037\"><a class=\"\" href=\"https:\/\/www.cellutrak.ca\/fr\/industry\/hvac-plumbing-industry\/\" target=\"_new\" rel=\"noopener\" data-start=\"1940\" data-end=\"2037\">CVC &amp; plomberie (HVAC &amp; Plumbing)<\/a><\/h5>\n<p data-start=\"2038\" data-end=\"2140\">G\u00e9rez vos \u00e9quipes sur la route, planifiez mieux vos interventions et surveillez l\u2019usage des v\u00e9hicules.<\/p>\n<h5 data-start=\"2142\" data-end=\"2233\"><a class=\"\" href=\"https:\/\/www.cellutrak.ca\/fr\/industry\/landscaping\/\" target=\"_new\" rel=\"noopener\" data-start=\"2146\" data-end=\"2233\">Am\u00e9nagement paysager (Landscaping)<\/a><\/h5>\n<p data-start=\"2234\" data-end=\"2337\">Surveillez vos camions, remorques et \u00e9quipements pour \u00e9viter les pertes et mieux planifier vos projets.<\/p>\n<h5 data-start=\"2339\" data-end=\"2409\"><a class=\"\" href=\"https:\/\/www.cellutrak.ca\/fr\/industry\/roofing\/\" target=\"_new\" rel=\"noopener\" data-start=\"2343\" data-end=\"2409\">Toiture (Roofing)<\/a><\/h5>\n<p data-start=\"2410\" data-end=\"2529\">Assurez un suivi complet de vos v\u00e9hicules et mat\u00e9riels pour \u00e9viter les vols sur chantier et am\u00e9liorer la planification.<\/p>\n<h5 data-start=\"2531\" data-end=\"2615\"><a class=\"\" href=\"https:\/\/www.cellutrak.ca\/fr\/industry\/snow-removal\/\" target=\"_new\" rel=\"noopener\" data-start=\"2535\" data-end=\"2615\">D\u00e9neigement (Snow Removal)<\/a><\/h5>\n<p data-start=\"2616\" data-end=\"2751\">Optimisez vos itin\u00e9raires de d\u00e9neigement et assurez un service rapide gr\u00e2ce \u00e0 un suivi GPS en temps r\u00e9el et \u00e0 l&rsquo;historique des trajets.<\/p>\n<h5 data-start=\"2753\" data-end=\"2836\"><a class=\"\" href=\"https:\/\/www.cellutrak.ca\/fr\/industry\/transportation\/\" target=\"_new\" rel=\"noopener\" data-start=\"2757\" data-end=\"2836\">Transport et logistique<\/a><\/h5>\n<p data-start=\"2837\" data-end=\"2948\">Ma\u00eetrisez vos op\u00e9rations de transport avec des donn\u00e9es pr\u00e9cises sur vos trajets, vos conducteurs et vos actifs.<\/p>\n<h5 data-start=\"2950\" data-end=\"3040\"><a class=\"\" href=\"https:\/\/www.cellutrak.ca\/fr\/industry\/other-service\/\" target=\"_new\" rel=\"noopener\" data-start=\"2954\" data-end=\"3040\">Services externes et techniques<\/a><\/h5>\n<p data-start=\"3041\" data-end=\"3178\">Que vous g\u00e9riez une \u00e9quipe de vente ou de service, Cellutrak vous offre une solution compl\u00e8te pour le suivi et la gestion sur le terrain.<\/p>\n<p>[\/vc_column_text][\/vc_column_inner][\/vc_row_inner][\/vc_column][\/vc_row][vc_row css_animation=\u00a0\u00bb\u00a0\u00bb row_type=\u00a0\u00bbrow\u00a0\u00bb use_row_as_full_screen_section=\u00a0\u00bbno\u00a0\u00bb type=\u00a0\u00bbfull_width\u00a0\u00bb angled_section=\u00a0\u00bbno\u00a0\u00bb text_align=\u00a0\u00bbleft\u00a0\u00bb background_image_as_pattern=\u00a0\u00bbwithout_pattern\u00a0\u00bb][vc_column][\/vc_column][\/vc_row]<\/p>\n<\/div>","protected":false},"excerpt":{"rendered":"<p>[vc_row css_animation=\u00a0\u00bb\u00a0\u00bb row_type=\u00a0\u00bbrow\u00a0\u00bb use_row_as_full_screen_section=\u00a0\u00bbno\u00a0\u00bb type=\u00a0\u00bbfull_width\u00a0\u00bb angled_section=\u00a0\u00bbno\u00a0\u00bb text_align=\u00a0\u00bbleft\u00a0\u00bb background_image_as_pattern=\u00a0\u00bbwithout_pattern\u00a0\u00bb][vc_column css=\u00a0\u00bb.vc_custom_1749497090956{padding-bottom: 50px !important;}\u00a0\u00bb][vc_column_text css=\u00a0\u00bb.vc_custom_1749497322447{padding-bottom: 50px !important;}\u00a0\u00bb] Solutions de rep\u00e9rage GPS adapt\u00e9es \u00e0 votre industrie Chez Cellutrak, nous comprenons que chaque industrie a des besoins uniques en mati\u00e8re de s\u00e9curit\u00e9, de gestion de flotte et de suivi en&#8230;<\/p>\n","protected":false},"author":1,"featured_media":0,"parent":0,"menu_order":0,"comment_status":"closed","ping_status":"closed","template":"","meta":{"_acf_changed":false,"footnotes":""},"class_list":["post-2331","page","type-page","status-publish","hentry"],"acf":[],"yoast_head":"<!-- This site is optimized with the Yoast SEO Premium plugin v21.3 (Yoast SEO v26.4) - https:\/\/yoast.com\/wordpress\/plugins\/seo\/ -->\n<title>Solutions Cellutrak par industrie<\/title>\n<meta name=\"description\" content=\"D\u00e9couvrez les solutions Cellutrak adapt\u00e9es \u00e0 votre secteur : construction, transport, location, services publics et plus. Suivi GPS, s\u00e9curit\u00e9 et gestion en temps r\u00e9el.\" \/>\n<meta name=\"robots\" content=\"index, follow, max-snippet:-1, max-image-preview:large, max-video-preview:-1\" \/>\n<link rel=\"canonical\" href=\"https:\/\/www.cellutrak.ca\/fr\/industry\/\" \/>\n<meta property=\"og:locale\" content=\"fr_FR\" \/>\n<meta property=\"og:type\" content=\"article\" \/>\n<meta property=\"og:title\" content=\"Industry\" \/>\n<meta property=\"og:description\" content=\"D\u00e9couvrez les solutions Cellutrak adapt\u00e9es \u00e0 votre secteur : construction, transport, location, services publics et plus. Suivi GPS, s\u00e9curit\u00e9 et gestion en temps r\u00e9el.\" \/>\n<meta property=\"og:url\" content=\"https:\/\/www.cellutrak.ca\/fr\/industry\/\" \/>\n<meta property=\"og:site_name\" content=\"Cellutrak\" \/>\n<meta property=\"article:publisher\" content=\"https:\/\/www.facebook.com\/cellutrakgpstracking\/\" \/>\n<meta property=\"article:modified_time\" content=\"2025-06-09T19:30:40+00:00\" \/>\n<meta property=\"og:image\" content=\"https:\/\/www.cellutrak.ca\/wp-content\/uploads\/2022\/12\/PR-LinkPreview-.jpg\" \/>\n\t<meta property=\"og:image:width\" content=\"1200\" \/>\n\t<meta property=\"og:image:height\" content=\"630\" \/>\n\t<meta property=\"og:image:type\" content=\"image\/jpeg\" \/>\n<meta name=\"twitter:card\" content=\"summary_large_image\" \/>\n<meta name=\"twitter:label1\" content=\"Dur\u00e9e de lecture estim\u00e9e\" \/>\n\t<meta name=\"twitter:data1\" content=\"2 minutes\" \/>\n<script type=\"application\/ld+json\" class=\"yoast-schema-graph\">{\"@context\":\"https:\/\/schema.org\",\"@graph\":[{\"@type\":\"Article\",\"@id\":\"https:\/\/www.cellutrak.ca\/fr\/industry\/#article\",\"isPartOf\":{\"@id\":\"https:\/\/www.cellutrak.ca\/fr\/industry\/\"},\"author\":{\"name\":\"ctrakadmin\",\"@id\":\"https:\/\/www.cellutrak.ca\/fr\/#\/schema\/person\/ac71405f2b1078d202bec45b09c3edcc\"},\"headline\":\"Industry\",\"datePublished\":\"2020-11-16T04:46:39+00:00\",\"dateModified\":\"2025-06-09T19:30:40+00:00\",\"mainEntityOfPage\":{\"@id\":\"https:\/\/www.cellutrak.ca\/fr\/industry\/\"},\"wordCount\":521,\"publisher\":{\"@id\":\"https:\/\/www.cellutrak.ca\/fr\/#organization\"},\"inLanguage\":\"fr-FR\"},{\"@type\":\"WebPage\",\"@id\":\"https:\/\/www.cellutrak.ca\/fr\/industry\/\",\"url\":\"https:\/\/www.cellutrak.ca\/fr\/industry\/\",\"name\":\"Solutions Cellutrak par industrie\",\"isPartOf\":{\"@id\":\"https:\/\/www.cellutrak.ca\/fr\/#website\"},\"datePublished\":\"2020-11-16T04:46:39+00:00\",\"dateModified\":\"2025-06-09T19:30:40+00:00\",\"description\":\"D\u00e9couvrez les solutions Cellutrak adapt\u00e9es \u00e0 votre secteur : construction, transport, location, services publics et plus. Suivi GPS, s\u00e9curit\u00e9 et gestion en temps r\u00e9el.\",\"breadcrumb\":{\"@id\":\"https:\/\/www.cellutrak.ca\/fr\/industry\/#breadcrumb\"},\"inLanguage\":\"fr-FR\",\"potentialAction\":[{\"@type\":\"ReadAction\",\"target\":[\"https:\/\/www.cellutrak.ca\/fr\/industry\/\"]}]},{\"@type\":\"BreadcrumbList\",\"@id\":\"https:\/\/www.cellutrak.ca\/fr\/industry\/#breadcrumb\",\"itemListElement\":[{\"@type\":\"ListItem\",\"position\":1,\"name\":\"Home\",\"item\":\"https:\/\/www.cellutrak.ca\/fr\/\"},{\"@type\":\"ListItem\",\"position\":2,\"name\":\"Industry\"}]},{\"@type\":\"WebSite\",\"@id\":\"https:\/\/www.cellutrak.ca\/fr\/#website\",\"url\":\"https:\/\/www.cellutrak.ca\/fr\/\",\"name\":\"Cellutrak\",\"description\":\"\",\"publisher\":{\"@id\":\"https:\/\/www.cellutrak.ca\/fr\/#organization\"},\"potentialAction\":[{\"@type\":\"SearchAction\",\"target\":{\"@type\":\"EntryPoint\",\"urlTemplate\":\"https:\/\/www.cellutrak.ca\/fr\/?s={search_term_string}\"},\"query-input\":{\"@type\":\"PropertyValueSpecification\",\"valueRequired\":true,\"valueName\":\"search_term_string\"}}],\"inLanguage\":\"fr-FR\"},{\"@type\":\"Organization\",\"@id\":\"https:\/\/www.cellutrak.ca\/fr\/#organization\",\"name\":\"Cellutrak\",\"url\":\"https:\/\/www.cellutrak.ca\/fr\/\",\"logo\":{\"@type\":\"ImageObject\",\"inLanguage\":\"fr-FR\",\"@id\":\"https:\/\/www.cellutrak.ca\/fr\/#\/schema\/logo\/image\/\",\"url\":\"https:\/\/www.cellutrak.ca\/wp-content\/uploads\/2021\/09\/CELLUTRAK-Social-Thumb.png\",\"contentUrl\":\"https:\/\/www.cellutrak.ca\/wp-content\/uploads\/2021\/09\/CELLUTRAK-Social-Thumb.png\",\"width\":200,\"height\":200,\"caption\":\"Cellutrak\"},\"image\":{\"@id\":\"https:\/\/www.cellutrak.ca\/fr\/#\/schema\/logo\/image\/\"},\"sameAs\":[\"https:\/\/www.facebook.com\/cellutrakgpstracking\/\",\"https:\/\/www.linkedin.com\/company\/cellutrakgpstracking\/\",\"https:\/\/www.youtube.com\/@cellutrakgps\"]},{\"@type\":\"Person\",\"@id\":\"https:\/\/www.cellutrak.ca\/fr\/#\/schema\/person\/ac71405f2b1078d202bec45b09c3edcc\",\"name\":\"ctrakadmin\",\"image\":{\"@type\":\"ImageObject\",\"inLanguage\":\"fr-FR\",\"@id\":\"https:\/\/www.cellutrak.ca\/fr\/#\/schema\/person\/image\/\",\"url\":\"https:\/\/secure.gravatar.com\/avatar\/692f9d8b87ba75bfaa698dd2283f6228?s=96&d=mm&r=g\",\"contentUrl\":\"https:\/\/secure.gravatar.com\/avatar\/692f9d8b87ba75bfaa698dd2283f6228?s=96&d=mm&r=g\",\"caption\":\"ctrakadmin\"},\"sameAs\":[\"http:\/\/www.cellutrak.ca\"]}]}<\/script>\n<!-- \/ Yoast SEO Premium plugin. -->","yoast_head_json":{"title":"Solutions Cellutrak par industrie","description":"D\u00e9couvrez les solutions Cellutrak adapt\u00e9es \u00e0 votre secteur : construction, transport, location, services publics et plus. Suivi GPS, s\u00e9curit\u00e9 et gestion en temps r\u00e9el.","robots":{"index":"index","follow":"follow","max-snippet":"max-snippet:-1","max-image-preview":"max-image-preview:large","max-video-preview":"max-video-preview:-1"},"canonical":"https:\/\/www.cellutrak.ca\/fr\/industry\/","og_locale":"fr_FR","og_type":"article","og_title":"Industry","og_description":"D\u00e9couvrez les solutions Cellutrak adapt\u00e9es \u00e0 votre secteur : construction, transport, location, services publics et plus. Suivi GPS, s\u00e9curit\u00e9 et gestion en temps r\u00e9el.","og_url":"https:\/\/www.cellutrak.ca\/fr\/industry\/","og_site_name":"Cellutrak","article_publisher":"https:\/\/www.facebook.com\/cellutrakgpstracking\/","article_modified_time":"2025-06-09T19:30:40+00:00","og_image":[{"width":1200,"height":630,"url":"https:\/\/www.cellutrak.ca\/wp-content\/uploads\/2022\/12\/PR-LinkPreview-.jpg","type":"image\/jpeg"}],"twitter_card":"summary_large_image","twitter_misc":{"Dur\u00e9e de lecture estim\u00e9e":"2 minutes"},"schema":{"@context":"https:\/\/schema.org","@graph":[{"@type":"Article","@id":"https:\/\/www.cellutrak.ca\/fr\/industry\/#article","isPartOf":{"@id":"https:\/\/www.cellutrak.ca\/fr\/industry\/"},"author":{"name":"ctrakadmin","@id":"https:\/\/www.cellutrak.ca\/fr\/#\/schema\/person\/ac71405f2b1078d202bec45b09c3edcc"},"headline":"Industry","datePublished":"2020-11-16T04:46:39+00:00","dateModified":"2025-06-09T19:30:40+00:00","mainEntityOfPage":{"@id":"https:\/\/www.cellutrak.ca\/fr\/industry\/"},"wordCount":521,"publisher":{"@id":"https:\/\/www.cellutrak.ca\/fr\/#organization"},"inLanguage":"fr-FR"},{"@type":"WebPage","@id":"https:\/\/www.cellutrak.ca\/fr\/industry\/","url":"https:\/\/www.cellutrak.ca\/fr\/industry\/","name":"Solutions Cellutrak par industrie","isPartOf":{"@id":"https:\/\/www.cellutrak.ca\/fr\/#website"},"datePublished":"2020-11-16T04:46:39+00:00","dateModified":"2025-06-09T19:30:40+00:00","description":"D\u00e9couvrez les solutions Cellutrak adapt\u00e9es \u00e0 votre secteur : construction, transport, location, services publics et plus. Suivi GPS, s\u00e9curit\u00e9 et gestion en temps r\u00e9el.","breadcrumb":{"@id":"https:\/\/www.cellutrak.ca\/fr\/industry\/#breadcrumb"},"inLanguage":"fr-FR","potentialAction":[{"@type":"ReadAction","target":["https:\/\/www.cellutrak.ca\/fr\/industry\/"]}]},{"@type":"BreadcrumbList","@id":"https:\/\/www.cellutrak.ca\/fr\/industry\/#breadcrumb","itemListElement":[{"@type":"ListItem","position":1,"name":"Home","item":"https:\/\/www.cellutrak.ca\/fr\/"},{"@type":"ListItem","position":2,"name":"Industry"}]},{"@type":"WebSite","@id":"https:\/\/www.cellutrak.ca\/fr\/#website","url":"https:\/\/www.cellutrak.ca\/fr\/","name":"Cellutrak","description":"","publisher":{"@id":"https:\/\/www.cellutrak.ca\/fr\/#organization"},"potentialAction":[{"@type":"SearchAction","target":{"@type":"EntryPoint","urlTemplate":"https:\/\/www.cellutrak.ca\/fr\/?s={search_term_string}"},"query-input":{"@type":"PropertyValueSpecification","valueRequired":true,"valueName":"search_term_string"}}],"inLanguage":"fr-FR"},{"@type":"Organization","@id":"https:\/\/www.cellutrak.ca\/fr\/#organization","name":"Cellutrak","url":"https:\/\/www.cellutrak.ca\/fr\/","logo":{"@type":"ImageObject","inLanguage":"fr-FR","@id":"https:\/\/www.cellutrak.ca\/fr\/#\/schema\/logo\/image\/","url":"https:\/\/www.cellutrak.ca\/wp-content\/uploads\/2021\/09\/CELLUTRAK-Social-Thumb.png","contentUrl":"https:\/\/www.cellutrak.ca\/wp-content\/uploads\/2021\/09\/CELLUTRAK-Social-Thumb.png","width":200,"height":200,"caption":"Cellutrak"},"image":{"@id":"https:\/\/www.cellutrak.ca\/fr\/#\/schema\/logo\/image\/"},"sameAs":["https:\/\/www.facebook.com\/cellutrakgpstracking\/","https:\/\/www.linkedin.com\/company\/cellutrakgpstracking\/","https:\/\/www.youtube.com\/@cellutrakgps"]},{"@type":"Person","@id":"https:\/\/www.cellutrak.ca\/fr\/#\/schema\/person\/ac71405f2b1078d202bec45b09c3edcc","name":"ctrakadmin","image":{"@type":"ImageObject","inLanguage":"fr-FR","@id":"https:\/\/www.cellutrak.ca\/fr\/#\/schema\/person\/image\/","url":"https:\/\/secure.gravatar.com\/avatar\/692f9d8b87ba75bfaa698dd2283f6228?s=96&d=mm&r=g","contentUrl":"https:\/\/secure.gravatar.com\/avatar\/692f9d8b87ba75bfaa698dd2283f6228?s=96&d=mm&r=g","caption":"ctrakadmin"},"sameAs":["http:\/\/www.cellutrak.ca"]}]}},"_links":{"self":[{"href":"https:\/\/www.cellutrak.ca\/fr\/wp-json\/wp\/v2\/pages\/2331","targetHints":{"allow":["GET"]}}],"collection":[{"href":"https:\/\/www.cellutrak.ca\/fr\/wp-json\/wp\/v2\/pages"}],"about":[{"href":"https:\/\/www.cellutrak.ca\/fr\/wp-json\/wp\/v2\/types\/page"}],"author":[{"embeddable":true,"href":"https:\/\/www.cellutrak.ca\/fr\/wp-json\/wp\/v2\/users\/1"}],"replies":[{"embeddable":true,"href":"https:\/\/www.cellutrak.ca\/fr\/wp-json\/wp\/v2\/comments?post=2331"}],"version-history":[{"count":11,"href":"https:\/\/www.cellutrak.ca\/fr\/wp-json\/wp\/v2\/pages\/2331\/revisions"}],"predecessor-version":[{"id":19098,"href":"https:\/\/www.cellutrak.ca\/fr\/wp-json\/wp\/v2\/pages\/2331\/revisions\/19098"}],"wp:attachment":[{"href":"https:\/\/www.cellutrak.ca\/fr\/wp-json\/wp\/v2\/media?parent=2331"}],"curies":[{"name":"wp","href":"https:\/\/api.w.org\/{rel}","templated":true}]}}