{"id":393,"date":"2020-09-13T10:59:03","date_gmt":"2020-09-13T10:59:03","guid":{"rendered":"https:\/\/www.cellutrak.ca\/?page_id=393"},"modified":"2022-12-28T05:31:11","modified_gmt":"2022-12-28T05:31:11","slug":"contact","status":"publish","type":"page","link":"https:\/\/www.cellutrak.ca\/fr\/contact\/","title":{"rendered":"Contact"},"content":{"rendered":"<div class=\"wpb-content-wrapper\"><p>[vc_row css_animation=\u00a0\u00bb\u00a0\u00bb row_type=\u00a0\u00bbrow\u00a0\u00bb use_row_as_full_screen_section=\u00a0\u00bbno\u00a0\u00bb type=\u00a0\u00bbgrid\u00a0\u00bb angled_section=\u00a0\u00bbno\u00a0\u00bb text_align=\u00a0\u00bbleft\u00a0\u00bb background_image_as_pattern=\u00a0\u00bbwithout_pattern\u00a0\u00bb css=\u00a0\u00bb.vc_custom_1599994240532{padding-top: 120px !important;padding-bottom: 120px !important;background-color: #ffffff !important;}\u00a0\u00bb z_index=\u00a0\u00bb\u00a0\u00bb el_id=\u00a0\u00bbcontact\u00a0\u00bb][vc_column][vc_column_text el_class=\u00a0\u00bbpage-banner\u00a0\u00bb]<\/p>\n<h1>Communiquez avec nous<\/h1>\n<p>[\/vc_column_text][vc_empty_space height=\u00a0\u00bb30px\u00a0\u00bb][vc_row_inner row_type=\u00a0\u00bbrow\u00a0\u00bb type=\u00a0\u00bbfull_width\u00a0\u00bb text_align=\u00a0\u00bbleft\u00a0\u00bb css_animation=\u00a0\u00bb\u00a0\u00bb][vc_column_inner width=\u00a0\u00bb1\/3&Prime;][vc_column_text]<\/p>\n<h4>Si\u00e8ge social<\/h4>\n<p>[\/vc_column_text][vc_empty_space height=\u00a0\u00bb20px\u00a0\u00bb][vc_column_text el_class=\u00a0\u00bbcontact-left\u00a0\u00bb]Bureau 402<br \/>\n55, rue Louvain Ouest<br \/>\nMontr\u00e9al (Qu\u00e9bec) H2N 1A4<br \/>\nCanada<\/p>\n<p>Sans frais: (888) 901-8725<br \/>\nT\u00e9l\u00e9phone: 1 (514) 341-9788[\/vc_column_text][vc_empty_space height=\u00a0\u00bb30px\u00a0\u00bb]<a  itemprop=\"url\" href=\"\" target=\"_self\"  class=\"qbutton  default custom-button black-button\" style=\"\">APPELEZ-NOUS<\/a>[vc_empty_space height=\u00a0\u00bb50px\u00a0\u00bb][\/vc_column_inner][vc_column_inner width=\u00a0\u00bb1\/12&Prime;][\/vc_column_inner][vc_column_inner el_class=\u00a0\u00bbform-sage\u00a0\u00bb width=\u00a0\u00bb7\/12&Prime;]<FORM Name='WEB2LEAD' method='POST' OnSubmit='return CreateAction()'><SCRIPT>function CreateAction() {if (document.WEB2LEAD.SELECTWorkFlow == null)document.WEB2LEAD.action = 'https:\/\/crm.cellutrak.com\/CRM\/eware.dll\/SubmitLead?RuleID=';else document.WEB2LEAD.action = 'https:\/\/crm.cellutrak.com\/CRM\/eware.dll\/SubmitLead?RuleID=' + document.WEB2LEAD.SELECTWorkFlow.options[document.WEB2LEAD.SELECTWorkFlow.selectedIndex].value;return true;}<\/SCRIPT><input type='text' placeholder='Pr\u00e9nom *' CLASS=EDIT ID='lead_personfirstname' name='lead_personfirstname' value='' maxlength=30><input type='text' placeholder='Nom *' CLASS=EDIT ID='lead_personlastname' name='lead_personlastname'  value='' maxlength=30><input type='text' placeholder='Courriel *' CLASS=EDIT ID='lead_personemail' name='lead_personemail'  value='' maxlength=100><input type='text' placeholder='T\u00e9l\u00e9phone *' CLASS=EDIT ID='lead_personphonenumber' name='lead_personphonenumber'  value='' maxlength=30><SELECT class=EDIT size=1 name='lead_mainproductinterest' id='lead_mainproductinterest' ><OPTION Value='0'>S\u00e9lectionnez l\u2019objet *<\/OPTION><OPTION Value='General Inquiry'>General Inquiry<\/OPTION><OPTION Value='Sales Inquiry'>Sales Inquiry<\/OPTION><OPTION Value='Dealer Inquiry'>Dealer Inquiry<\/OPTION><OPTION Value='Customer Inquiry'>Customer Inquiry<\/OPTION><OPTION Value='Comment \/ Feedback'>Comment \/ Feedback<\/OPTION><\/SELECT><textarea placeholder='Message' CLASS=EDIT name='lead_details'  ID='lead_details'  rows=5 cols=30><\/textarea><br><p id='SC_ERRMSG' style='color:white'>Un ou plusieurs champs ont une erreur. Veuillez v\u00e9rifier et essayer \u00e0 nouveau. (*).<\/p><input type='hidden' name='_HIDDENlead_personfirstname' id='_HIDDENlead_personfirstname' value='' entryType='10'><input type='hidden' name='_HIDDENlead_personlastname' id='_HIDDENlead_personlastname' value='' entryType='10'><input type='hidden' name='_HIDDENlead_personemail' id='_HIDDENlead_personemail' value='' entryType='10'><input type='hidden' name='_HIDDENlead_personphonenumber' id='_HIDDENlead_personphonenumber' value='' entryType='10'><input type='hidden' name='_HIDDENlead_mainproductinterest' id='_HIDDENlead_mainproductinterest' value='' entryType='21'><input type='hidden' name='_HIDDENlead_details' id='_HIDDENlead_details' value='' entryType='11'><input type='hidden' name='_HIDDENlead_source' value='Web'><input type='hidden' id='KSCLANG' value='FR'><input type='submit' value='Soumettre' id='WEB2LEADS-2'><input type='hidden' name='RuleID' id=' RuleID ' value=''><\/FORM>[\/vc_column_inner][\/vc_row_inner][\/vc_column][\/vc_row][vc_row css_animation=\u00a0\u00bb\u00a0\u00bb row_type=\u00a0\u00bbrow\u00a0\u00bb use_row_as_full_screen_section=\u00a0\u00bbno\u00a0\u00bb type=\u00a0\u00bbfull_width\u00a0\u00bb angled_section=\u00a0\u00bbno\u00a0\u00bb text_align=\u00a0\u00bbleft\u00a0\u00bb background_image_as_pattern=\u00a0\u00bbwithout_pattern\u00a0\u00bb][vc_column]<div class=\"wpb-content-wrapper\"><p>[vc_row css_animation=\u00a0\u00bb\u00a0\u00bb row_type=\u00a0\u00bbrow\u00a0\u00bb use_row_as_full_screen_section=\u00a0\u00bbno\u00a0\u00bb type=\u00a0\u00bbgrid\u00a0\u00bb angled_section=\u00a0\u00bbno\u00a0\u00bb text_align=\u00a0\u00bbleft\u00a0\u00bb background_image_as_pattern=\u00a0\u00bbwithout_pattern\u00a0\u00bb el_class=\u00a0\u00bbfind-right-solution\u00a0\u00bb z_index=\u00a0\u00bb\u00a0\u00bb padding_top=\u00a0\u00bb120&Prime; padding_bottom=\u00a0\u00bb120&Prime;][vc_column width=\u00a0\u00bb1\/12&Prime;][\/vc_column][vc_column width=\u00a0\u00bb5\/6&Prime;][vc_column_text el_class=\u00a0\u00bbdark-bg\u00a0\u00bb]<\/p>\n<h2 style=\"text-align: center;\">Pr\u00eat \u00e0 chercher la solution ad\u00e9quate?<\/h2>\n<h3 style=\"text-align: center;\">Utilisez notre <a href=\"http:\/\/cellutrak.ca\/fr\/solution-finder\/\">outil en ligne de recherche de solutions<\/a> ou appelez-nous au <a href=\"tel:1-888-901-8725\">1-888-901-8725<\/a> pour discuter de vos besoins. Vous pouvez \u00e9galement <a href=\"http:\/\/cellutrak.ca\/fr\/request-live-demo\/\">planifier une d\u00e9monstration<\/a> en direct gratuite pour voir nos solutions de suivi GPS \u00e0 l\u2019\u0153uvre.<\/h3>\n<p>[\/vc_column_text][vc_empty_space height=\u00a0\u00bb40px\u00a0\u00bb][vc_raw_html]JTNDdWwlMjBjbGFzcyUzRCUyMnNzLWJ1dHRvbnMlMjIlM0UlMEElM0NsaSUzRSUzQ2ElMjBocmVmJTNEJTIyJTJGZnIlMkZzb2x1dGlvbi1maW5kZXIlMkYlMjIlMjBjbGFzcyUzRCUyMmN1c3RvbS1idXR0b24lMjBibGFjay1idXR0b24lMjIlM0VUUk9VVkVSJTIwVU5FJTIwU09MVVRJT04lM0MlMkZhJTNFJTNDJTJGbGklM0UlMEElM0NsaSUzRSUzQ2ElMjBocmVmJTNEJTIyJTJGZnIlMkZyZXF1ZXN0LWxpdmUtZGVtbyUyRiUyMiUyMGNsYXNzJTNEJTIyY3VzdG9tLWJ1dHRvbiUyMHRyYW5zcGFyZW50LWJ1dHRvbiUyMiUzRURFTUFOREUlMjBEJUMzJTg5TU8lM0NpJTIwY2xhc3MlM0QlMjJmYSUyMGZhLWFuZ2xlLXJpZ2h0JTIyJTNFJTNDJTJGaSUzRSUzQyUyRmElM0UlM0MlMkZsaSUzRSUwQSUzQyUyRnVsJTNF[\/vc_raw_html][\/vc_column][vc_column width=\u00a0\u00bb1\/12&Prime;][\/vc_column][\/vc_row]<\/p>\n<\/div>[\/vc_column][\/vc_row]<\/p>\n<\/div>","protected":false},"excerpt":{"rendered":"Communiquez avec nous Si\u00e8ge social Bureau 402 55, rue Louvain Ouest Montr\u00e9al (Qu\u00e9bec) H2N 1A4 Canada Sans frais: (888) 901-8725 T\u00e9l\u00e9phone: 1 (514) 341-9788 APPELEZ-NOUS S\u00e9lectionnez l\u2019objet *General InquirySales InquiryDealer InquiryCustomer InquiryComment \/ FeedbackUn ou plusieurs champs ont une erreur. Veuillez v\u00e9rifier et essayer \u00e0...","protected":false},"author":1,"featured_media":0,"parent":0,"menu_order":0,"comment_status":"closed","ping_status":"closed","template":"full_width.php","meta":{"_acf_changed":false,"footnotes":""},"class_list":["post-393","page","type-page","status-publish","hentry"],"acf":[],"yoast_head":"<!-- This site is optimized with the Yoast SEO Premium plugin v21.3 (Yoast SEO v26.4) - https:\/\/yoast.com\/wordpress\/plugins\/seo\/ -->\n<title>Communiquez avec nous | Cellutrak<\/title>\n<meta name=\"description\" content=\"Besoin d\u2019aide? Communiquez avec nous pour discuter de vos besoins.\" \/>\n<meta name=\"robots\" content=\"index, follow, max-snippet:-1, max-image-preview:large, max-video-preview:-1\" \/>\n<link rel=\"canonical\" href=\"https:\/\/www.cellutrak.ca\/fr\/contact\/\" \/>\n<meta property=\"og:locale\" content=\"fr_FR\" \/>\n<meta property=\"og:type\" content=\"article\" \/>\n<meta property=\"og:title\" content=\"Contact\" \/>\n<meta property=\"og:description\" content=\"Besoin d\u2019aide? Communiquez avec nous pour discuter de vos besoins.\" \/>\n<meta property=\"og:url\" content=\"https:\/\/www.cellutrak.ca\/fr\/contact\/\" \/>\n<meta property=\"og:site_name\" content=\"Cellutrak\" \/>\n<meta property=\"article:publisher\" content=\"https:\/\/www.facebook.com\/cellutrakgpstracking\/\" \/>\n<meta property=\"article:modified_time\" content=\"2022-12-28T05:31:11+00:00\" \/>\n<meta property=\"og:image\" content=\"https:\/\/www.cellutrak.ca\/wp-content\/uploads\/2022\/12\/PR-LinkPreview-.jpg\" \/>\n\t<meta property=\"og:image:width\" content=\"1200\" \/>\n\t<meta property=\"og:image:height\" content=\"630\" \/>\n\t<meta property=\"og:image:type\" content=\"image\/jpeg\" \/>\n<meta name=\"twitter:card\" content=\"summary_large_image\" \/>\n<meta name=\"twitter:label1\" content=\"Dur\u00e9e de lecture estim\u00e9e\" \/>\n\t<meta name=\"twitter:data1\" content=\"1 minute\" \/>\n<script type=\"application\/ld+json\" class=\"yoast-schema-graph\">{\"@context\":\"https:\/\/schema.org\",\"@graph\":[{\"@type\":\"Article\",\"@id\":\"https:\/\/www.cellutrak.ca\/fr\/contact\/#article\",\"isPartOf\":{\"@id\":\"https:\/\/www.cellutrak.ca\/fr\/contact\/\"},\"author\":{\"name\":\"ctrakadmin\",\"@id\":\"https:\/\/www.cellutrak.ca\/fr\/#\/schema\/person\/f4ff06cf1afc78ba64bb4ff3049d3ece\"},\"headline\":\"Contact\",\"datePublished\":\"2020-09-13T10:59:03+00:00\",\"dateModified\":\"2022-12-28T05:31:11+00:00\",\"mainEntityOfPage\":{\"@id\":\"https:\/\/www.cellutrak.ca\/fr\/contact\/\"},\"wordCount\":218,\"publisher\":{\"@id\":\"https:\/\/www.cellutrak.ca\/fr\/#organization\"},\"inLanguage\":\"fr-FR\"},{\"@type\":\"WebPage\",\"@id\":\"https:\/\/www.cellutrak.ca\/fr\/contact\/\",\"url\":\"https:\/\/www.cellutrak.ca\/fr\/contact\/\",\"name\":\"Communiquez avec nous | Cellutrak\",\"isPartOf\":{\"@id\":\"https:\/\/www.cellutrak.ca\/fr\/#website\"},\"datePublished\":\"2020-09-13T10:59:03+00:00\",\"dateModified\":\"2022-12-28T05:31:11+00:00\",\"description\":\"Besoin d\u2019aide? Communiquez avec nous pour discuter de vos besoins.\",\"breadcrumb\":{\"@id\":\"https:\/\/www.cellutrak.ca\/fr\/contact\/#breadcrumb\"},\"inLanguage\":\"fr-FR\",\"potentialAction\":[{\"@type\":\"ReadAction\",\"target\":[\"https:\/\/www.cellutrak.ca\/fr\/contact\/\"]}]},{\"@type\":\"BreadcrumbList\",\"@id\":\"https:\/\/www.cellutrak.ca\/fr\/contact\/#breadcrumb\",\"itemListElement\":[{\"@type\":\"ListItem\",\"position\":1,\"name\":\"Home\",\"item\":\"https:\/\/www.cellutrak.ca\/fr\/\"},{\"@type\":\"ListItem\",\"position\":2,\"name\":\"Contact\"}]},{\"@type\":\"WebSite\",\"@id\":\"https:\/\/www.cellutrak.ca\/fr\/#website\",\"url\":\"https:\/\/www.cellutrak.ca\/fr\/\",\"name\":\"Cellutrak\",\"description\":\"\",\"publisher\":{\"@id\":\"https:\/\/www.cellutrak.ca\/fr\/#organization\"},\"potentialAction\":[{\"@type\":\"SearchAction\",\"target\":{\"@type\":\"EntryPoint\",\"urlTemplate\":\"https:\/\/www.cellutrak.ca\/fr\/?s={search_term_string}\"},\"query-input\":{\"@type\":\"PropertyValueSpecification\",\"valueRequired\":true,\"valueName\":\"search_term_string\"}}],\"inLanguage\":\"fr-FR\"},{\"@type\":\"Organization\",\"@id\":\"https:\/\/www.cellutrak.ca\/fr\/#organization\",\"name\":\"Cellutrak\",\"url\":\"https:\/\/www.cellutrak.ca\/fr\/\",\"logo\":{\"@type\":\"ImageObject\",\"inLanguage\":\"fr-FR\",\"@id\":\"https:\/\/www.cellutrak.ca\/fr\/#\/schema\/logo\/image\/\",\"url\":\"https:\/\/www.cellutrak.ca\/wp-content\/uploads\/2021\/09\/CELLUTRAK-Social-Thumb.png\",\"contentUrl\":\"https:\/\/www.cellutrak.ca\/wp-content\/uploads\/2021\/09\/CELLUTRAK-Social-Thumb.png\",\"width\":200,\"height\":200,\"caption\":\"Cellutrak\"},\"image\":{\"@id\":\"https:\/\/www.cellutrak.ca\/fr\/#\/schema\/logo\/image\/\"},\"sameAs\":[\"https:\/\/www.facebook.com\/cellutrakgpstracking\/\",\"https:\/\/www.linkedin.com\/company\/cellutrakgpstracking\/\",\"https:\/\/www.youtube.com\/@cellutrakgps\"]},{\"@type\":\"Person\",\"@id\":\"https:\/\/www.cellutrak.ca\/fr\/#\/schema\/person\/f4ff06cf1afc78ba64bb4ff3049d3ece\",\"name\":\"ctrakadmin\",\"image\":{\"@type\":\"ImageObject\",\"inLanguage\":\"fr-FR\",\"@id\":\"https:\/\/www.cellutrak.ca\/fr\/#\/schema\/person\/image\/\",\"url\":\"https:\/\/secure.gravatar.com\/avatar\/692f9d8b87ba75bfaa698dd2283f6228?s=96&d=mm&r=g\",\"contentUrl\":\"https:\/\/secure.gravatar.com\/avatar\/692f9d8b87ba75bfaa698dd2283f6228?s=96&d=mm&r=g\",\"caption\":\"ctrakadmin\"},\"sameAs\":[\"http:\/\/www.cellutrak.ca\"]}]}<\/script>\n<!-- \/ Yoast SEO Premium plugin. -->","yoast_head_json":{"title":"Communiquez avec nous | Cellutrak","description":"Besoin d\u2019aide? Communiquez avec nous pour discuter de vos besoins.","robots":{"index":"index","follow":"follow","max-snippet":"max-snippet:-1","max-image-preview":"max-image-preview:large","max-video-preview":"max-video-preview:-1"},"canonical":"https:\/\/www.cellutrak.ca\/fr\/contact\/","og_locale":"fr_FR","og_type":"article","og_title":"Contact","og_description":"Besoin d\u2019aide? Communiquez avec nous pour discuter de vos besoins.","og_url":"https:\/\/www.cellutrak.ca\/fr\/contact\/","og_site_name":"Cellutrak","article_publisher":"https:\/\/www.facebook.com\/cellutrakgpstracking\/","article_modified_time":"2022-12-28T05:31:11+00:00","og_image":[{"width":1200,"height":630,"url":"https:\/\/www.cellutrak.ca\/wp-content\/uploads\/2022\/12\/PR-LinkPreview-.jpg","type":"image\/jpeg"}],"twitter_card":"summary_large_image","twitter_misc":{"Dur\u00e9e de lecture estim\u00e9e":"1 minute"},"schema":{"@context":"https:\/\/schema.org","@graph":[{"@type":"Article","@id":"https:\/\/www.cellutrak.ca\/fr\/contact\/#article","isPartOf":{"@id":"https:\/\/www.cellutrak.ca\/fr\/contact\/"},"author":{"name":"ctrakadmin","@id":"https:\/\/www.cellutrak.ca\/fr\/#\/schema\/person\/f4ff06cf1afc78ba64bb4ff3049d3ece"},"headline":"Contact","datePublished":"2020-09-13T10:59:03+00:00","dateModified":"2022-12-28T05:31:11+00:00","mainEntityOfPage":{"@id":"https:\/\/www.cellutrak.ca\/fr\/contact\/"},"wordCount":218,"publisher":{"@id":"https:\/\/www.cellutrak.ca\/fr\/#organization"},"inLanguage":"fr-FR"},{"@type":"WebPage","@id":"https:\/\/www.cellutrak.ca\/fr\/contact\/","url":"https:\/\/www.cellutrak.ca\/fr\/contact\/","name":"Communiquez avec nous | Cellutrak","isPartOf":{"@id":"https:\/\/www.cellutrak.ca\/fr\/#website"},"datePublished":"2020-09-13T10:59:03+00:00","dateModified":"2022-12-28T05:31:11+00:00","description":"Besoin d\u2019aide? Communiquez avec nous pour discuter de vos besoins.","breadcrumb":{"@id":"https:\/\/www.cellutrak.ca\/fr\/contact\/#breadcrumb"},"inLanguage":"fr-FR","potentialAction":[{"@type":"ReadAction","target":["https:\/\/www.cellutrak.ca\/fr\/contact\/"]}]},{"@type":"BreadcrumbList","@id":"https:\/\/www.cellutrak.ca\/fr\/contact\/#breadcrumb","itemListElement":[{"@type":"ListItem","position":1,"name":"Home","item":"https:\/\/www.cellutrak.ca\/fr\/"},{"@type":"ListItem","position":2,"name":"Contact"}]},{"@type":"WebSite","@id":"https:\/\/www.cellutrak.ca\/fr\/#website","url":"https:\/\/www.cellutrak.ca\/fr\/","name":"Cellutrak","description":"","publisher":{"@id":"https:\/\/www.cellutrak.ca\/fr\/#organization"},"potentialAction":[{"@type":"SearchAction","target":{"@type":"EntryPoint","urlTemplate":"https:\/\/www.cellutrak.ca\/fr\/?s={search_term_string}"},"query-input":{"@type":"PropertyValueSpecification","valueRequired":true,"valueName":"search_term_string"}}],"inLanguage":"fr-FR"},{"@type":"Organization","@id":"https:\/\/www.cellutrak.ca\/fr\/#organization","name":"Cellutrak","url":"https:\/\/www.cellutrak.ca\/fr\/","logo":{"@type":"ImageObject","inLanguage":"fr-FR","@id":"https:\/\/www.cellutrak.ca\/fr\/#\/schema\/logo\/image\/","url":"https:\/\/www.cellutrak.ca\/wp-content\/uploads\/2021\/09\/CELLUTRAK-Social-Thumb.png","contentUrl":"https:\/\/www.cellutrak.ca\/wp-content\/uploads\/2021\/09\/CELLUTRAK-Social-Thumb.png","width":200,"height":200,"caption":"Cellutrak"},"image":{"@id":"https:\/\/www.cellutrak.ca\/fr\/#\/schema\/logo\/image\/"},"sameAs":["https:\/\/www.facebook.com\/cellutrakgpstracking\/","https:\/\/www.linkedin.com\/company\/cellutrakgpstracking\/","https:\/\/www.youtube.com\/@cellutrakgps"]},{"@type":"Person","@id":"https:\/\/www.cellutrak.ca\/fr\/#\/schema\/person\/f4ff06cf1afc78ba64bb4ff3049d3ece","name":"ctrakadmin","image":{"@type":"ImageObject","inLanguage":"fr-FR","@id":"https:\/\/www.cellutrak.ca\/fr\/#\/schema\/person\/image\/","url":"https:\/\/secure.gravatar.com\/avatar\/692f9d8b87ba75bfaa698dd2283f6228?s=96&d=mm&r=g","contentUrl":"https:\/\/secure.gravatar.com\/avatar\/692f9d8b87ba75bfaa698dd2283f6228?s=96&d=mm&r=g","caption":"ctrakadmin"},"sameAs":["http:\/\/www.cellutrak.ca"]}]}},"_links":{"self":[{"href":"https:\/\/www.cellutrak.ca\/fr\/wp-json\/wp\/v2\/pages\/393","targetHints":{"allow":["GET"]}}],"collection":[{"href":"https:\/\/www.cellutrak.ca\/fr\/wp-json\/wp\/v2\/pages"}],"about":[{"href":"https:\/\/www.cellutrak.ca\/fr\/wp-json\/wp\/v2\/types\/page"}],"author":[{"embeddable":true,"href":"https:\/\/www.cellutrak.ca\/fr\/wp-json\/wp\/v2\/users\/1"}],"replies":[{"embeddable":true,"href":"https:\/\/www.cellutrak.ca\/fr\/wp-json\/wp\/v2\/comments?post=393"}],"version-history":[{"count":0,"href":"https:\/\/www.cellutrak.ca\/fr\/wp-json\/wp\/v2\/pages\/393\/revisions"}],"wp:attachment":[{"href":"https:\/\/www.cellutrak.ca\/fr\/wp-json\/wp\/v2\/media?parent=393"}],"curies":[{"name":"wp","href":"https:\/\/api.w.org\/{rel}","templated":true}]}}