{"id":395,"date":"2020-09-13T10:59:39","date_gmt":"2020-09-13T10:59:39","guid":{"rendered":"https:\/\/www.cellutrak.ca\/?page_id=395"},"modified":"2022-12-19T06:18:39","modified_gmt":"2022-12-19T06:18:39","slug":"request-live-demo","status":"publish","type":"page","link":"https:\/\/www.cellutrak.ca\/fr\/request-demo\/","title":{"rendered":"Request Live Demo"},"content":{"rendered":"<div class=\"wpb-content-wrapper\"><p>[vc_row css_animation=\u00a0\u00bb\u00a0\u00bb row_type=\u00a0\u00bbrow\u00a0\u00bb use_row_as_full_screen_section=\u00a0\u00bbno\u00a0\u00bb type=\u00a0\u00bbgrid\u00a0\u00bb angled_section=\u00a0\u00bbno\u00a0\u00bb text_align=\u00a0\u00bbleft\u00a0\u00bb background_image_as_pattern=\u00a0\u00bbwithout_pattern\u00a0\u00bb css=\u00a0\u00bb.vc_custom_1599241714533{padding-top: 120px !important;padding-bottom: 120px !important;background-color: #ffffff !important;}\u00a0\u00bb z_index=\u00a0\u00bb\u00a0\u00bb][vc_column][vc_column_text el_class=\u00a0\u00bbpage-banner\u00a0\u00bb]<\/p>\n<h1>DEMANDE D\u00c9MO<\/h1>\n<p>[\/vc_column_text][vc_empty_space height=\u00a0\u00bb30px\u00a0\u00bb][vc_row_inner row_type=\u00a0\u00bbrow\u00a0\u00bb type=\u00a0\u00bbfull_width\u00a0\u00bb text_align=\u00a0\u00bbleft\u00a0\u00bb css_animation=\u00a0\u00bb\u00a0\u00bb][vc_column_inner width=\u00a0\u00bb1\/3&Prime;][vc_column_text el_class=\u00a0\u00bbpage-banner no-bg\u00a0\u00bb]Demandez une<br \/>\nd\u00e9monstration[\/vc_column_text][vc_empty_space height=\u00a0\u00bb30px\u00a0\u00bb][vc_column_text]<\/p>\n<h4>Laissez-nous vous montrer pourquoi Cellutrak et le premier choix des professionnels de la gestion de flottes et des concessionnaires Kubota.<\/h4>\n<p>[\/vc_column_text][vc_empty_space height=\u00a0\u00bb20px\u00a0\u00bb][vc_column_text]Veuillez remplir ce formulaire pour planifier une d\u00e9monstration en direct gratuite. Un expert en solutions communiquera avec vous dans les 24 heures pour confirmer la date et l\u2019heure.[\/vc_column_text][vc_empty_space height=\u00a0\u00bb50px\u00a0\u00bb][\/vc_column_inner][vc_column_inner width=\u00a0\u00bb1\/12&Prime;][\/vc_column_inner][vc_column_inner el_class=\u00a0\u00bbform-sage\u00a0\u00bb width=\u00a0\u00bb7\/12&Prime;]<FORM Name='WEB2LEAD' method='POST' OnSubmit='return CreateAction()'><SCRIPT>function CreateAction() {if (document.WEB2LEAD.SELECTWorkFlow == null)document.WEB2LEAD.action = 'https:\/\/crm.cellutrak.com\/CRM\/eware.dll\/SubmitLead?RuleID=';else document.WEB2LEAD.action = 'https:\/\/crm.cellutrak.com\/CRM\/eware.dll\/SubmitLead?RuleID=' + document.WEB2LEAD.SELECTWorkFlow.options[document.WEB2LEAD.SELECTWorkFlow.selectedIndex].value;return true;}<\/SCRIPT><input type='text' placeholder='Pr\u00e9nom *' CLASS=EDIT ID='lead_personfirstname' name='lead_personfirstname' value='' maxlength=30><input type='text' placeholder='Nom *' CLASS=EDIT ID='lead_personlastname' name='lead_personlastname'  value='' maxlength=30><input type='text' placeholder='Entreprise *' CLASS=EDIT ID='lead_companyname' name='lead_companyname'  value='' maxlength=30><input type='text' placeholder='Courriel *' CLASS=EDIT ID='lead_personemail' name='lead_personemail'  value='' maxlength=100><input type='text' placeholder='T\u00e9l\u00e9phone *' CLASS=EDIT ID='lead_personphonenumber' name='lead_personphonenumber'  value='' maxlength=30><SELECT class=EDIT size=1 name='lead_mainproductinterest' id='lead_mainproductinterest' ><OPTION Value='0'>Solution par client\u00e8le *<\/OPTION><OPTION Value='Consumer'>Consumer<\/OPTION><OPTION Value='Business'>Business<\/OPTION><OPTION Value='Kubota'>Kubota<\/OPTION><\/SELECT><textarea placeholder='Message' CLASS=EDIT name='lead_details'  ID='lead_details'  rows=5 cols=30><\/textarea><br><p id='SC_ERRMSG' style='color:white'>Un ou plusieurs champs ont une erreur. Veuillez v\u00e9rifier et essayer \u00e0 nouveau. (*).<\/p><input type='hidden' name='_HIDDENlead_personfirstname' id='_HIDDENlead_personfirstname' value='' entryType='10'><input type='hidden' name='_HIDDENlead_personlastname' id='_HIDDENlead_personlastname' value='' entryType='10'><input type='hidden' name='_HIDDENlead_companyname' id='_HIDDENlead_companyname' value='' entryType='10'><input type='hidden' name='_HIDDENlead_personemail' id='_HIDDENlead_personemail' value='' entryType='10'><input type='hidden' name='_HIDDENlead_personphonenumber' id='_HIDDENlead_personphonenumber' value='' entryType='10'><input type='hidden' name='_HIDDENlead_mainproductinterest' id='_HIDDENlead_mainproductinterest' value='' entryType='21'><input type='hidden' name='_HIDDENlead_details' id='_HIDDENlead_details' value='' entryType='11'><input type='hidden' name='_HIDDENlead_source' value='Web'><input type='hidden' id='KSCLANG' value='FR'><input type='submit' value='Soumettre' id='WEB2LEADS-1'><input type='hidden' name='RuleID' id=' RuleID ' value=''><\/FORM>[\/vc_column_inner][\/vc_row_inner][\/vc_column][\/vc_row][vc_row css_animation=\u00a0\u00bb\u00a0\u00bb row_type=\u00a0\u00bbrow\u00a0\u00bb use_row_as_full_screen_section=\u00a0\u00bbno\u00a0\u00bb type=\u00a0\u00bbfull_width\u00a0\u00bb angled_section=\u00a0\u00bbno\u00a0\u00bb text_align=\u00a0\u00bbleft\u00a0\u00bb background_image_as_pattern=\u00a0\u00bbwithout_pattern\u00a0\u00bb][vc_column]<div class=\"wpb-content-wrapper\"><p>[vc_row css_animation=\u00a0\u00bb\u00a0\u00bb row_type=\u00a0\u00bbrow\u00a0\u00bb use_row_as_full_screen_section=\u00a0\u00bbno\u00a0\u00bb type=\u00a0\u00bbgrid\u00a0\u00bb angled_section=\u00a0\u00bbno\u00a0\u00bb text_align=\u00a0\u00bbleft\u00a0\u00bb background_image_as_pattern=\u00a0\u00bbwithout_pattern\u00a0\u00bb el_class=\u00a0\u00bbfind-right-solution\u00a0\u00bb z_index=\u00a0\u00bb\u00a0\u00bb padding_top=\u00a0\u00bb120&Prime; padding_bottom=\u00a0\u00bb120&Prime;][vc_column width=\u00a0\u00bb1\/12&Prime;][\/vc_column][vc_column width=\u00a0\u00bb5\/6&Prime;][vc_column_text el_class=\u00a0\u00bbdark-bg\u00a0\u00bb]<\/p>\n<h2 style=\"text-align: center;\">Pr\u00eat \u00e0 chercher la solution ad\u00e9quate?<\/h2>\n<h3 style=\"text-align: center;\">Utilisez notre <a href=\"http:\/\/cellutrak.ca\/fr\/solution-finder\/\">outil en ligne de recherche de solutions<\/a> ou appelez-nous au <a href=\"tel:1-888-901-8725\">1-888-901-8725<\/a> pour discuter de vos besoins. Vous pouvez \u00e9galement <a href=\"http:\/\/cellutrak.ca\/fr\/request-live-demo\/\">planifier une d\u00e9monstration<\/a> en direct gratuite pour voir nos solutions de suivi GPS \u00e0 l\u2019\u0153uvre.<\/h3>\n<p>[\/vc_column_text][vc_empty_space height=\u00a0\u00bb40px\u00a0\u00bb][vc_raw_html]JTNDdWwlMjBjbGFzcyUzRCUyMnNzLWJ1dHRvbnMlMjIlM0UlMEElM0NsaSUzRSUzQ2ElMjBocmVmJTNEJTIyJTJGZnIlMkZzb2x1dGlvbi1maW5kZXIlMkYlMjIlMjBjbGFzcyUzRCUyMmN1c3RvbS1idXR0b24lMjBibGFjay1idXR0b24lMjIlM0VUUk9VVkVSJTIwVU5FJTIwU09MVVRJT04lM0MlMkZhJTNFJTNDJTJGbGklM0UlMEElM0NsaSUzRSUzQ2ElMjBocmVmJTNEJTIyJTJGZnIlMkZyZXF1ZXN0LWxpdmUtZGVtbyUyRiUyMiUyMGNsYXNzJTNEJTIyY3VzdG9tLWJ1dHRvbiUyMHRyYW5zcGFyZW50LWJ1dHRvbiUyMiUzRURFTUFOREUlMjBEJUMzJTg5TU8lM0NpJTIwY2xhc3MlM0QlMjJmYSUyMGZhLWFuZ2xlLXJpZ2h0JTIyJTNFJTNDJTJGaSUzRSUzQyUyRmElM0UlM0MlMkZsaSUzRSUwQSUzQyUyRnVsJTNF[\/vc_raw_html][\/vc_column][vc_column width=\u00a0\u00bb1\/12&Prime;][\/vc_column][\/vc_row]<\/p>\n<\/div>[\/vc_column][\/vc_row]<\/p>\n<\/div>","protected":false},"excerpt":{"rendered":"DEMANDE D\u00c9MO Demandez une d\u00e9monstration Laissez-nous vous montrer pourquoi Cellutrak et le premier choix des professionnels de la gestion de flottes et des concessionnaires Kubota. Veuillez remplir ce formulaire pour planifier une d\u00e9monstration en direct gratuite. Un expert en solutions communiquera avec vous dans les...","protected":false},"author":1,"featured_media":0,"parent":0,"menu_order":0,"comment_status":"closed","ping_status":"closed","template":"full_width.php","meta":{"_acf_changed":false,"footnotes":""},"class_list":["post-395","page","type-page","status-publish","hentry"],"acf":[],"yoast_head":"<!-- This site is optimized with the Yoast SEO Premium plugin v21.3 (Yoast SEO v26.4) - https:\/\/yoast.com\/wordpress\/plugins\/seo\/ -->\n<title>Demande d\u00e9mo | Cellutrak<\/title>\n<meta name=\"description\" content=\"Laissez-nous vous montrer pourquoi Cellutrak et le premier choix des professionnels de la gestion de flottes et des concessionnaires Kubota. Demandez une d\u00e9monstration.\" \/>\n<meta name=\"robots\" content=\"index, follow, max-snippet:-1, max-image-preview:large, max-video-preview:-1\" \/>\n<link rel=\"canonical\" href=\"https:\/\/www.cellutrak.ca\/fr\/request-demo\/\" \/>\n<meta property=\"og:locale\" content=\"fr_FR\" \/>\n<meta property=\"og:type\" content=\"article\" \/>\n<meta property=\"og:title\" content=\"Request Live Demo\" \/>\n<meta property=\"og:description\" content=\"Laissez-nous vous montrer pourquoi Cellutrak et le premier choix des professionnels de la gestion de flottes et des concessionnaires Kubota. Demandez une d\u00e9monstration.\" \/>\n<meta property=\"og:url\" content=\"https:\/\/www.cellutrak.ca\/fr\/request-demo\/\" \/>\n<meta property=\"og:site_name\" content=\"Cellutrak\" \/>\n<meta property=\"article:publisher\" content=\"https:\/\/www.facebook.com\/cellutrakgpstracking\/\" \/>\n<meta property=\"article:modified_time\" content=\"2022-12-19T06:18:39+00:00\" \/>\n<meta property=\"og:image\" content=\"https:\/\/www.cellutrak.ca\/wp-content\/uploads\/2022\/12\/PR-LinkPreview-.jpg\" \/>\n\t<meta property=\"og:image:width\" content=\"1200\" \/>\n\t<meta property=\"og:image:height\" content=\"630\" \/>\n\t<meta property=\"og:image:type\" content=\"image\/jpeg\" \/>\n<meta name=\"twitter:card\" content=\"summary_large_image\" \/>\n<meta name=\"twitter:label1\" content=\"Dur\u00e9e de lecture estim\u00e9e\" \/>\n\t<meta name=\"twitter:data1\" content=\"1 minute\" \/>\n<script type=\"application\/ld+json\" class=\"yoast-schema-graph\">{\"@context\":\"https:\/\/schema.org\",\"@graph\":[{\"@type\":\"Article\",\"@id\":\"https:\/\/www.cellutrak.ca\/fr\/request-demo\/#article\",\"isPartOf\":{\"@id\":\"https:\/\/www.cellutrak.ca\/fr\/request-demo\/\"},\"author\":{\"name\":\"ctrakadmin\",\"@id\":\"https:\/\/www.cellutrak.ca\/fr\/#\/schema\/person\/8d7f31719caa69dd6d8ecb8260b735b1\"},\"headline\":\"Request Live Demo\",\"datePublished\":\"2020-09-13T10:59:39+00:00\",\"dateModified\":\"2022-12-19T06:18:39+00:00\",\"mainEntityOfPage\":{\"@id\":\"https:\/\/www.cellutrak.ca\/fr\/request-demo\/\"},\"wordCount\":243,\"publisher\":{\"@id\":\"https:\/\/www.cellutrak.ca\/fr\/#organization\"},\"inLanguage\":\"fr-FR\"},{\"@type\":\"WebPage\",\"@id\":\"https:\/\/www.cellutrak.ca\/fr\/request-demo\/\",\"url\":\"https:\/\/www.cellutrak.ca\/fr\/request-demo\/\",\"name\":\"Demande d\u00e9mo | Cellutrak\",\"isPartOf\":{\"@id\":\"https:\/\/www.cellutrak.ca\/fr\/#website\"},\"datePublished\":\"2020-09-13T10:59:39+00:00\",\"dateModified\":\"2022-12-19T06:18:39+00:00\",\"description\":\"Laissez-nous vous montrer pourquoi Cellutrak et le premier choix des professionnels de la gestion de flottes et des concessionnaires Kubota. Demandez une d\u00e9monstration.\",\"breadcrumb\":{\"@id\":\"https:\/\/www.cellutrak.ca\/fr\/request-demo\/#breadcrumb\"},\"inLanguage\":\"fr-FR\",\"potentialAction\":[{\"@type\":\"ReadAction\",\"target\":[\"https:\/\/www.cellutrak.ca\/fr\/request-demo\/\"]}]},{\"@type\":\"BreadcrumbList\",\"@id\":\"https:\/\/www.cellutrak.ca\/fr\/request-demo\/#breadcrumb\",\"itemListElement\":[{\"@type\":\"ListItem\",\"position\":1,\"name\":\"Home\",\"item\":\"https:\/\/www.cellutrak.ca\/fr\/\"},{\"@type\":\"ListItem\",\"position\":2,\"name\":\"Request Live Demo\"}]},{\"@type\":\"WebSite\",\"@id\":\"https:\/\/www.cellutrak.ca\/fr\/#website\",\"url\":\"https:\/\/www.cellutrak.ca\/fr\/\",\"name\":\"Cellutrak\",\"description\":\"\",\"publisher\":{\"@id\":\"https:\/\/www.cellutrak.ca\/fr\/#organization\"},\"potentialAction\":[{\"@type\":\"SearchAction\",\"target\":{\"@type\":\"EntryPoint\",\"urlTemplate\":\"https:\/\/www.cellutrak.ca\/fr\/?s={search_term_string}\"},\"query-input\":{\"@type\":\"PropertyValueSpecification\",\"valueRequired\":true,\"valueName\":\"search_term_string\"}}],\"inLanguage\":\"fr-FR\"},{\"@type\":\"Organization\",\"@id\":\"https:\/\/www.cellutrak.ca\/fr\/#organization\",\"name\":\"Cellutrak\",\"url\":\"https:\/\/www.cellutrak.ca\/fr\/\",\"logo\":{\"@type\":\"ImageObject\",\"inLanguage\":\"fr-FR\",\"@id\":\"https:\/\/www.cellutrak.ca\/fr\/#\/schema\/logo\/image\/\",\"url\":\"https:\/\/www.cellutrak.ca\/wp-content\/uploads\/2021\/09\/CELLUTRAK-Social-Thumb.png\",\"contentUrl\":\"https:\/\/www.cellutrak.ca\/wp-content\/uploads\/2021\/09\/CELLUTRAK-Social-Thumb.png\",\"width\":200,\"height\":200,\"caption\":\"Cellutrak\"},\"image\":{\"@id\":\"https:\/\/www.cellutrak.ca\/fr\/#\/schema\/logo\/image\/\"},\"sameAs\":[\"https:\/\/www.facebook.com\/cellutrakgpstracking\/\",\"https:\/\/www.linkedin.com\/company\/cellutrakgpstracking\/\",\"https:\/\/www.youtube.com\/@cellutrakgps\"]},{\"@type\":\"Person\",\"@id\":\"https:\/\/www.cellutrak.ca\/fr\/#\/schema\/person\/8d7f31719caa69dd6d8ecb8260b735b1\",\"name\":\"ctrakadmin\",\"image\":{\"@type\":\"ImageObject\",\"inLanguage\":\"fr-FR\",\"@id\":\"https:\/\/www.cellutrak.ca\/fr\/#\/schema\/person\/image\/\",\"url\":\"https:\/\/secure.gravatar.com\/avatar\/692f9d8b87ba75bfaa698dd2283f6228?s=96&d=mm&r=g\",\"contentUrl\":\"https:\/\/secure.gravatar.com\/avatar\/692f9d8b87ba75bfaa698dd2283f6228?s=96&d=mm&r=g\",\"caption\":\"ctrakadmin\"},\"sameAs\":[\"http:\/\/www.cellutrak.ca\"]}]}<\/script>\n<!-- \/ Yoast SEO Premium plugin. -->","yoast_head_json":{"title":"Demande d\u00e9mo | Cellutrak","description":"Laissez-nous vous montrer pourquoi Cellutrak et le premier choix des professionnels de la gestion de flottes et des concessionnaires Kubota. Demandez une d\u00e9monstration.","robots":{"index":"index","follow":"follow","max-snippet":"max-snippet:-1","max-image-preview":"max-image-preview:large","max-video-preview":"max-video-preview:-1"},"canonical":"https:\/\/www.cellutrak.ca\/fr\/request-demo\/","og_locale":"fr_FR","og_type":"article","og_title":"Request Live Demo","og_description":"Laissez-nous vous montrer pourquoi Cellutrak et le premier choix des professionnels de la gestion de flottes et des concessionnaires Kubota. Demandez une d\u00e9monstration.","og_url":"https:\/\/www.cellutrak.ca\/fr\/request-demo\/","og_site_name":"Cellutrak","article_publisher":"https:\/\/www.facebook.com\/cellutrakgpstracking\/","article_modified_time":"2022-12-19T06:18:39+00:00","og_image":[{"width":1200,"height":630,"url":"https:\/\/www.cellutrak.ca\/wp-content\/uploads\/2022\/12\/PR-LinkPreview-.jpg","type":"image\/jpeg"}],"twitter_card":"summary_large_image","twitter_misc":{"Dur\u00e9e de lecture estim\u00e9e":"1 minute"},"schema":{"@context":"https:\/\/schema.org","@graph":[{"@type":"Article","@id":"https:\/\/www.cellutrak.ca\/fr\/request-demo\/#article","isPartOf":{"@id":"https:\/\/www.cellutrak.ca\/fr\/request-demo\/"},"author":{"name":"ctrakadmin","@id":"https:\/\/www.cellutrak.ca\/fr\/#\/schema\/person\/8d7f31719caa69dd6d8ecb8260b735b1"},"headline":"Request Live Demo","datePublished":"2020-09-13T10:59:39+00:00","dateModified":"2022-12-19T06:18:39+00:00","mainEntityOfPage":{"@id":"https:\/\/www.cellutrak.ca\/fr\/request-demo\/"},"wordCount":243,"publisher":{"@id":"https:\/\/www.cellutrak.ca\/fr\/#organization"},"inLanguage":"fr-FR"},{"@type":"WebPage","@id":"https:\/\/www.cellutrak.ca\/fr\/request-demo\/","url":"https:\/\/www.cellutrak.ca\/fr\/request-demo\/","name":"Demande d\u00e9mo | Cellutrak","isPartOf":{"@id":"https:\/\/www.cellutrak.ca\/fr\/#website"},"datePublished":"2020-09-13T10:59:39+00:00","dateModified":"2022-12-19T06:18:39+00:00","description":"Laissez-nous vous montrer pourquoi Cellutrak et le premier choix des professionnels de la gestion de flottes et des concessionnaires Kubota. Demandez une d\u00e9monstration.","breadcrumb":{"@id":"https:\/\/www.cellutrak.ca\/fr\/request-demo\/#breadcrumb"},"inLanguage":"fr-FR","potentialAction":[{"@type":"ReadAction","target":["https:\/\/www.cellutrak.ca\/fr\/request-demo\/"]}]},{"@type":"BreadcrumbList","@id":"https:\/\/www.cellutrak.ca\/fr\/request-demo\/#breadcrumb","itemListElement":[{"@type":"ListItem","position":1,"name":"Home","item":"https:\/\/www.cellutrak.ca\/fr\/"},{"@type":"ListItem","position":2,"name":"Request Live Demo"}]},{"@type":"WebSite","@id":"https:\/\/www.cellutrak.ca\/fr\/#website","url":"https:\/\/www.cellutrak.ca\/fr\/","name":"Cellutrak","description":"","publisher":{"@id":"https:\/\/www.cellutrak.ca\/fr\/#organization"},"potentialAction":[{"@type":"SearchAction","target":{"@type":"EntryPoint","urlTemplate":"https:\/\/www.cellutrak.ca\/fr\/?s={search_term_string}"},"query-input":{"@type":"PropertyValueSpecification","valueRequired":true,"valueName":"search_term_string"}}],"inLanguage":"fr-FR"},{"@type":"Organization","@id":"https:\/\/www.cellutrak.ca\/fr\/#organization","name":"Cellutrak","url":"https:\/\/www.cellutrak.ca\/fr\/","logo":{"@type":"ImageObject","inLanguage":"fr-FR","@id":"https:\/\/www.cellutrak.ca\/fr\/#\/schema\/logo\/image\/","url":"https:\/\/www.cellutrak.ca\/wp-content\/uploads\/2021\/09\/CELLUTRAK-Social-Thumb.png","contentUrl":"https:\/\/www.cellutrak.ca\/wp-content\/uploads\/2021\/09\/CELLUTRAK-Social-Thumb.png","width":200,"height":200,"caption":"Cellutrak"},"image":{"@id":"https:\/\/www.cellutrak.ca\/fr\/#\/schema\/logo\/image\/"},"sameAs":["https:\/\/www.facebook.com\/cellutrakgpstracking\/","https:\/\/www.linkedin.com\/company\/cellutrakgpstracking\/","https:\/\/www.youtube.com\/@cellutrakgps"]},{"@type":"Person","@id":"https:\/\/www.cellutrak.ca\/fr\/#\/schema\/person\/8d7f31719caa69dd6d8ecb8260b735b1","name":"ctrakadmin","image":{"@type":"ImageObject","inLanguage":"fr-FR","@id":"https:\/\/www.cellutrak.ca\/fr\/#\/schema\/person\/image\/","url":"https:\/\/secure.gravatar.com\/avatar\/692f9d8b87ba75bfaa698dd2283f6228?s=96&d=mm&r=g","contentUrl":"https:\/\/secure.gravatar.com\/avatar\/692f9d8b87ba75bfaa698dd2283f6228?s=96&d=mm&r=g","caption":"ctrakadmin"},"sameAs":["http:\/\/www.cellutrak.ca"]}]}},"_links":{"self":[{"href":"https:\/\/www.cellutrak.ca\/fr\/wp-json\/wp\/v2\/pages\/395","targetHints":{"allow":["GET"]}}],"collection":[{"href":"https:\/\/www.cellutrak.ca\/fr\/wp-json\/wp\/v2\/pages"}],"about":[{"href":"https:\/\/www.cellutrak.ca\/fr\/wp-json\/wp\/v2\/types\/page"}],"author":[{"embeddable":true,"href":"https:\/\/www.cellutrak.ca\/fr\/wp-json\/wp\/v2\/users\/1"}],"replies":[{"embeddable":true,"href":"https:\/\/www.cellutrak.ca\/fr\/wp-json\/wp\/v2\/comments?post=395"}],"version-history":[{"count":0,"href":"https:\/\/www.cellutrak.ca\/fr\/wp-json\/wp\/v2\/pages\/395\/revisions"}],"wp:attachment":[{"href":"https:\/\/www.cellutrak.ca\/fr\/wp-json\/wp\/v2\/media?parent=395"}],"curies":[{"name":"wp","href":"https:\/\/api.w.org\/{rel}","templated":true}]}}