{"id":4362,"date":"2021-02-15T09:24:35","date_gmt":"2021-02-15T09:24:35","guid":{"rendered":"https:\/\/www.cellutrak.ca\/?page_id=4362"},"modified":"2023-08-02T07:10:10","modified_gmt":"2023-08-02T07:10:10","slug":"communiques-de-presse","status":"publish","type":"page","link":"https:\/\/www.cellutrak.ca\/fr\/nouvelles\/","title":{"rendered":"Nouvelles de la soci\u00e9t\u00e9"},"content":{"rendered":"<div class=\"wpb-content-wrapper\"><p>[vc_row css_animation=\u00a0\u00bb\u00a0\u00bb row_type=\u00a0\u00bbrow\u00a0\u00bb use_row_as_full_screen_section=\u00a0\u00bbno\u00a0\u00bb type=\u00a0\u00bbgrid\u00a0\u00bb angled_section=\u00a0\u00bbno\u00a0\u00bb text_align=\u00a0\u00bbleft\u00a0\u00bb background_image_as_pattern=\u00a0\u00bbwithout_pattern\u00a0\u00bb css=\u00a0\u00bb.vc_custom_1614956099574{padding-top: 100px !important;padding-bottom: 100px !important;background-image: url(http:\/\/cellutrak.ca\/wp-content\/uploads\/2020\/09\/Company_Banner.jpg?id=297) !important;background-position: center !important;background-repeat: no-repeat !important;background-size: cover !important;}\u00a0\u00bb z_index=\u00a0\u00bb\u00a0\u00bb el_class=\u00a0\u00bbpage-banner news-banner\u00a0\u00bb][vc_column][vc_column_text]<\/p>\n<h1>NOUVELLES SUR L\u2019ENTREPRISE<\/h1>\n<p>Lisez les toutes derni\u00e8res<br \/>\nnouvelles sur Cellutrak[\/vc_column_text][vc_empty_space height=\u00a0\u00bb30px\u00a0\u00bb][vc_column_text]<\/p>\n<ul>\n<li><a class=\"button-1 news\" href=\"https:\/\/www.facebook.com\/cellutrakgpstracking\" target=\"_blank\" rel=\"noopener noreferrer\"><i class=\"fa fa-facebook\">\u00a0<\/i><\/a><\/li>\n<li><a class=\"button-1 news\" href=\"https:\/\/www.linkedin.com\/company\/cellutrakgpstracking\" target=\"_blank\" rel=\"noopener noreferrer\"><i class=\"fa fa-linkedin\">\u00a0<\/i><\/a><\/li>\n<li><a class=\"button-1 news\" href=\"https:\/\/www.instagram.com\/cellutrakgpstracking\/\" target=\"_blank\" rel=\"noopener noreferrer\"><i class=\"fa fa-instagram\">\u00a0<\/i><\/a><\/li>\n<\/ul>\n<p>[\/vc_column_text][\/vc_column][\/vc_row][vc_row css_animation=\u00a0\u00bb\u00a0\u00bb row_type=\u00a0\u00bbrow\u00a0\u00bb use_row_as_full_screen_section=\u00a0\u00bbno\u00a0\u00bb type=\u00a0\u00bbgrid\u00a0\u00bb angled_section=\u00a0\u00bbno\u00a0\u00bb text_align=\u00a0\u00bbleft\u00a0\u00bb background_image_as_pattern=\u00a0\u00bbwithout_pattern\u00a0\u00bb el_id=\u00a0\u00bbnews-list-main\u00a0\u00bb el_class=\u00a0\u00bbnews-list\u00a0\u00bb z_index=\u00a0\u00bb\u00a0\u00bb padding_top=\u00a0\u00bb80&Prime; padding_bottom=\u00a0\u00bb80&Prime;][vc_column][vc_column_text]<div class=\"pt-cv-wrapper\"><div class=\"pt-cv-view pt-cv-grid pt-cv-colsys pt-cv-pgregular\" id=\"pt-cv-view-c399d23jmy\"><div data-id=\"pt-cv-page-1\" class=\"pt-cv-page\" data-cvc=\"1\"><div class=\"col-md-12 col-sm-12 col-xs-12 pt-cv-content-item pt-cv-2-col\"  data-pid=\"18766\"><div class='pt-cv-ifield'><div class=\"pt-cv-meta-fields\"><span class=\"terms\"> <a href='https:\/\/www.cellutrak.ca\/fr\/category\/communiques-de-presse\/' title='Communiqu\u00e9s de presse' class='pt-cv-tax-communiques-de-presse'>Communiqu\u00e9s de presse<\/a>, <a href='https:\/\/www.cellutrak.ca\/fr\/category\/histoires-a-succes\/' title='Histoires \u00e0 succ\u00e8s' class='pt-cv-tax-histoires-a-succes'>Histoires \u00e0 succ\u00e8s<\/a>, <a href='https:\/\/www.cellutrak.ca\/fr\/category\/nouvelles\/' title='Nouvelles' class='pt-cv-tax-nouvelles'>Nouvelles<\/a><\/span><\/div>\n<h2 class=\"pt-cv-title\"><a href=\"https:\/\/www.cellutrak.ca\/fr\/kubota-u17-vole-sur-un-chantier-de-construction\/\" class=\"_self cvplbd\" target=\"_self\" >Les criminels de machinery lourdes ont carte blanche pendat les longs week-ends, cette fois un Kubota U17 vol\u00e9 sur un chantier de construction a \u00e9t\u00e9 r\u00e9cup\u00e9r\u00e9 par la Police R\u00e9gionale de Peel \u00e0 l\u2019aide du syst\u00e8me de suivi GPS de Cellutrak.<\/a><\/h2>\n<div class=\"pt-cv-content\">Le Kubota U17 \u00e9tait \u00e9valu\u00e9 \u00e0 100 000 $. Mars 2024 \u2014 Le long week-end de P\u00e2ques signifie que les gens sont en vacances et que les chantiers de construction sont vides. C\u2019est l\u2019occasion id\u00e9ale pour les criminels de cibler la machinerie lourde. Une entreprise de construction bas\u00e9e \u00e0 Toronto ...<br \/><div class=\"pt-cv-rmwrap\"><a href=\"https:\/\/www.cellutrak.ca\/fr\/kubota-u17-vole-sur-un-chantier-de-construction\/\" class=\"_self pt-cv-readmore btn btn-success cvplbd\" target=\"_self\">En savoir plus <i class=\"fa fa-angle-right\"><\/i><\/a><\/div><\/div><\/div><\/div>\n<div class=\"col-md-12 col-sm-12 col-xs-12 pt-cv-content-item pt-cv-2-col\"  data-pid=\"18749\"><div class='pt-cv-ifield'><div class=\"pt-cv-meta-fields\"><span class=\"terms\"> <a href='https:\/\/www.cellutrak.ca\/fr\/category\/communiques-de-presse\/' title='Communiqu\u00e9s de presse' class='pt-cv-tax-communiques-de-presse'>Communiqu\u00e9s de presse<\/a>, <a href='https:\/\/www.cellutrak.ca\/fr\/category\/histoires-a-succes\/' title='Histoires \u00e0 succ\u00e8s' class='pt-cv-tax-histoires-a-succes'>Histoires \u00e0 succ\u00e8s<\/a>, <a href='https:\/\/www.cellutrak.ca\/fr\/category\/nouvelles\/' title='Nouvelles' class='pt-cv-tax-nouvelles'>Nouvelles<\/a><\/span><\/div>\n<h2 class=\"pt-cv-title\"><a href=\"https:\/\/www.cellutrak.ca\/fr\/kubota-svl95-la-recuperation-dune-machine-kubota-par-la-grc\/\" class=\"_self cvplbd\" target=\"_self\" >La solution antivol GPS de Cellutrak a permis la r\u00e9cup\u00e9ration d&rsquo;une machine Kubota par la GRC au fond de la brousse d&rsquo;Enoch, en Alberta.<\/a><\/h2>\n<div class=\"pt-cv-content\">La valeur du Kubota SVL95 \u00e9tait \u00e9valu\u00e9e \u00e0 60 000 $. Septembre 2024\u00a0\u2014 Une entreprise sous-traitante bien connue a \u00e9t\u00e9 cibl\u00e9e pour le vol de sa machine Kubota. Le SVL95 a \u00e9t\u00e9 vol\u00e9 sur un chantier \u00e0 Edmonton. Il avait \u00e9t\u00e9 vol\u00e9 plusieurs jours avant que l\u2019\u00e9quipe antivol de Cellutrak ...<br \/><div class=\"pt-cv-rmwrap\"><a href=\"https:\/\/www.cellutrak.ca\/fr\/kubota-svl95-la-recuperation-dune-machine-kubota-par-la-grc\/\" class=\"_self pt-cv-readmore btn btn-success cvplbd\" target=\"_self\">En savoir plus <i class=\"fa fa-angle-right\"><\/i><\/a><\/div><\/div><\/div><\/div>\n<div class=\"col-md-12 col-sm-12 col-xs-12 pt-cv-content-item pt-cv-2-col\"  data-pid=\"18731\"><div class='pt-cv-ifield'><div class=\"pt-cv-meta-fields\"><span class=\"terms\"> <a href='https:\/\/www.cellutrak.ca\/fr\/category\/communiques-de-presse\/' title='Communiqu\u00e9s de presse' class='pt-cv-tax-communiques-de-presse'>Communiqu\u00e9s de presse<\/a>, <a href='https:\/\/www.cellutrak.ca\/fr\/category\/histoires-a-succes\/' title='Histoires \u00e0 succ\u00e8s' class='pt-cv-tax-histoires-a-succes'>Histoires \u00e0 succ\u00e8s<\/a>, <a href='https:\/\/www.cellutrak.ca\/fr\/category\/nouvelles\/' title='Nouvelles' class='pt-cv-tax-nouvelles'>Nouvelles<\/a><\/span><\/div>\n<h2 class=\"pt-cv-title\"><a href=\"https:\/\/www.cellutrak.ca\/fr\/recuperer-un-land-rover-svr-toronto\/\" class=\"_self cvplbd\" target=\"_self\" >Un autre coup de circuit pour Cellutrak, car son syst\u00e8me de pr\u00e9vention du vol par suivi GPS a aid\u00e9 la police de Toronto \u00e0 identifier un magasin de vente \u201cchop shop\u201d au d\u00e9tail local, \u00e0 r\u00e9cup\u00e9rer un Land Rover SVR vol\u00e9 et \u00e0 arr\u00eater des voleurs de voitures<\/a><\/h2>\n<div class=\"pt-cv-content\">Le Land Rover SVR 2018 \u00e9tait \u00e9valu\u00e9 \u00e0 90 000 $. Octobre 2024 \u2014 L\u2019un des clients de Cellutrak a re\u00e7u une information suspecte selon laquelle l\u2019un de ses v\u00e9hicules \u00e9tait destin\u00e9 \u00e0 l\u2019exportation internationale depuis North York, en Ontario. Ils ont signal\u00e9 son vol et se sont tourn\u00e9s vers ...<br \/><div class=\"pt-cv-rmwrap\"><a href=\"https:\/\/www.cellutrak.ca\/fr\/recuperer-un-land-rover-svr-toronto\/\" class=\"_self pt-cv-readmore btn btn-success cvplbd\" target=\"_self\">En savoir plus <i class=\"fa fa-angle-right\"><\/i><\/a><\/div><\/div><\/div><\/div>\n<div class=\"col-md-12 col-sm-12 col-xs-12 pt-cv-content-item pt-cv-2-col\"  data-pid=\"18545\"><div class='pt-cv-ifield'><div class=\"pt-cv-meta-fields\"><span class=\"terms\"> <a href='https:\/\/www.cellutrak.ca\/fr\/category\/communiques-de-presse\/' title='Communiqu\u00e9s de presse' class='pt-cv-tax-communiques-de-presse'>Communiqu\u00e9s de presse<\/a>, <a href='https:\/\/www.cellutrak.ca\/fr\/category\/histoires-a-succes\/' title='Histoires \u00e0 succ\u00e8s' class='pt-cv-tax-histoires-a-succes'>Histoires \u00e0 succ\u00e8s<\/a>, <a href='https:\/\/www.cellutrak.ca\/fr\/category\/nouvelles\/' title='Nouvelles' class='pt-cv-tax-nouvelles'>Nouvelles<\/a><\/span><\/div>\n<h2 class=\"pt-cv-title\"><a href=\"https:\/\/www.cellutrak.ca\/fr\/des-voleurs-de-voitures-de-montreal-volent-une-fordf150-dans-un-stationnement-costco-en-plein-jour\/\" class=\"_self cvplbd\" target=\"_self\" >Des voleurs de voitures de Montr\u00e9al volent une Ford F150 dans un stationnement Costco en plein jour, Cellutrak aide le SPVM \u00e0 r\u00e9cup\u00e9rer cette voiture populaire en une heure<\/a><\/h2>\n<div class=\"pt-cv-content\">La Ford F150 2023 \u00e9tait \u00e9valu\u00e9e \u00e0 75 000 $. Mai 2024 \u2014 Une soci\u00e9t\u00e9 de gestion d\u2019immeubles s\u2019est fait voler sa Ford F150 alors qu\u2019elle effectuait une course Costco \u00e0 Anjou. Les Costco de Montr\u00e9al deviennent une bonne source d\u2019activit\u00e9s criminelles. Les grands parkings bond\u00e9s peuvent \u00eatre consid\u00e9r\u00e9s comme ...<br \/><div class=\"pt-cv-rmwrap\"><a href=\"https:\/\/www.cellutrak.ca\/fr\/des-voleurs-de-voitures-de-montreal-volent-une-fordf150-dans-un-stationnement-costco-en-plein-jour\/\" class=\"_self pt-cv-readmore btn btn-success cvplbd\" target=\"_self\">En savoir plus <i class=\"fa fa-angle-right\"><\/i><\/a><\/div><\/div><\/div><\/div><\/div><\/div>\n<div class=\"text-left pt-cv-pagination-wrapper\"><ul class=\"pt-cv-pagination pt-cv-ajax pagination\" data-totalpages=\"5\" data-currentpage=\"1\" data-sid=\"c399d23jmy\" data-unid=\"\" data-isblock=\"\" data-postid=\"\"><li class=\"active\"><a href=\"#\">1<\/a><\/li>\n\t<li ><a class=\"\" href=\"https:\/\/www.cellutrak.ca\/fr\/wp-json\/wp\/v2\/pages\/4362\/?_page=2\">2<\/a><\/li>\n\t<li ><a class=\"\" href=\"https:\/\/www.cellutrak.ca\/fr\/wp-json\/wp\/v2\/pages\/4362\/?_page=3\">3<\/a><\/li>\n\t<li ><a href=\"#\">\u2026<\/a><\/li>\n\t<li ><a class=\"\" href=\"https:\/\/www.cellutrak.ca\/fr\/wp-json\/wp\/v2\/pages\/4362\/?_page=5\">5<\/a><\/li>\n\t<li ><a class=\" \" href=\"https:\/\/www.cellutrak.ca\/fr\/wp-json\/wp\/v2\/pages\/4362\/?_page=2\">&rsaquo;<\/a><\/li>\n\t<\/ul><img loading=\"lazy\" decoding=\"async\" width=\"15\" height=\"15\" class=\"pt-cv-spinner\" alt=\"Chargement\u2026\" src=\"data:image\/gif;base64,R0lGODlhDwAPALMPAMrKygwMDJOTkz09PZWVla+vr3p6euTk5M7OzuXl5TMzMwAAAJmZmWZmZszMzP\/\/\/yH\/C05FVFNDQVBFMi4wAwEAAAAh+QQFCgAPACwAAAAADwAPAAAEQvDJaZaZOIcV8iQK8VRX4iTYoAwZ4iCYoAjZ4RxejhVNoT+mRGP4cyF4Pp0N98sBGIBMEMOotl6YZ3S61Bmbkm4mAgAh+QQFCgAPACwAAAAADQANAAAENPDJSRSZeA418itN8QiK8BiLITVsFiyBBIoYqnoewAD4xPw9iY4XLGYSjkQR4UAUD45DLwIAIfkEBQoADwAsAAAAAA8ACQAABC\/wyVlamTi3nSdgwFNdhEJgTJoNyoB9ISYoQmdjiZPcj7EYCAeCF1gEDo4Dz2eIAAAh+QQFCgAPACwCAAAADQANAAAEM\/DJBxiYeLKdX3IJZT1FU0iIg2RNKx3OkZVnZ98ToRD4MyiDnkAh6BkNC0MvsAj0kMpHBAAh+QQFCgAPACwGAAAACQAPAAAEMDC59KpFDll73HkAA2wVY5KgiK5b0RRoI6MuzG6EQqCDMlSGheEhUAgqgUUAFRySIgAh+QQFCgAPACwCAAIADQANAAAEM\/DJKZNLND\/kkKaHc3xk+QAMYDKsiaqmZCxGVjSFFCxB1vwy2oOgIDxuucxAMTAJFAJNBAAh+QQFCgAPACwAAAYADwAJAAAEMNAs86q1yaWwwv2Ig0jUZx3OYa4XoRAfwADXoAwfo1+CIjyFRuEho60aSNYlOPxEAAAh+QQFCgAPACwAAAIADQANAAAENPA9s4y8+IUVcqaWJ4qEQozSoAzoIyhCK2NFU2SJk0hNnyEOhKR2AzAAj4Pj4GE4W0bkJQIAOw==\" \/><div class=\"clear pt-cv-clear-pagination\"><\/div><\/div><\/div>\t\t\t<style type=\"text\/css\" id=\"pt-cv-inline-style-049a14f2rg\">#pt-cv-view-c399d23jmy.pt-cv-post-border { margin: 0; border-top-width: 1px; border-left-width: 1px }\n#pt-cv-view-c399d23jmy.pt-cv-post-border { margin: 0; border-top-style: solid; border-left-style: solid }\n#pt-cv-view-c399d23jmy.pt-cv-post-border .pt-cv-content-item   { border-right-width: 1px; border-bottom-width: 1px; border-right-style: solid; border-bottom-style: solid; }\n#pt-cv-view-c399d23jmy .pt-cv-title a, #pt-cv-view-c399d23jmy  .panel-title { font-weight: 600 !important; }\n#pt-cv-view-c399d23jmy  .pt-cv-hover-wrapper::before   { background-color: rgba(0,0,0,.3) !important; }\n#pt-cv-view-c399d23jmy  .pt-cv-content-item:hover .pt-cv-hover-wrapper::before   { background-color: rgba(51,51,51,.6) !important; }\n#pt-cv-view-c399d23jmy:not(.pt-cv-nohover) .pt-cv-mask *   { color: #fff; }\n#pt-cv-view-c399d23jmy .pt-cv-carousel-caption  { background-color: rgba(51,51,51,.6) !important; }\n#pt-cv-view-c399d23jmy .pt-cv-specialp { background-color: #CC3333 !important }\n#pt-cv-view-c399d23jmy .pt-cv-specialp * { color: #fff !important; }\n#pt-cv-view-c399d23jmy .pt-cv-pficon  { color: #bbb !important; }\n#pt-cv-view-c399d23jmy  .add_to_cart_button, #pt-cv-view-c399d23jmy  .add_to_cart_button *   { color: #ffffff !important; background-color: #00aeef !important; }\n#pt-cv-view-c399d23jmy  .woocommerce-onsale   { color: #ffffff !important; background-color: #ff5a5f !important; }\n[id^='pt-cv-filter-bar-c399d23jmy'] .active.pt-cv-filter-option, [id^='pt-cv-filter-bar-c399d23jmy'] .active .pt-cv-filter-option, [id^='pt-cv-filter-bar-c399d23jmy'] .selected.pt-cv-filter-option, [id^='pt-cv-filter-bar-c399d23jmy'] .dropdown-toggle   { color: #fff !important; background-color: #00aeef !important; }\n[id^='pt-cv-filter-bar-c399d23jmy'] .pt-cv-filter-title   { color: #fff !important; background-color: #00aeef !important; }\n#pt-cv-gls-c399d23jmy li a.pt-active   { color: #fff !important; background-color: #ff5a5f !important; }\n#pt-cv-view-c399d23jmy .pt-cv-gls-header  { color: #fff !important; background-color: #00aeef !important; }<\/style>\r\n\t\t\t[\/vc_column_text][\/vc_column][\/vc_row][vc_row css_animation=\u00a0\u00bb\u00a0\u00bb row_type=\u00a0\u00bbrow\u00a0\u00bb use_row_as_full_screen_section=\u00a0\u00bbno\u00a0\u00bb type=\u00a0\u00bbfull_width\u00a0\u00bb angled_section=\u00a0\u00bbno\u00a0\u00bb text_align=\u00a0\u00bbleft\u00a0\u00bb background_image_as_pattern=\u00a0\u00bbwithout_pattern\u00a0\u00bb][vc_column]<div class=\"wpb-content-wrapper\"><p>[vc_row css_animation=\u00a0\u00bb\u00a0\u00bb row_type=\u00a0\u00bbrow\u00a0\u00bb use_row_as_full_screen_section=\u00a0\u00bbno\u00a0\u00bb type=\u00a0\u00bbgrid\u00a0\u00bb angled_section=\u00a0\u00bbno\u00a0\u00bb text_align=\u00a0\u00bbleft\u00a0\u00bb background_image_as_pattern=\u00a0\u00bbwithout_pattern\u00a0\u00bb el_class=\u00a0\u00bbfind-right-solution\u00a0\u00bb z_index=\u00a0\u00bb\u00a0\u00bb padding_top=\u00a0\u00bb120&Prime; padding_bottom=\u00a0\u00bb120&Prime;][vc_column width=\u00a0\u00bb1\/12&Prime;][\/vc_column][vc_column width=\u00a0\u00bb5\/6&Prime;][vc_column_text el_class=\u00a0\u00bbdark-bg\u00a0\u00bb]<\/p>\n<h2 style=\"text-align: center;\">Pr\u00eat \u00e0 chercher la solution ad\u00e9quate?<\/h2>\n<h3 style=\"text-align: center;\">Utilisez notre <a href=\"http:\/\/cellutrak.ca\/fr\/solution-finder\/\">outil en ligne de recherche de solutions<\/a> ou appelez-nous au <a href=\"tel:1-888-901-8725\">1-888-901-8725<\/a> pour discuter de vos besoins. Vous pouvez \u00e9galement <a href=\"http:\/\/cellutrak.ca\/fr\/request-live-demo\/\">planifier une d\u00e9monstration<\/a> en direct gratuite pour voir nos solutions de suivi GPS \u00e0 l\u2019\u0153uvre.<\/h3>\n<p>[\/vc_column_text][vc_empty_space height=\u00a0\u00bb40px\u00a0\u00bb][vc_raw_html]JTNDdWwlMjBjbGFzcyUzRCUyMnNzLWJ1dHRvbnMlMjIlM0UlMEElM0NsaSUzRSUzQ2ElMjBocmVmJTNEJTIyJTJGZnIlMkZzb2x1dGlvbi1maW5kZXIlMkYlMjIlMjBjbGFzcyUzRCUyMmN1c3RvbS1idXR0b24lMjBibGFjay1idXR0b24lMjIlM0VUUk9VVkVSJTIwVU5FJTIwU09MVVRJT04lM0MlMkZhJTNFJTNDJTJGbGklM0UlMEElM0NsaSUzRSUzQ2ElMjBocmVmJTNEJTIyJTJGZnIlMkZyZXF1ZXN0LWxpdmUtZGVtbyUyRiUyMiUyMGNsYXNzJTNEJTIyY3VzdG9tLWJ1dHRvbiUyMHRyYW5zcGFyZW50LWJ1dHRvbiUyMiUzRURFTUFOREUlMjBEJUMzJTg5TU8lM0NpJTIwY2xhc3MlM0QlMjJmYSUyMGZhLWFuZ2xlLXJpZ2h0JTIyJTNFJTNDJTJGaSUzRSUzQyUyRmElM0UlM0MlMkZsaSUzRSUwQSUzQyUyRnVsJTNF[\/vc_raw_html][\/vc_column][vc_column width=\u00a0\u00bb1\/12&Prime;][\/vc_column][\/vc_row]<\/p>\n<\/div>[\/vc_column][\/vc_row]<\/p>\n<\/div>","protected":false},"excerpt":{"rendered":"NOUVELLES SUR L\u2019ENTREPRISE Lisez les toutes derni\u00e8res nouvelles sur Cellutrak \u00a0 \u00a0 \u00a0 Communiqu\u00e9s de presse, Histoires \u00e0 succ\u00e8s, Nouvelles Les criminels de machinery lourdes ont carte blanche pendat les longs week-ends, cette fois un Kubota U17 vol\u00e9 sur un chantier de construction a \u00e9t\u00e9...","protected":false},"author":1,"featured_media":0,"parent":3681,"menu_order":0,"comment_status":"closed","ping_status":"closed","template":"full_width.php","meta":{"_acf_changed":false,"footnotes":""},"class_list":["post-4362","page","type-page","status-publish","hentry"],"acf":[],"yoast_head":"<!-- This site is optimized with the Yoast SEO Premium plugin v21.3 (Yoast SEO v26.4) - https:\/\/yoast.com\/wordpress\/plugins\/seo\/ -->\n<title>Nouvelles de la soci\u00e9t\u00e9 - Cellutrak<\/title>\n<meta name=\"description\" content=\"Lisez les toutes derni\u00e8resnouvelles sur Cellutrak\" \/>\n<meta name=\"robots\" content=\"index, follow, max-snippet:-1, max-image-preview:large, max-video-preview:-1\" \/>\n<link rel=\"canonical\" href=\"https:\/\/www.cellutrak.ca\/fr\/nouvelles\/\" \/>\n<meta property=\"og:locale\" content=\"fr_FR\" \/>\n<meta property=\"og:type\" content=\"article\" \/>\n<meta property=\"og:title\" content=\"Nouvelles de la soci\u00e9t\u00e9\" \/>\n<meta property=\"og:description\" content=\"Lisez les toutes derni\u00e8resnouvelles sur Cellutrak\" \/>\n<meta property=\"og:url\" content=\"https:\/\/www.cellutrak.ca\/fr\/nouvelles\/\" \/>\n<meta property=\"og:site_name\" content=\"Cellutrak\" \/>\n<meta property=\"article:publisher\" content=\"https:\/\/www.facebook.com\/cellutrakgpstracking\/\" \/>\n<meta property=\"article:modified_time\" content=\"2023-08-02T07:10:10+00:00\" \/>\n<meta property=\"og:image\" content=\"https:\/\/www.cellutrak.ca\/wp-content\/uploads\/2022\/12\/PR-LinkPreview-.jpg\" \/>\n\t<meta property=\"og:image:width\" content=\"1200\" \/>\n\t<meta property=\"og:image:height\" content=\"630\" \/>\n\t<meta property=\"og:image:type\" content=\"image\/jpeg\" \/>\n<meta name=\"twitter:card\" content=\"summary_large_image\" \/>\n<meta name=\"twitter:label1\" content=\"Dur\u00e9e de lecture estim\u00e9e\" \/>\n\t<meta name=\"twitter:data1\" content=\"1 minute\" \/>\n<script type=\"application\/ld+json\" class=\"yoast-schema-graph\">{\"@context\":\"https:\/\/schema.org\",\"@graph\":[{\"@type\":\"Article\",\"@id\":\"https:\/\/www.cellutrak.ca\/fr\/nouvelles\/#article\",\"isPartOf\":{\"@id\":\"https:\/\/www.cellutrak.ca\/fr\/nouvelles\/\"},\"author\":{\"name\":\"ctrakadmin\",\"@id\":\"https:\/\/www.cellutrak.ca\/fr\/#\/schema\/person\/411b81fabf8c8afaa1d266bb866e867e\"},\"headline\":\"Nouvelles de la soci\u00e9t\u00e9\",\"datePublished\":\"2021-02-15T09:24:35+00:00\",\"dateModified\":\"2023-08-02T07:10:10+00:00\",\"mainEntityOfPage\":{\"@id\":\"https:\/\/www.cellutrak.ca\/fr\/nouvelles\/\"},\"wordCount\":199,\"publisher\":{\"@id\":\"https:\/\/www.cellutrak.ca\/fr\/#organization\"},\"inLanguage\":\"fr-FR\"},{\"@type\":\"WebPage\",\"@id\":\"https:\/\/www.cellutrak.ca\/fr\/nouvelles\/\",\"url\":\"https:\/\/www.cellutrak.ca\/fr\/nouvelles\/\",\"name\":\"Nouvelles de la soci\u00e9t\u00e9 - Cellutrak\",\"isPartOf\":{\"@id\":\"https:\/\/www.cellutrak.ca\/fr\/#website\"},\"datePublished\":\"2021-02-15T09:24:35+00:00\",\"dateModified\":\"2023-08-02T07:10:10+00:00\",\"description\":\"Lisez les toutes derni\u00e8resnouvelles sur Cellutrak\",\"breadcrumb\":{\"@id\":\"https:\/\/www.cellutrak.ca\/fr\/nouvelles\/#breadcrumb\"},\"inLanguage\":\"fr-FR\",\"potentialAction\":[{\"@type\":\"ReadAction\",\"target\":[\"https:\/\/www.cellutrak.ca\/fr\/nouvelles\/\"]}]},{\"@type\":\"BreadcrumbList\",\"@id\":\"https:\/\/www.cellutrak.ca\/fr\/nouvelles\/#breadcrumb\",\"itemListElement\":[{\"@type\":\"ListItem\",\"position\":1,\"name\":\"Home\",\"item\":\"https:\/\/www.cellutrak.ca\/fr\/\"},{\"@type\":\"ListItem\",\"position\":2,\"name\":\"News\",\"item\":\"https:\/\/www.cellutrak.ca\/fr\/news\/\"},{\"@type\":\"ListItem\",\"position\":3,\"name\":\"Nouvelles de la soci\u00e9t\u00e9\"}]},{\"@type\":\"WebSite\",\"@id\":\"https:\/\/www.cellutrak.ca\/fr\/#website\",\"url\":\"https:\/\/www.cellutrak.ca\/fr\/\",\"name\":\"Cellutrak\",\"description\":\"\",\"publisher\":{\"@id\":\"https:\/\/www.cellutrak.ca\/fr\/#organization\"},\"potentialAction\":[{\"@type\":\"SearchAction\",\"target\":{\"@type\":\"EntryPoint\",\"urlTemplate\":\"https:\/\/www.cellutrak.ca\/fr\/?s={search_term_string}\"},\"query-input\":{\"@type\":\"PropertyValueSpecification\",\"valueRequired\":true,\"valueName\":\"search_term_string\"}}],\"inLanguage\":\"fr-FR\"},{\"@type\":\"Organization\",\"@id\":\"https:\/\/www.cellutrak.ca\/fr\/#organization\",\"name\":\"Cellutrak\",\"url\":\"https:\/\/www.cellutrak.ca\/fr\/\",\"logo\":{\"@type\":\"ImageObject\",\"inLanguage\":\"fr-FR\",\"@id\":\"https:\/\/www.cellutrak.ca\/fr\/#\/schema\/logo\/image\/\",\"url\":\"https:\/\/www.cellutrak.ca\/wp-content\/uploads\/2021\/09\/CELLUTRAK-Social-Thumb.png\",\"contentUrl\":\"https:\/\/www.cellutrak.ca\/wp-content\/uploads\/2021\/09\/CELLUTRAK-Social-Thumb.png\",\"width\":200,\"height\":200,\"caption\":\"Cellutrak\"},\"image\":{\"@id\":\"https:\/\/www.cellutrak.ca\/fr\/#\/schema\/logo\/image\/\"},\"sameAs\":[\"https:\/\/www.facebook.com\/cellutrakgpstracking\/\",\"https:\/\/www.linkedin.com\/company\/cellutrakgpstracking\/\",\"https:\/\/www.youtube.com\/@cellutrakgps\"]},{\"@type\":\"Person\",\"@id\":\"https:\/\/www.cellutrak.ca\/fr\/#\/schema\/person\/411b81fabf8c8afaa1d266bb866e867e\",\"name\":\"ctrakadmin\",\"image\":{\"@type\":\"ImageObject\",\"inLanguage\":\"fr-FR\",\"@id\":\"https:\/\/www.cellutrak.ca\/fr\/#\/schema\/person\/image\/\",\"url\":\"https:\/\/secure.gravatar.com\/avatar\/692f9d8b87ba75bfaa698dd2283f6228?s=96&d=mm&r=g\",\"contentUrl\":\"https:\/\/secure.gravatar.com\/avatar\/692f9d8b87ba75bfaa698dd2283f6228?s=96&d=mm&r=g\",\"caption\":\"ctrakadmin\"},\"sameAs\":[\"http:\/\/www.cellutrak.ca\"]}]}<\/script>\n<!-- \/ Yoast SEO Premium plugin. -->","yoast_head_json":{"title":"Nouvelles de la soci\u00e9t\u00e9 - Cellutrak","description":"Lisez les toutes derni\u00e8resnouvelles sur Cellutrak","robots":{"index":"index","follow":"follow","max-snippet":"max-snippet:-1","max-image-preview":"max-image-preview:large","max-video-preview":"max-video-preview:-1"},"canonical":"https:\/\/www.cellutrak.ca\/fr\/nouvelles\/","og_locale":"fr_FR","og_type":"article","og_title":"Nouvelles de la soci\u00e9t\u00e9","og_description":"Lisez les toutes derni\u00e8resnouvelles sur Cellutrak","og_url":"https:\/\/www.cellutrak.ca\/fr\/nouvelles\/","og_site_name":"Cellutrak","article_publisher":"https:\/\/www.facebook.com\/cellutrakgpstracking\/","article_modified_time":"2023-08-02T07:10:10+00:00","og_image":[{"width":1200,"height":630,"url":"https:\/\/www.cellutrak.ca\/wp-content\/uploads\/2022\/12\/PR-LinkPreview-.jpg","type":"image\/jpeg"}],"twitter_card":"summary_large_image","twitter_misc":{"Dur\u00e9e de lecture estim\u00e9e":"1 minute"},"schema":{"@context":"https:\/\/schema.org","@graph":[{"@type":"Article","@id":"https:\/\/www.cellutrak.ca\/fr\/nouvelles\/#article","isPartOf":{"@id":"https:\/\/www.cellutrak.ca\/fr\/nouvelles\/"},"author":{"name":"ctrakadmin","@id":"https:\/\/www.cellutrak.ca\/fr\/#\/schema\/person\/411b81fabf8c8afaa1d266bb866e867e"},"headline":"Nouvelles de la soci\u00e9t\u00e9","datePublished":"2021-02-15T09:24:35+00:00","dateModified":"2023-08-02T07:10:10+00:00","mainEntityOfPage":{"@id":"https:\/\/www.cellutrak.ca\/fr\/nouvelles\/"},"wordCount":199,"publisher":{"@id":"https:\/\/www.cellutrak.ca\/fr\/#organization"},"inLanguage":"fr-FR"},{"@type":"WebPage","@id":"https:\/\/www.cellutrak.ca\/fr\/nouvelles\/","url":"https:\/\/www.cellutrak.ca\/fr\/nouvelles\/","name":"Nouvelles de la soci\u00e9t\u00e9 - Cellutrak","isPartOf":{"@id":"https:\/\/www.cellutrak.ca\/fr\/#website"},"datePublished":"2021-02-15T09:24:35+00:00","dateModified":"2023-08-02T07:10:10+00:00","description":"Lisez les toutes derni\u00e8resnouvelles sur Cellutrak","breadcrumb":{"@id":"https:\/\/www.cellutrak.ca\/fr\/nouvelles\/#breadcrumb"},"inLanguage":"fr-FR","potentialAction":[{"@type":"ReadAction","target":["https:\/\/www.cellutrak.ca\/fr\/nouvelles\/"]}]},{"@type":"BreadcrumbList","@id":"https:\/\/www.cellutrak.ca\/fr\/nouvelles\/#breadcrumb","itemListElement":[{"@type":"ListItem","position":1,"name":"Home","item":"https:\/\/www.cellutrak.ca\/fr\/"},{"@type":"ListItem","position":2,"name":"News","item":"https:\/\/www.cellutrak.ca\/fr\/news\/"},{"@type":"ListItem","position":3,"name":"Nouvelles de la soci\u00e9t\u00e9"}]},{"@type":"WebSite","@id":"https:\/\/www.cellutrak.ca\/fr\/#website","url":"https:\/\/www.cellutrak.ca\/fr\/","name":"Cellutrak","description":"","publisher":{"@id":"https:\/\/www.cellutrak.ca\/fr\/#organization"},"potentialAction":[{"@type":"SearchAction","target":{"@type":"EntryPoint","urlTemplate":"https:\/\/www.cellutrak.ca\/fr\/?s={search_term_string}"},"query-input":{"@type":"PropertyValueSpecification","valueRequired":true,"valueName":"search_term_string"}}],"inLanguage":"fr-FR"},{"@type":"Organization","@id":"https:\/\/www.cellutrak.ca\/fr\/#organization","name":"Cellutrak","url":"https:\/\/www.cellutrak.ca\/fr\/","logo":{"@type":"ImageObject","inLanguage":"fr-FR","@id":"https:\/\/www.cellutrak.ca\/fr\/#\/schema\/logo\/image\/","url":"https:\/\/www.cellutrak.ca\/wp-content\/uploads\/2021\/09\/CELLUTRAK-Social-Thumb.png","contentUrl":"https:\/\/www.cellutrak.ca\/wp-content\/uploads\/2021\/09\/CELLUTRAK-Social-Thumb.png","width":200,"height":200,"caption":"Cellutrak"},"image":{"@id":"https:\/\/www.cellutrak.ca\/fr\/#\/schema\/logo\/image\/"},"sameAs":["https:\/\/www.facebook.com\/cellutrakgpstracking\/","https:\/\/www.linkedin.com\/company\/cellutrakgpstracking\/","https:\/\/www.youtube.com\/@cellutrakgps"]},{"@type":"Person","@id":"https:\/\/www.cellutrak.ca\/fr\/#\/schema\/person\/411b81fabf8c8afaa1d266bb866e867e","name":"ctrakadmin","image":{"@type":"ImageObject","inLanguage":"fr-FR","@id":"https:\/\/www.cellutrak.ca\/fr\/#\/schema\/person\/image\/","url":"https:\/\/secure.gravatar.com\/avatar\/692f9d8b87ba75bfaa698dd2283f6228?s=96&d=mm&r=g","contentUrl":"https:\/\/secure.gravatar.com\/avatar\/692f9d8b87ba75bfaa698dd2283f6228?s=96&d=mm&r=g","caption":"ctrakadmin"},"sameAs":["http:\/\/www.cellutrak.ca"]}]}},"_links":{"self":[{"href":"https:\/\/www.cellutrak.ca\/fr\/wp-json\/wp\/v2\/pages\/4362","targetHints":{"allow":["GET"]}}],"collection":[{"href":"https:\/\/www.cellutrak.ca\/fr\/wp-json\/wp\/v2\/pages"}],"about":[{"href":"https:\/\/www.cellutrak.ca\/fr\/wp-json\/wp\/v2\/types\/page"}],"author":[{"embeddable":true,"href":"https:\/\/www.cellutrak.ca\/fr\/wp-json\/wp\/v2\/users\/1"}],"replies":[{"embeddable":true,"href":"https:\/\/www.cellutrak.ca\/fr\/wp-json\/wp\/v2\/comments?post=4362"}],"version-history":[{"count":0,"href":"https:\/\/www.cellutrak.ca\/fr\/wp-json\/wp\/v2\/pages\/4362\/revisions"}],"up":[{"embeddable":true,"href":"https:\/\/www.cellutrak.ca\/fr\/wp-json\/wp\/v2\/pages\/3681"}],"wp:attachment":[{"href":"https:\/\/www.cellutrak.ca\/fr\/wp-json\/wp\/v2\/media?parent=4362"}],"curies":[{"name":"wp","href":"https:\/\/api.w.org\/{rel}","templated":true}]}}