{"id":4368,"date":"2021-02-15T09:42:32","date_gmt":"2021-02-15T09:42:32","guid":{"rendered":"https:\/\/www.cellutrak.ca\/?page_id=4368"},"modified":"2023-08-02T07:29:20","modified_gmt":"2023-08-02T07:29:20","slug":"mises-a-jour-du-produit","status":"publish","type":"page","link":"https:\/\/www.cellutrak.ca\/fr\/mises-a-jour-du-produit\/","title":{"rendered":"Mises \u00e0 jour du produit"},"content":{"rendered":"<div class=\"wpb-content-wrapper\"><p>[vc_row css_animation=\u00a0\u00bb\u00a0\u00bb row_type=\u00a0\u00bbrow\u00a0\u00bb use_row_as_full_screen_section=\u00a0\u00bbno\u00a0\u00bb type=\u00a0\u00bbgrid\u00a0\u00bb angled_section=\u00a0\u00bbno\u00a0\u00bb text_align=\u00a0\u00bbleft\u00a0\u00bb background_image_as_pattern=\u00a0\u00bbwithout_pattern\u00a0\u00bb css=\u00a0\u00bb.vc_custom_1614956146777{padding-top: 100px !important;padding-bottom: 100px !important;background-image: url(http:\/\/cellutrak.ca\/wp-content\/uploads\/2020\/09\/Company_Banner.jpg?id=297) !important;background-position: center !important;background-repeat: no-repeat !important;background-size: cover !important;}\u00a0\u00bb z_index=\u00a0\u00bb\u00a0\u00bb el_class=\u00a0\u00bbpage-banner news-banner\u00a0\u00bb][vc_column][vc_column_text]<\/p>\n<h1>Mises \u00e0 jour du produit<\/h1>\n<p>Lisez les toutes derni\u00e8res<br \/>\nmisses \u00e0 jour du produit de<br \/>\nCellutraks[\/vc_column_text][vc_empty_space height=\u00a0\u00bb30px\u00a0\u00bb][vc_column_text]<\/p>\n<ul>\n<li><a class=\"button-1 news\" href=\"https:\/\/www.facebook.com\/cellutrakgpstracking\" target=\"_blank\" rel=\"noopener noreferrer\"><i class=\"fa fa-facebook\">\u00a0<\/i><\/a><\/li>\n<li><a class=\"button-1 news\" href=\"https:\/\/www.linkedin.com\/company\/cellutrakgpstracking\" target=\"_blank\" rel=\"noopener noreferrer\"><i class=\"fa fa-linkedin\">\u00a0<\/i><\/a><\/li>\n<li><a class=\"button-1 news\" href=\"https:\/\/www.instagram.com\/cellutrakgpstracking\/\" target=\"_blank\" rel=\"noopener noreferrer\"><i class=\"fa fa-instagram\">\u00a0<\/i><\/a><\/li>\n<\/ul>\n<p>[\/vc_column_text][\/vc_column][\/vc_row][vc_row css_animation=\u00a0\u00bb\u00a0\u00bb row_type=\u00a0\u00bbrow\u00a0\u00bb use_row_as_full_screen_section=\u00a0\u00bbno\u00a0\u00bb type=\u00a0\u00bbgrid\u00a0\u00bb angled_section=\u00a0\u00bbno\u00a0\u00bb text_align=\u00a0\u00bbleft\u00a0\u00bb background_image_as_pattern=\u00a0\u00bbwithout_pattern\u00a0\u00bb el_id=\u00a0\u00bbnews-list-products\u00a0\u00bb el_class=\u00a0\u00bbnews-list\u00a0\u00bb z_index=\u00a0\u00bb\u00a0\u00bb padding_top=\u00a0\u00bb80&Prime; padding_bottom=\u00a0\u00bb80&Prime;][vc_column][vc_column_text]<div class=\"pt-cv-wrapper\"><div class=\"pt-cv-view pt-cv-grid pt-cv-colsys pt-cv-pgregular\" id=\"pt-cv-view-4bac448aok\"><div data-id=\"pt-cv-page-1\" class=\"pt-cv-page\" data-cvc=\"1\"><div class=\"col-md-12 col-sm-12 col-xs-12 pt-cv-content-item pt-cv-2-col\"  data-pid=\"13652\"><div class='pt-cv-ifield'><div class=\"pt-cv-meta-fields\"><span class=\"terms\"> <a href='https:\/\/www.cellutrak.ca\/fr\/category\/mises-a-jour-du-produit\/' title='Mises \u00e0 jour du produit' class='pt-cv-tax-mises-a-jour-du-produit'>Mises \u00e0 jour du produit<\/a><\/span><\/div>\n<h2 class=\"pt-cv-title\"><a href=\"https:\/\/www.cellutrak.ca\/fr\/cellutrak-instrumental-in-finding-stolen-kubota-m62-tractor\/\" class=\"_self cvplbd\" target=\"_self\" >Cellutrak Instrumental in Finding Stolen Kubota M62 Tractor<\/a><\/h2>\n<div class=\"pt-cv-content\">Equipment was stolen from a Houston cemetery after the gate was left open for city works HOUSTON, TEXAS, MARCH, 2022 \u2014 Recovery of a stolen $80,000 Kubota as well as a heavy duty car hauler trailer using Cellutrak\u2019s GPS system. The theft occurred in Houston after a gate to the ...<br \/><div class=\"pt-cv-rmwrap\"><a href=\"https:\/\/www.cellutrak.ca\/fr\/cellutrak-instrumental-in-finding-stolen-kubota-m62-tractor\/\" class=\"_self pt-cv-readmore btn btn-success cvplbd\" target=\"_self\">En savoir plus <i class=\"fa fa-angle-right\"><\/i><\/a><\/div><\/div><\/div><\/div>\n<div class=\"col-md-12 col-sm-12 col-xs-12 pt-cv-content-item pt-cv-2-col\"  data-pid=\"5065\"><div class='pt-cv-ifield'><div class=\"pt-cv-meta-fields\"><span class=\"terms\"> <a href='https:\/\/www.cellutrak.ca\/fr\/category\/mises-a-jour-du-produit\/' title='Mises \u00e0 jour du produit' class='pt-cv-tax-mises-a-jour-du-produit'>Mises \u00e0 jour du produit<\/a><\/span><\/div>\n<h2 class=\"pt-cv-title\"><a href=\"https:\/\/www.cellutrak.ca\/fr\/vehicules-kubota-recuperes-en-24-heures\/\" class=\"_self cvplbd\" target=\"_self\" >500 000$ de v\u00e9hicules Kubota vol\u00e9s et r\u00e9cup\u00e9r\u00e9s en 24 heures gr\u00e2ce au syst\u00e8me de suivi par gps de Cellutrak<\/a><\/h2>\n<div class=\"pt-cv-content\">Amazing! $500,000 of Kubota and non-Kubota vehicles stolen and recovered in 24 hours by the local mirabel police thanks to cellutrak's gps tracking system 500,000 reasons why all Kubota machines should be equipped with a Cellutrak tracking system To end the long Thanksgiving weekend, on October 8, 2018 at 9:52 ...<br \/><div class=\"pt-cv-rmwrap\"><a href=\"https:\/\/www.cellutrak.ca\/fr\/vehicules-kubota-recuperes-en-24-heures\/\" class=\"_self pt-cv-readmore btn btn-success cvplbd\" target=\"_self\">En savoir plus <i class=\"fa fa-angle-right\"><\/i><\/a><\/div><\/div><\/div><\/div>\n<div class=\"col-md-12 col-sm-12 col-xs-12 pt-cv-content-item pt-cv-2-col\"  data-pid=\"4020\"><div class='pt-cv-ifield'><div class=\"pt-cv-meta-fields\"><span class=\"terms\"> <a href='https:\/\/www.cellutrak.ca\/fr\/category\/communiques-de-presse\/' title='Communiqu\u00e9s de presse' class='pt-cv-tax-communiques-de-presse'>Communiqu\u00e9s de presse<\/a>, <a href='https:\/\/www.cellutrak.ca\/fr\/category\/mises-a-jour-du-produit\/' title='Mises \u00e0 jour du produit' class='pt-cv-tax-mises-a-jour-du-produit'>Mises \u00e0 jour du produit<\/a><\/span><\/div>\n<h2 class=\"pt-cv-title\"><a href=\"https:\/\/www.cellutrak.ca\/fr\/news\/protegez-votre-famille-avec-autogarde\/\" class=\"_self cvplbd\" target=\"_self\" >Prot\u00e9gez votre famille avec Autogarde<\/a><\/h2>\n<div class=\"pt-cv-content\">Avec l\u2019arriv\u00e9e de l'hiver arrivent aussi les joies de la f\u00eate et du plaisir des rassemblements de famille. Malheureusement, l'hiver apporte aussi des conditions de route hivernales qui rendent la conduite plus dangereuse. On enr\u00e9gistre, en moyenne, plus de 7 500 accidents des v\u00e9hicules en raison des conditions m\u00e9t\u00e9orologiques pr\u00e9caires ...<br \/><div class=\"pt-cv-rmwrap\"><a href=\"https:\/\/www.cellutrak.ca\/fr\/news\/protegez-votre-famille-avec-autogarde\/\" class=\"_self pt-cv-readmore btn btn-success cvplbd\" target=\"_self\">En savoir plus <i class=\"fa fa-angle-right\"><\/i><\/a><\/div><\/div><\/div><\/div><\/div><\/div><\/div>\t\t\t<style type=\"text\/css\" id=\"pt-cv-inline-style-0f4bf197uk\">#pt-cv-view-4bac448aok.pt-cv-post-border { margin: 0; border-top-width: 1px; border-left-width: 1px }\n#pt-cv-view-4bac448aok.pt-cv-post-border { margin: 0; border-top-style: solid; border-left-style: solid }\n#pt-cv-view-4bac448aok.pt-cv-post-border .pt-cv-content-item   { border-right-width: 1px; border-bottom-width: 1px; border-right-style: solid; border-bottom-style: solid; }\n#pt-cv-view-4bac448aok .pt-cv-title a, #pt-cv-view-4bac448aok  .panel-title { font-weight: 600 !important; }\n#pt-cv-view-4bac448aok  .pt-cv-hover-wrapper::before   { background-color: rgba(0,0,0,.3) !important; }\n#pt-cv-view-4bac448aok  .pt-cv-content-item:hover .pt-cv-hover-wrapper::before   { background-color: rgba(51,51,51,.6) !important; }\n#pt-cv-view-4bac448aok:not(.pt-cv-nohover) .pt-cv-mask *   { color: #fff; }\n#pt-cv-view-4bac448aok .pt-cv-carousel-caption  { background-color: rgba(51,51,51,.6) !important; }\n#pt-cv-view-4bac448aok .pt-cv-specialp { background-color: #CC3333 !important }\n#pt-cv-view-4bac448aok .pt-cv-specialp * { color: #fff !important; }\n#pt-cv-view-4bac448aok .pt-cv-pficon  { color: #bbb !important; }\n#pt-cv-view-4bac448aok  .add_to_cart_button, #pt-cv-view-4bac448aok  .add_to_cart_button *   { color: #ffffff !important; background-color: #00aeef !important; }\n#pt-cv-view-4bac448aok  .woocommerce-onsale   { color: #ffffff !important; background-color: #ff5a5f !important; }\n[id^='pt-cv-filter-bar-4bac448aok'] .active.pt-cv-filter-option, [id^='pt-cv-filter-bar-4bac448aok'] .active .pt-cv-filter-option, [id^='pt-cv-filter-bar-4bac448aok'] .selected.pt-cv-filter-option, [id^='pt-cv-filter-bar-4bac448aok'] .dropdown-toggle   { color: #fff !important; background-color: #00aeef !important; }\n[id^='pt-cv-filter-bar-4bac448aok'] .pt-cv-filter-title   { color: #fff !important; background-color: #00aeef !important; }\n#pt-cv-gls-4bac448aok li a.pt-active   { color: #fff !important; background-color: #ff5a5f !important; }\n#pt-cv-view-4bac448aok .pt-cv-gls-header  { color: #fff !important; background-color: #00aeef !important; }<\/style>\r\n\t\t\t[\/vc_column_text][\/vc_column][\/vc_row][vc_row css_animation=\u00a0\u00bb\u00a0\u00bb row_type=\u00a0\u00bbrow\u00a0\u00bb use_row_as_full_screen_section=\u00a0\u00bbno\u00a0\u00bb type=\u00a0\u00bbfull_width\u00a0\u00bb angled_section=\u00a0\u00bbno\u00a0\u00bb text_align=\u00a0\u00bbleft\u00a0\u00bb background_image_as_pattern=\u00a0\u00bbwithout_pattern\u00a0\u00bb][vc_column]<div class=\"wpb-content-wrapper\"><p>[vc_row css_animation=\u00a0\u00bb\u00a0\u00bb row_type=\u00a0\u00bbrow\u00a0\u00bb use_row_as_full_screen_section=\u00a0\u00bbno\u00a0\u00bb type=\u00a0\u00bbgrid\u00a0\u00bb angled_section=\u00a0\u00bbno\u00a0\u00bb text_align=\u00a0\u00bbleft\u00a0\u00bb background_image_as_pattern=\u00a0\u00bbwithout_pattern\u00a0\u00bb el_class=\u00a0\u00bbfind-right-solution\u00a0\u00bb z_index=\u00a0\u00bb\u00a0\u00bb padding_top=\u00a0\u00bb120&Prime; padding_bottom=\u00a0\u00bb120&Prime;][vc_column width=\u00a0\u00bb1\/12&Prime;][\/vc_column][vc_column width=\u00a0\u00bb5\/6&Prime;][vc_column_text el_class=\u00a0\u00bbdark-bg\u00a0\u00bb]<\/p>\n<h2 style=\"text-align: center;\">Pr\u00eat \u00e0 chercher la solution ad\u00e9quate?<\/h2>\n<h3 style=\"text-align: center;\">Utilisez notre <a href=\"http:\/\/cellutrak.ca\/fr\/solution-finder\/\">outil en ligne de recherche de solutions<\/a> ou appelez-nous au <a href=\"tel:1-888-901-8725\">1-888-901-8725<\/a> pour discuter de vos besoins. Vous pouvez \u00e9galement <a href=\"http:\/\/cellutrak.ca\/fr\/request-live-demo\/\">planifier une d\u00e9monstration<\/a> en direct gratuite pour voir nos solutions de suivi GPS \u00e0 l\u2019\u0153uvre.<\/h3>\n<p>[\/vc_column_text][vc_empty_space height=\u00a0\u00bb40px\u00a0\u00bb][vc_raw_html]JTNDdWwlMjBjbGFzcyUzRCUyMnNzLWJ1dHRvbnMlMjIlM0UlMEElM0NsaSUzRSUzQ2ElMjBocmVmJTNEJTIyJTJGZnIlMkZzb2x1dGlvbi1maW5kZXIlMkYlMjIlMjBjbGFzcyUzRCUyMmN1c3RvbS1idXR0b24lMjBibGFjay1idXR0b24lMjIlM0VUUk9VVkVSJTIwVU5FJTIwU09MVVRJT04lM0MlMkZhJTNFJTNDJTJGbGklM0UlMEElM0NsaSUzRSUzQ2ElMjBocmVmJTNEJTIyJTJGZnIlMkZyZXF1ZXN0LWxpdmUtZGVtbyUyRiUyMiUyMGNsYXNzJTNEJTIyY3VzdG9tLWJ1dHRvbiUyMHRyYW5zcGFyZW50LWJ1dHRvbiUyMiUzRURFTUFOREUlMjBEJUMzJTg5TU8lM0NpJTIwY2xhc3MlM0QlMjJmYSUyMGZhLWFuZ2xlLXJpZ2h0JTIyJTNFJTNDJTJGaSUzRSUzQyUyRmElM0UlM0MlMkZsaSUzRSUwQSUzQyUyRnVsJTNF[\/vc_raw_html][\/vc_column][vc_column width=\u00a0\u00bb1\/12&Prime;][\/vc_column][\/vc_row]<\/p>\n<\/div>[\/vc_column][\/vc_row]<\/p>\n<\/div>","protected":false},"excerpt":{"rendered":"Mises \u00e0 jour du produit Lisez les toutes derni\u00e8res misses \u00e0 jour du produit de Cellutraks \u00a0 \u00a0 \u00a0 Mises \u00e0 jour du produit Cellutrak Instrumental in Finding Stolen Kubota M62 Tractor Equipment was stolen from a Houston cemetery after the gate was left open...","protected":false},"author":1,"featured_media":0,"parent":3681,"menu_order":0,"comment_status":"closed","ping_status":"closed","template":"full_width.php","meta":{"_acf_changed":false,"footnotes":""},"class_list":["post-4368","page","type-page","status-publish","hentry"],"acf":[],"yoast_head":"<!-- This site is optimized with the Yoast SEO Premium plugin v21.3 (Yoast SEO v26.4) - https:\/\/yoast.com\/wordpress\/plugins\/seo\/ -->\n<title>\u00c0 PROPOS | Technologie militaire de rep\u00e9rage GPS pour les v\u00e9hicules - Cellutrak<\/title>\n<meta name=\"description\" content=\"Cellutrak, optimis\u00e9 par Ituran, offre une technologie militaire pour la pr\u00e9vention contre le vol, le rep\u00e9rage en temps r\u00e9el et la t\u00e9l\u00e9matique.\" \/>\n<meta name=\"robots\" content=\"index, follow, max-snippet:-1, max-image-preview:large, max-video-preview:-1\" \/>\n<link rel=\"canonical\" href=\"https:\/\/www.cellutrak.ca\/fr\/mises-a-jour-du-produit\/\" \/>\n<meta property=\"og:locale\" content=\"fr_FR\" \/>\n<meta property=\"og:type\" content=\"article\" \/>\n<meta property=\"og:title\" content=\"Mises \u00e0 jour du produit\" \/>\n<meta property=\"og:description\" content=\"Cellutrak, optimis\u00e9 par Ituran, offre une technologie militaire pour la pr\u00e9vention contre le vol, le rep\u00e9rage en temps r\u00e9el et la t\u00e9l\u00e9matique.\" \/>\n<meta property=\"og:url\" content=\"https:\/\/www.cellutrak.ca\/fr\/mises-a-jour-du-produit\/\" \/>\n<meta property=\"og:site_name\" content=\"Cellutrak\" \/>\n<meta property=\"article:publisher\" content=\"https:\/\/www.facebook.com\/cellutrakgpstracking\/\" \/>\n<meta property=\"article:modified_time\" content=\"2023-08-02T07:29:20+00:00\" \/>\n<meta property=\"og:image\" content=\"https:\/\/www.cellutrak.ca\/wp-content\/uploads\/2022\/12\/PR-LinkPreview-.jpg\" \/>\n\t<meta property=\"og:image:width\" content=\"1200\" \/>\n\t<meta property=\"og:image:height\" content=\"630\" \/>\n\t<meta property=\"og:image:type\" content=\"image\/jpeg\" \/>\n<meta name=\"twitter:card\" content=\"summary_large_image\" \/>\n<meta name=\"twitter:label1\" content=\"Dur\u00e9e de lecture estim\u00e9e\" \/>\n\t<meta name=\"twitter:data1\" content=\"1 minute\" \/>\n<script type=\"application\/ld+json\" class=\"yoast-schema-graph\">{\"@context\":\"https:\/\/schema.org\",\"@graph\":[{\"@type\":\"Article\",\"@id\":\"https:\/\/www.cellutrak.ca\/fr\/mises-a-jour-du-produit\/#article\",\"isPartOf\":{\"@id\":\"https:\/\/www.cellutrak.ca\/fr\/mises-a-jour-du-produit\/\"},\"author\":{\"name\":\"ctrakadmin\",\"@id\":\"https:\/\/www.cellutrak.ca\/fr\/#\/schema\/person\/9e616e8a34efc315201bbb39bc9b200a\"},\"headline\":\"Mises \u00e0 jour du produit\",\"datePublished\":\"2021-02-15T09:42:32+00:00\",\"dateModified\":\"2023-08-02T07:29:20+00:00\",\"mainEntityOfPage\":{\"@id\":\"https:\/\/www.cellutrak.ca\/fr\/mises-a-jour-du-produit\/\"},\"wordCount\":200,\"publisher\":{\"@id\":\"https:\/\/www.cellutrak.ca\/fr\/#organization\"},\"inLanguage\":\"fr-FR\"},{\"@type\":\"WebPage\",\"@id\":\"https:\/\/www.cellutrak.ca\/fr\/mises-a-jour-du-produit\/\",\"url\":\"https:\/\/www.cellutrak.ca\/fr\/mises-a-jour-du-produit\/\",\"name\":\"\u00c0 PROPOS | Technologie militaire de rep\u00e9rage GPS pour les v\u00e9hicules - Cellutrak\",\"isPartOf\":{\"@id\":\"https:\/\/www.cellutrak.ca\/fr\/#website\"},\"datePublished\":\"2021-02-15T09:42:32+00:00\",\"dateModified\":\"2023-08-02T07:29:20+00:00\",\"description\":\"Cellutrak, optimis\u00e9 par Ituran, offre une technologie militaire pour la pr\u00e9vention contre le vol, le rep\u00e9rage en temps r\u00e9el et la t\u00e9l\u00e9matique.\",\"breadcrumb\":{\"@id\":\"https:\/\/www.cellutrak.ca\/fr\/mises-a-jour-du-produit\/#breadcrumb\"},\"inLanguage\":\"fr-FR\",\"potentialAction\":[{\"@type\":\"ReadAction\",\"target\":[\"https:\/\/www.cellutrak.ca\/fr\/mises-a-jour-du-produit\/\"]}]},{\"@type\":\"BreadcrumbList\",\"@id\":\"https:\/\/www.cellutrak.ca\/fr\/mises-a-jour-du-produit\/#breadcrumb\",\"itemListElement\":[{\"@type\":\"ListItem\",\"position\":1,\"name\":\"Home\",\"item\":\"https:\/\/www.cellutrak.ca\/fr\/\"},{\"@type\":\"ListItem\",\"position\":2,\"name\":\"News\",\"item\":\"https:\/\/www.cellutrak.ca\/fr\/news\/\"},{\"@type\":\"ListItem\",\"position\":3,\"name\":\"Mises \u00e0 jour du produit\"}]},{\"@type\":\"WebSite\",\"@id\":\"https:\/\/www.cellutrak.ca\/fr\/#website\",\"url\":\"https:\/\/www.cellutrak.ca\/fr\/\",\"name\":\"Cellutrak\",\"description\":\"\",\"publisher\":{\"@id\":\"https:\/\/www.cellutrak.ca\/fr\/#organization\"},\"potentialAction\":[{\"@type\":\"SearchAction\",\"target\":{\"@type\":\"EntryPoint\",\"urlTemplate\":\"https:\/\/www.cellutrak.ca\/fr\/?s={search_term_string}\"},\"query-input\":{\"@type\":\"PropertyValueSpecification\",\"valueRequired\":true,\"valueName\":\"search_term_string\"}}],\"inLanguage\":\"fr-FR\"},{\"@type\":\"Organization\",\"@id\":\"https:\/\/www.cellutrak.ca\/fr\/#organization\",\"name\":\"Cellutrak\",\"url\":\"https:\/\/www.cellutrak.ca\/fr\/\",\"logo\":{\"@type\":\"ImageObject\",\"inLanguage\":\"fr-FR\",\"@id\":\"https:\/\/www.cellutrak.ca\/fr\/#\/schema\/logo\/image\/\",\"url\":\"https:\/\/www.cellutrak.ca\/wp-content\/uploads\/2021\/09\/CELLUTRAK-Social-Thumb.png\",\"contentUrl\":\"https:\/\/www.cellutrak.ca\/wp-content\/uploads\/2021\/09\/CELLUTRAK-Social-Thumb.png\",\"width\":200,\"height\":200,\"caption\":\"Cellutrak\"},\"image\":{\"@id\":\"https:\/\/www.cellutrak.ca\/fr\/#\/schema\/logo\/image\/\"},\"sameAs\":[\"https:\/\/www.facebook.com\/cellutrakgpstracking\/\",\"https:\/\/www.linkedin.com\/company\/cellutrakgpstracking\/\",\"https:\/\/www.youtube.com\/@cellutrakgps\"]},{\"@type\":\"Person\",\"@id\":\"https:\/\/www.cellutrak.ca\/fr\/#\/schema\/person\/9e616e8a34efc315201bbb39bc9b200a\",\"name\":\"ctrakadmin\",\"image\":{\"@type\":\"ImageObject\",\"inLanguage\":\"fr-FR\",\"@id\":\"https:\/\/www.cellutrak.ca\/fr\/#\/schema\/person\/image\/\",\"url\":\"https:\/\/secure.gravatar.com\/avatar\/692f9d8b87ba75bfaa698dd2283f6228?s=96&d=mm&r=g\",\"contentUrl\":\"https:\/\/secure.gravatar.com\/avatar\/692f9d8b87ba75bfaa698dd2283f6228?s=96&d=mm&r=g\",\"caption\":\"ctrakadmin\"},\"sameAs\":[\"http:\/\/www.cellutrak.ca\"]}]}<\/script>\n<!-- \/ Yoast SEO Premium plugin. -->","yoast_head_json":{"title":"\u00c0 PROPOS | Technologie militaire de rep\u00e9rage GPS pour les v\u00e9hicules - Cellutrak","description":"Cellutrak, optimis\u00e9 par Ituran, offre une technologie militaire pour la pr\u00e9vention contre le vol, le rep\u00e9rage en temps r\u00e9el et la t\u00e9l\u00e9matique.","robots":{"index":"index","follow":"follow","max-snippet":"max-snippet:-1","max-image-preview":"max-image-preview:large","max-video-preview":"max-video-preview:-1"},"canonical":"https:\/\/www.cellutrak.ca\/fr\/mises-a-jour-du-produit\/","og_locale":"fr_FR","og_type":"article","og_title":"Mises \u00e0 jour du produit","og_description":"Cellutrak, optimis\u00e9 par Ituran, offre une technologie militaire pour la pr\u00e9vention contre le vol, le rep\u00e9rage en temps r\u00e9el et la t\u00e9l\u00e9matique.","og_url":"https:\/\/www.cellutrak.ca\/fr\/mises-a-jour-du-produit\/","og_site_name":"Cellutrak","article_publisher":"https:\/\/www.facebook.com\/cellutrakgpstracking\/","article_modified_time":"2023-08-02T07:29:20+00:00","og_image":[{"width":1200,"height":630,"url":"https:\/\/www.cellutrak.ca\/wp-content\/uploads\/2022\/12\/PR-LinkPreview-.jpg","type":"image\/jpeg"}],"twitter_card":"summary_large_image","twitter_misc":{"Dur\u00e9e de lecture estim\u00e9e":"1 minute"},"schema":{"@context":"https:\/\/schema.org","@graph":[{"@type":"Article","@id":"https:\/\/www.cellutrak.ca\/fr\/mises-a-jour-du-produit\/#article","isPartOf":{"@id":"https:\/\/www.cellutrak.ca\/fr\/mises-a-jour-du-produit\/"},"author":{"name":"ctrakadmin","@id":"https:\/\/www.cellutrak.ca\/fr\/#\/schema\/person\/9e616e8a34efc315201bbb39bc9b200a"},"headline":"Mises \u00e0 jour du produit","datePublished":"2021-02-15T09:42:32+00:00","dateModified":"2023-08-02T07:29:20+00:00","mainEntityOfPage":{"@id":"https:\/\/www.cellutrak.ca\/fr\/mises-a-jour-du-produit\/"},"wordCount":200,"publisher":{"@id":"https:\/\/www.cellutrak.ca\/fr\/#organization"},"inLanguage":"fr-FR"},{"@type":"WebPage","@id":"https:\/\/www.cellutrak.ca\/fr\/mises-a-jour-du-produit\/","url":"https:\/\/www.cellutrak.ca\/fr\/mises-a-jour-du-produit\/","name":"\u00c0 PROPOS | Technologie militaire de rep\u00e9rage GPS pour les v\u00e9hicules - Cellutrak","isPartOf":{"@id":"https:\/\/www.cellutrak.ca\/fr\/#website"},"datePublished":"2021-02-15T09:42:32+00:00","dateModified":"2023-08-02T07:29:20+00:00","description":"Cellutrak, optimis\u00e9 par Ituran, offre une technologie militaire pour la pr\u00e9vention contre le vol, le rep\u00e9rage en temps r\u00e9el et la t\u00e9l\u00e9matique.","breadcrumb":{"@id":"https:\/\/www.cellutrak.ca\/fr\/mises-a-jour-du-produit\/#breadcrumb"},"inLanguage":"fr-FR","potentialAction":[{"@type":"ReadAction","target":["https:\/\/www.cellutrak.ca\/fr\/mises-a-jour-du-produit\/"]}]},{"@type":"BreadcrumbList","@id":"https:\/\/www.cellutrak.ca\/fr\/mises-a-jour-du-produit\/#breadcrumb","itemListElement":[{"@type":"ListItem","position":1,"name":"Home","item":"https:\/\/www.cellutrak.ca\/fr\/"},{"@type":"ListItem","position":2,"name":"News","item":"https:\/\/www.cellutrak.ca\/fr\/news\/"},{"@type":"ListItem","position":3,"name":"Mises \u00e0 jour du produit"}]},{"@type":"WebSite","@id":"https:\/\/www.cellutrak.ca\/fr\/#website","url":"https:\/\/www.cellutrak.ca\/fr\/","name":"Cellutrak","description":"","publisher":{"@id":"https:\/\/www.cellutrak.ca\/fr\/#organization"},"potentialAction":[{"@type":"SearchAction","target":{"@type":"EntryPoint","urlTemplate":"https:\/\/www.cellutrak.ca\/fr\/?s={search_term_string}"},"query-input":{"@type":"PropertyValueSpecification","valueRequired":true,"valueName":"search_term_string"}}],"inLanguage":"fr-FR"},{"@type":"Organization","@id":"https:\/\/www.cellutrak.ca\/fr\/#organization","name":"Cellutrak","url":"https:\/\/www.cellutrak.ca\/fr\/","logo":{"@type":"ImageObject","inLanguage":"fr-FR","@id":"https:\/\/www.cellutrak.ca\/fr\/#\/schema\/logo\/image\/","url":"https:\/\/www.cellutrak.ca\/wp-content\/uploads\/2021\/09\/CELLUTRAK-Social-Thumb.png","contentUrl":"https:\/\/www.cellutrak.ca\/wp-content\/uploads\/2021\/09\/CELLUTRAK-Social-Thumb.png","width":200,"height":200,"caption":"Cellutrak"},"image":{"@id":"https:\/\/www.cellutrak.ca\/fr\/#\/schema\/logo\/image\/"},"sameAs":["https:\/\/www.facebook.com\/cellutrakgpstracking\/","https:\/\/www.linkedin.com\/company\/cellutrakgpstracking\/","https:\/\/www.youtube.com\/@cellutrakgps"]},{"@type":"Person","@id":"https:\/\/www.cellutrak.ca\/fr\/#\/schema\/person\/9e616e8a34efc315201bbb39bc9b200a","name":"ctrakadmin","image":{"@type":"ImageObject","inLanguage":"fr-FR","@id":"https:\/\/www.cellutrak.ca\/fr\/#\/schema\/person\/image\/","url":"https:\/\/secure.gravatar.com\/avatar\/692f9d8b87ba75bfaa698dd2283f6228?s=96&d=mm&r=g","contentUrl":"https:\/\/secure.gravatar.com\/avatar\/692f9d8b87ba75bfaa698dd2283f6228?s=96&d=mm&r=g","caption":"ctrakadmin"},"sameAs":["http:\/\/www.cellutrak.ca"]}]}},"_links":{"self":[{"href":"https:\/\/www.cellutrak.ca\/fr\/wp-json\/wp\/v2\/pages\/4368","targetHints":{"allow":["GET"]}}],"collection":[{"href":"https:\/\/www.cellutrak.ca\/fr\/wp-json\/wp\/v2\/pages"}],"about":[{"href":"https:\/\/www.cellutrak.ca\/fr\/wp-json\/wp\/v2\/types\/page"}],"author":[{"embeddable":true,"href":"https:\/\/www.cellutrak.ca\/fr\/wp-json\/wp\/v2\/users\/1"}],"replies":[{"embeddable":true,"href":"https:\/\/www.cellutrak.ca\/fr\/wp-json\/wp\/v2\/comments?post=4368"}],"version-history":[{"count":0,"href":"https:\/\/www.cellutrak.ca\/fr\/wp-json\/wp\/v2\/pages\/4368\/revisions"}],"up":[{"embeddable":true,"href":"https:\/\/www.cellutrak.ca\/fr\/wp-json\/wp\/v2\/pages\/3681"}],"wp:attachment":[{"href":"https:\/\/www.cellutrak.ca\/fr\/wp-json\/wp\/v2\/media?parent=4368"}],"curies":[{"name":"wp","href":"https:\/\/api.w.org\/{rel}","templated":true}]}}