{"id":573,"date":"2020-09-16T07:22:23","date_gmt":"2020-09-16T07:22:23","guid":{"rendered":"https:\/\/www.cellutrak.ca\/?page_id=573"},"modified":"2021-06-21T23:35:51","modified_gmt":"2021-06-21T23:35:51","slug":"privacy-policy","status":"publish","type":"page","link":"https:\/\/www.cellutrak.ca\/fr\/privacy-policy\/","title":{"rendered":"Privacy Policy"},"content":{"rendered":"<div class=\"wpb-content-wrapper\"><p>[vc_row css_animation=\u00a0\u00bb\u00a0\u00bb row_type=\u00a0\u00bbrow\u00a0\u00bb use_row_as_full_screen_section=\u00a0\u00bbno\u00a0\u00bb type=\u00a0\u00bbgrid\u00a0\u00bb angled_section=\u00a0\u00bbno\u00a0\u00bb text_align=\u00a0\u00bbleft\u00a0\u00bb background_image_as_pattern=\u00a0\u00bbwithout_pattern\u00a0\u00bb css=\u00a0\u00bb.vc_custom_1599966151005{padding-top: 100px !important;padding-bottom: 100px !important;background-image: url(http:\/\/cellutrak.ca\/wp-content\/uploads\/2020\/09\/Company_Banner.jpg?id=296) !important;background-position: center !important;background-repeat: no-repeat !important;background-size: cover !important;}\u00a0\u00bb z_index=\u00a0\u00bb\u00a0\u00bb el_class=\u00a0\u00bbpage-banner\u00a0\u00bb][vc_column][vc_column_text]<\/p>\n<h1>POLITIQUE DE CONFIDENTIALIT\u00c9<\/h1>\n<p>Prot\u00e9gez votre<br \/>\nconfidentialit\u00e9 sur<br \/>\ncellutrak.ca[\/vc_column_text][\/vc_column][\/vc_row][vc_row css_animation=\u00a0\u00bb\u00a0\u00bb row_type=\u00a0\u00bbrow\u00a0\u00bb use_row_as_full_screen_section=\u00a0\u00bbno\u00a0\u00bb type=\u00a0\u00bbgrid\u00a0\u00bb angled_section=\u00a0\u00bbno\u00a0\u00bb text_align=\u00a0\u00bbleft\u00a0\u00bb background_image_as_pattern=\u00a0\u00bbwithout_pattern\u00a0\u00bb css=\u00a0\u00bb.vc_custom_1600240823365{padding-top: 80px !important;padding-bottom: 80px !important;background-color: #ffffff !important;}\u00a0\u00bb z_index=\u00a0\u00bb\u00a0\u00bb][vc_column][vc_column_text]Ce site Web est administr\u00e9 par CELLUTRAK CANADA INC. www.cellutrak.ca constitue avant tout une ressource dynamique visant \u00e0 fournir des informations, des produits et des services en vue d\u2019aider les clients \u00e0 trouver les produits qui leur correspondent. Nous tenons \u00e0 ce que vous vous sentiez en confiance lorsque vous consultez notre site et, \u00e0 ce titre, nous nous engageons \u00e0 pr\u00e9server votre confidentialit\u00e9.<\/p>\n<p>Les informations suivantes d\u00e9crivent notre fa\u00e7on de prot\u00e9ger votre confidentialit\u00e9 lors de votre visite sur notre site.<\/p>\n<h4 class=\"blue\">Quels types d\u2019informations recueillons-nous?<\/h4>\n<p>Les informations sur cellutrak.ca sont recueillies de deux fa\u00e7ons distinctes : (1) indirectement (par exemple, par l\u2019interm\u00e9diaire de la technologie de notre site); et (2) directement (par exemple, lorsque vous saisissez des informations sur les pages de cellutrak.ca). \u00c0 titre informatif, nous recueillons indirectement des informations \u00e0 travers notre registre d\u2019acc\u00e8s Internet. Lorsque vous acc\u00e9dez \u00e0 cellutrak.ca, votre adresse Internet est automatiquement enregistr\u00e9e et conserv\u00e9e dans nos registres d&rsquo;acc\u00e8s Internet. Nous recueillons directement vos informations par de nombreuses fa\u00e7ons, dont certaines sont d\u00e9crites dans la pr\u00e9sente Politique de confidentialit\u00e9. Par exemple, nous utilisons des t\u00e9moins de connexion pour recueillir vos informations. Les t\u00e9moins de connexion sont de petits fichiers d\u2019information, qui enregistrent et r\u00e9cup\u00e8rent les informations relatives \u00e0 votre visite sur cellutrak.ca (par exemple, le moyen par lequel vous avez acc\u00e9d\u00e9 \u00e0 notre site, celui par lequel vous avez navigu\u00e9 sur notre site et les types d\u2019informations qui vous ont int\u00e9ress\u00e9es). Les t\u00e9moins de connexion que nous utilisons vous identifient en tant que simple num\u00e9ro. (Si l\u2019utilisation des t\u00e9moins de connexion vous pose probl\u00e8me, vous pouvez les d\u00e9sactiver \u00e0 partir de votre ordinateur en modifiant les r\u00e9glages dans les menus Pr\u00e9f\u00e9rences ou Options de navigateur.) Nous recueillons \u00e9galement des informations d\u00e8s lors que vous nous les soumettez volontairement. \u00c0 travers notre site, vous avez la possibilit\u00e9 de nous contacter, de vous inscrire pour un \u00e9v\u00e8nement particulier, de recevoir des communications par courriel, de commander un service ou un produit, ou de participer \u00e0 une enqu\u00eate en ligne. Lorsque nous recueillons ce type d\u2019informations, nous vous expliquerons les raisons pour lesquelles nous vous demandons ces informations et les fins auxquelles elles seront utilis\u00e9es. La d\u00e9cision de nous communiquer ces informations ou non vous appartient enti\u00e8rement.<\/p>\n<h4 class=\"blue\">Comment utilisons-nous ces informations?<\/h4>\n<p>Nous analysons les informations recueillies afin de d\u00e9terminer les parties de notre site les plus efficaces, de d\u00e9finir des solutions pour l\u2019am\u00e9liorer et, enfin, de d\u00e9terminer les fa\u00e7ons dont nous pouvons adapter www.cellutrak.ca pour l\u2019optimiser. Nous pouvons \u00e9galement utiliser les donn\u00e9es recueillies \u00e0 d\u2019autres fins, qui vous seront communiqu\u00e9es lorsque nous proc\u00e9derons \u00e0 la collecte des informations.<\/p>\n<h4 class=\"blue\">Communiquerons-nous ces informations \u00e0 des tiers?<\/h4>\n<p>En tant qu\u2019organisation internationale, les donn\u00e9es que nous recueillons peuvent \u00eatre diffus\u00e9es \u00e0 travers l\u2019organisation internationale de CELLUTRAK CANADA et d&rsquo;ITURAN. Nous ne vendrons aucun renseignement personnel : ils ne seront partag\u00e9s qu\u2019avec nos conseillers.<\/p>\n<h4 class=\"blue\">Qu\u2019en est-il des donn\u00e9es personnelles sensibles?<\/h4>\n<p>En r\u00e8gle g\u00e9n\u00e9rale, nous ne cherchons pas \u00e0 recueillir des donn\u00e9es personnelles sensibles par l\u2019entremise de ce site. Dans le cas o\u00f9 nous chercherions \u00e0 recueillir des donn\u00e9es personnelles sensibles, nous vous demanderions votre consentement \u00e0 l\u2019utilisation sp\u00e9cifique de telles donn\u00e9es. Il se peut \u00e9galement que nous recueillions des donn\u00e9es personnelles sensibles par accident. En nous fournissant des donn\u00e9es personnelles sensibles non sollicit\u00e9es, vous nous autorisez \u00e0 utiliser ces donn\u00e9es, conform\u00e9ment au droit applicable et comme d\u00e9crit dans la pr\u00e9sente Politique de confidentialit\u00e9. Par \u00ab donn\u00e9es personnelles sensibles \u00bb, on entend diverses cat\u00e9gories de donn\u00e9es personnelles d\u00e9finies par les lois europ\u00e9ennes, \u00e9tasuniennes et les autres lois sur la confidentialit\u00e9 des donn\u00e9es, qui exigent la prise de mesures particuli\u00e8res, dont, dans certains cas, la n\u00e9cessit\u00e9 d&rsquo;obtenir un consentement explicite. Ces cat\u00e9gories comprennent les num\u00e9ros d\u2019identit\u00e9 personnelle, les donn\u00e9es personnelles portant sur la personnalit\u00e9 et la vie priv\u00e9e, l\u2019origine ethnique ou raciale, la nationalit\u00e9, les opinions politiques, l\u2019adh\u00e9sion \u00e0 des partis ou mouvements politiques, la religion, les convictions religieuses ou philosophiques, l\u2019appartenance \u00e0 un syndicat, \u00e0 un corps de m\u00e9tier ou \u00e0 une association commerciale, la sant\u00e9 physique ou mentale, le code g\u00e9n\u00e9tique, les d\u00e9pendances, la sexualit\u00e9, les affaires de propri\u00e9t\u00e9 ou le casier judiciaire (y compris les informations li\u00e9es \u00e0 des suspicions d\u2019activit\u00e9s criminelles).<\/p>\n<h4 class=\"blue\">Vous autorisons-nous \u00e0 acc\u00e9der \u00e0 vos informations?<\/h4>\n<p>Vous avez le droit de savoir si nous d\u00e9tenons des informations vous concernant et, le cas \u00e9ch\u00e9ant, d\u2019obtenir un acc\u00e8s \u00e0 ces informations ou de demander leur rectification si elles sont inexactes. Pour ce faire, contactez-nous par courriel.<\/p>\n<h4 class=\"blue\">Qu\u2019en est-il de la s\u00e9curit\u00e9 des donn\u00e9es?<\/h4>\n<p>Nous prenons toutes les mesures n\u00e9cessaires pour garantir la s\u00e9curit\u00e9 de vos donn\u00e9es sur cellutrak.ca. Vous devez comprendre que le caract\u00e8re \u00ab ouvert \u00bb d&rsquo;Internet fait que les donn\u00e9es risquent de circuler sur des r\u00e9seaux non s\u00e9curis\u00e9s et que certaines personnes autres que celles \u00e0 qui lesdites donn\u00e9es sont adress\u00e9es peuvent y avoir acc\u00e8s et les utiliser. Nous sommes engag\u00e9s \u00e0 garantir votre confidentialit\u00e9 et \u00e0 cr\u00e9er une ressource pr\u00e9cieuse que vous pourrez utiliser. Si vous avez des questions, contactez-nous par courriel \u00e0 l\u2019adresse <span id=\"cloakd3dfd28f8ed1fc308f6c4b65d760fcb3\"><a href=\"mailto:info@cellutrak.ca\">info@cellutrak.ca<\/a><\/span> ou appelez-nous au 1-888-901-8725 (appel sans frais).[\/vc_column_text][\/vc_column][\/vc_row]<\/p>\n<\/div>","protected":false},"excerpt":{"rendered":"<p>[vc_row css_animation=\u00a0\u00bb\u00a0\u00bb row_type=\u00a0\u00bbrow\u00a0\u00bb use_row_as_full_screen_section=\u00a0\u00bbno\u00a0\u00bb type=\u00a0\u00bbgrid\u00a0\u00bb angled_section=\u00a0\u00bbno\u00a0\u00bb text_align=\u00a0\u00bbleft\u00a0\u00bb background_image_as_pattern=\u00a0\u00bbwithout_pattern\u00a0\u00bb css=\u00a0\u00bb.vc_custom_1599966151005{padding-top: 100px !important;padding-bottom: 100px !important;background-image: url(http:\/\/cellutrak.ca\/wp-content\/uploads\/2020\/09\/Company_Banner.jpg?id=296) !important;background-position: center !important;background-repeat: no-repeat !important;background-size: cover !important;}\u00a0\u00bb z_index=\u00a0\u00bb\u00a0\u00bb el_class=\u00a0\u00bbpage-banner\u00a0\u00bb][vc_column][vc_column_text] POLITIQUE DE CONFIDENTIALIT\u00c9 Prot\u00e9gez votre confidentialit\u00e9 sur cellutrak.ca[\/vc_column_text][\/vc_column][\/vc_row][vc_row css_animation=\u00a0\u00bb\u00a0\u00bb row_type=\u00a0\u00bbrow\u00a0\u00bb use_row_as_full_screen_section=\u00a0\u00bbno\u00a0\u00bb type=\u00a0\u00bbgrid\u00a0\u00bb angled_section=\u00a0\u00bbno\u00a0\u00bb text_align=\u00a0\u00bbleft\u00a0\u00bb background_image_as_pattern=\u00a0\u00bbwithout_pattern\u00a0\u00bb css=\u00a0\u00bb.vc_custom_1600240823365{padding-top: 80px !important;padding-bottom: 80px !important;background-color: #ffffff !important;}\u00a0\u00bb&#8230;<\/p>\n","protected":false},"author":1,"featured_media":0,"parent":0,"menu_order":0,"comment_status":"closed","ping_status":"open","template":"full_width.php","meta":{"_acf_changed":false,"footnotes":""},"class_list":["post-573","page","type-page","status-publish","hentry"],"acf":[],"yoast_head":"<!-- This site is optimized with the Yoast SEO Premium plugin v21.3 (Yoast SEO v26.4) - https:\/\/yoast.com\/wordpress\/plugins\/seo\/ -->\n<title>Politique de confidentialit\u00e9 | Cellutrak<\/title>\n<meta name=\"description\" content=\"Prot\u00e9gez votre confidentialit\u00e9 sur cellutrak.ca. Les informations suivantes d\u00e9crivent notre fa\u00e7on de prot\u00e9ger votre confidentialit\u00e9 lors de votre visite sur notre site.\" \/>\n<meta name=\"robots\" content=\"index, follow, max-snippet:-1, max-image-preview:large, max-video-preview:-1\" \/>\n<link rel=\"canonical\" href=\"https:\/\/www.cellutrak.ca\/fr\/privacy-policy\/\" \/>\n<meta property=\"og:locale\" content=\"fr_FR\" \/>\n<meta property=\"og:type\" content=\"article\" \/>\n<meta property=\"og:title\" content=\"Privacy Policy\" \/>\n<meta property=\"og:description\" content=\"Prot\u00e9gez votre confidentialit\u00e9 sur cellutrak.ca. Les informations suivantes d\u00e9crivent notre fa\u00e7on de prot\u00e9ger votre confidentialit\u00e9 lors de votre visite sur notre site.\" \/>\n<meta property=\"og:url\" content=\"https:\/\/www.cellutrak.ca\/fr\/privacy-policy\/\" \/>\n<meta property=\"og:site_name\" content=\"Cellutrak\" \/>\n<meta property=\"article:publisher\" content=\"https:\/\/www.facebook.com\/cellutrakgpstracking\/\" \/>\n<meta property=\"article:modified_time\" content=\"2021-06-21T23:35:51+00:00\" \/>\n<meta property=\"og:image\" content=\"https:\/\/www.cellutrak.ca\/wp-content\/uploads\/2022\/12\/PR-LinkPreview-.jpg\" \/>\n\t<meta property=\"og:image:width\" content=\"1200\" \/>\n\t<meta property=\"og:image:height\" content=\"630\" \/>\n\t<meta property=\"og:image:type\" content=\"image\/jpeg\" \/>\n<meta name=\"twitter:card\" content=\"summary_large_image\" \/>\n<meta name=\"twitter:label1\" content=\"Dur\u00e9e de lecture estim\u00e9e\" \/>\n\t<meta name=\"twitter:data1\" content=\"5 minutes\" \/>\n<script type=\"application\/ld+json\" class=\"yoast-schema-graph\">{\"@context\":\"https:\/\/schema.org\",\"@graph\":[{\"@type\":\"Article\",\"@id\":\"https:\/\/www.cellutrak.ca\/fr\/privacy-policy\/#article\",\"isPartOf\":{\"@id\":\"https:\/\/www.cellutrak.ca\/fr\/privacy-policy\/\"},\"author\":{\"name\":\"ctrakadmin\",\"@id\":\"https:\/\/www.cellutrak.ca\/fr\/#\/schema\/person\/8f42755036c123395cee104ebf74c655\"},\"headline\":\"Privacy Policy\",\"datePublished\":\"2020-09-16T07:22:23+00:00\",\"dateModified\":\"2021-06-21T23:35:51+00:00\",\"mainEntityOfPage\":{\"@id\":\"https:\/\/www.cellutrak.ca\/fr\/privacy-policy\/\"},\"wordCount\":1073,\"publisher\":{\"@id\":\"https:\/\/www.cellutrak.ca\/fr\/#organization\"},\"inLanguage\":\"fr-FR\"},{\"@type\":\"WebPage\",\"@id\":\"https:\/\/www.cellutrak.ca\/fr\/privacy-policy\/\",\"url\":\"https:\/\/www.cellutrak.ca\/fr\/privacy-policy\/\",\"name\":\"Politique de confidentialit\u00e9 | Cellutrak\",\"isPartOf\":{\"@id\":\"https:\/\/www.cellutrak.ca\/fr\/#website\"},\"datePublished\":\"2020-09-16T07:22:23+00:00\",\"dateModified\":\"2021-06-21T23:35:51+00:00\",\"description\":\"Prot\u00e9gez votre confidentialit\u00e9 sur cellutrak.ca. Les informations suivantes d\u00e9crivent notre fa\u00e7on de prot\u00e9ger votre confidentialit\u00e9 lors de votre visite sur notre site.\",\"breadcrumb\":{\"@id\":\"https:\/\/www.cellutrak.ca\/fr\/privacy-policy\/#breadcrumb\"},\"inLanguage\":\"fr-FR\",\"potentialAction\":[{\"@type\":\"ReadAction\",\"target\":[\"https:\/\/www.cellutrak.ca\/fr\/privacy-policy\/\"]}]},{\"@type\":\"BreadcrumbList\",\"@id\":\"https:\/\/www.cellutrak.ca\/fr\/privacy-policy\/#breadcrumb\",\"itemListElement\":[{\"@type\":\"ListItem\",\"position\":1,\"name\":\"Home\",\"item\":\"https:\/\/www.cellutrak.ca\/fr\/\"},{\"@type\":\"ListItem\",\"position\":2,\"name\":\"Privacy Policy\"}]},{\"@type\":\"WebSite\",\"@id\":\"https:\/\/www.cellutrak.ca\/fr\/#website\",\"url\":\"https:\/\/www.cellutrak.ca\/fr\/\",\"name\":\"Cellutrak\",\"description\":\"\",\"publisher\":{\"@id\":\"https:\/\/www.cellutrak.ca\/fr\/#organization\"},\"potentialAction\":[{\"@type\":\"SearchAction\",\"target\":{\"@type\":\"EntryPoint\",\"urlTemplate\":\"https:\/\/www.cellutrak.ca\/fr\/?s={search_term_string}\"},\"query-input\":{\"@type\":\"PropertyValueSpecification\",\"valueRequired\":true,\"valueName\":\"search_term_string\"}}],\"inLanguage\":\"fr-FR\"},{\"@type\":\"Organization\",\"@id\":\"https:\/\/www.cellutrak.ca\/fr\/#organization\",\"name\":\"Cellutrak\",\"url\":\"https:\/\/www.cellutrak.ca\/fr\/\",\"logo\":{\"@type\":\"ImageObject\",\"inLanguage\":\"fr-FR\",\"@id\":\"https:\/\/www.cellutrak.ca\/fr\/#\/schema\/logo\/image\/\",\"url\":\"https:\/\/www.cellutrak.ca\/wp-content\/uploads\/2021\/09\/CELLUTRAK-Social-Thumb.png\",\"contentUrl\":\"https:\/\/www.cellutrak.ca\/wp-content\/uploads\/2021\/09\/CELLUTRAK-Social-Thumb.png\",\"width\":200,\"height\":200,\"caption\":\"Cellutrak\"},\"image\":{\"@id\":\"https:\/\/www.cellutrak.ca\/fr\/#\/schema\/logo\/image\/\"},\"sameAs\":[\"https:\/\/www.facebook.com\/cellutrakgpstracking\/\",\"https:\/\/www.linkedin.com\/company\/cellutrakgpstracking\/\",\"https:\/\/www.youtube.com\/@cellutrakgps\"]},{\"@type\":\"Person\",\"@id\":\"https:\/\/www.cellutrak.ca\/fr\/#\/schema\/person\/8f42755036c123395cee104ebf74c655\",\"name\":\"ctrakadmin\",\"image\":{\"@type\":\"ImageObject\",\"inLanguage\":\"fr-FR\",\"@id\":\"https:\/\/www.cellutrak.ca\/fr\/#\/schema\/person\/image\/\",\"url\":\"https:\/\/secure.gravatar.com\/avatar\/692f9d8b87ba75bfaa698dd2283f6228?s=96&d=mm&r=g\",\"contentUrl\":\"https:\/\/secure.gravatar.com\/avatar\/692f9d8b87ba75bfaa698dd2283f6228?s=96&d=mm&r=g\",\"caption\":\"ctrakadmin\"},\"sameAs\":[\"http:\/\/www.cellutrak.ca\"]}]}<\/script>\n<!-- \/ Yoast SEO Premium plugin. -->","yoast_head_json":{"title":"Politique de confidentialit\u00e9 | Cellutrak","description":"Prot\u00e9gez votre confidentialit\u00e9 sur cellutrak.ca. Les informations suivantes d\u00e9crivent notre fa\u00e7on de prot\u00e9ger votre confidentialit\u00e9 lors de votre visite sur notre site.","robots":{"index":"index","follow":"follow","max-snippet":"max-snippet:-1","max-image-preview":"max-image-preview:large","max-video-preview":"max-video-preview:-1"},"canonical":"https:\/\/www.cellutrak.ca\/fr\/privacy-policy\/","og_locale":"fr_FR","og_type":"article","og_title":"Privacy Policy","og_description":"Prot\u00e9gez votre confidentialit\u00e9 sur cellutrak.ca. Les informations suivantes d\u00e9crivent notre fa\u00e7on de prot\u00e9ger votre confidentialit\u00e9 lors de votre visite sur notre site.","og_url":"https:\/\/www.cellutrak.ca\/fr\/privacy-policy\/","og_site_name":"Cellutrak","article_publisher":"https:\/\/www.facebook.com\/cellutrakgpstracking\/","article_modified_time":"2021-06-21T23:35:51+00:00","og_image":[{"width":1200,"height":630,"url":"https:\/\/www.cellutrak.ca\/wp-content\/uploads\/2022\/12\/PR-LinkPreview-.jpg","type":"image\/jpeg"}],"twitter_card":"summary_large_image","twitter_misc":{"Dur\u00e9e de lecture estim\u00e9e":"5 minutes"},"schema":{"@context":"https:\/\/schema.org","@graph":[{"@type":"Article","@id":"https:\/\/www.cellutrak.ca\/fr\/privacy-policy\/#article","isPartOf":{"@id":"https:\/\/www.cellutrak.ca\/fr\/privacy-policy\/"},"author":{"name":"ctrakadmin","@id":"https:\/\/www.cellutrak.ca\/fr\/#\/schema\/person\/8f42755036c123395cee104ebf74c655"},"headline":"Privacy Policy","datePublished":"2020-09-16T07:22:23+00:00","dateModified":"2021-06-21T23:35:51+00:00","mainEntityOfPage":{"@id":"https:\/\/www.cellutrak.ca\/fr\/privacy-policy\/"},"wordCount":1073,"publisher":{"@id":"https:\/\/www.cellutrak.ca\/fr\/#organization"},"inLanguage":"fr-FR"},{"@type":"WebPage","@id":"https:\/\/www.cellutrak.ca\/fr\/privacy-policy\/","url":"https:\/\/www.cellutrak.ca\/fr\/privacy-policy\/","name":"Politique de confidentialit\u00e9 | Cellutrak","isPartOf":{"@id":"https:\/\/www.cellutrak.ca\/fr\/#website"},"datePublished":"2020-09-16T07:22:23+00:00","dateModified":"2021-06-21T23:35:51+00:00","description":"Prot\u00e9gez votre confidentialit\u00e9 sur cellutrak.ca. Les informations suivantes d\u00e9crivent notre fa\u00e7on de prot\u00e9ger votre confidentialit\u00e9 lors de votre visite sur notre site.","breadcrumb":{"@id":"https:\/\/www.cellutrak.ca\/fr\/privacy-policy\/#breadcrumb"},"inLanguage":"fr-FR","potentialAction":[{"@type":"ReadAction","target":["https:\/\/www.cellutrak.ca\/fr\/privacy-policy\/"]}]},{"@type":"BreadcrumbList","@id":"https:\/\/www.cellutrak.ca\/fr\/privacy-policy\/#breadcrumb","itemListElement":[{"@type":"ListItem","position":1,"name":"Home","item":"https:\/\/www.cellutrak.ca\/fr\/"},{"@type":"ListItem","position":2,"name":"Privacy Policy"}]},{"@type":"WebSite","@id":"https:\/\/www.cellutrak.ca\/fr\/#website","url":"https:\/\/www.cellutrak.ca\/fr\/","name":"Cellutrak","description":"","publisher":{"@id":"https:\/\/www.cellutrak.ca\/fr\/#organization"},"potentialAction":[{"@type":"SearchAction","target":{"@type":"EntryPoint","urlTemplate":"https:\/\/www.cellutrak.ca\/fr\/?s={search_term_string}"},"query-input":{"@type":"PropertyValueSpecification","valueRequired":true,"valueName":"search_term_string"}}],"inLanguage":"fr-FR"},{"@type":"Organization","@id":"https:\/\/www.cellutrak.ca\/fr\/#organization","name":"Cellutrak","url":"https:\/\/www.cellutrak.ca\/fr\/","logo":{"@type":"ImageObject","inLanguage":"fr-FR","@id":"https:\/\/www.cellutrak.ca\/fr\/#\/schema\/logo\/image\/","url":"https:\/\/www.cellutrak.ca\/wp-content\/uploads\/2021\/09\/CELLUTRAK-Social-Thumb.png","contentUrl":"https:\/\/www.cellutrak.ca\/wp-content\/uploads\/2021\/09\/CELLUTRAK-Social-Thumb.png","width":200,"height":200,"caption":"Cellutrak"},"image":{"@id":"https:\/\/www.cellutrak.ca\/fr\/#\/schema\/logo\/image\/"},"sameAs":["https:\/\/www.facebook.com\/cellutrakgpstracking\/","https:\/\/www.linkedin.com\/company\/cellutrakgpstracking\/","https:\/\/www.youtube.com\/@cellutrakgps"]},{"@type":"Person","@id":"https:\/\/www.cellutrak.ca\/fr\/#\/schema\/person\/8f42755036c123395cee104ebf74c655","name":"ctrakadmin","image":{"@type":"ImageObject","inLanguage":"fr-FR","@id":"https:\/\/www.cellutrak.ca\/fr\/#\/schema\/person\/image\/","url":"https:\/\/secure.gravatar.com\/avatar\/692f9d8b87ba75bfaa698dd2283f6228?s=96&d=mm&r=g","contentUrl":"https:\/\/secure.gravatar.com\/avatar\/692f9d8b87ba75bfaa698dd2283f6228?s=96&d=mm&r=g","caption":"ctrakadmin"},"sameAs":["http:\/\/www.cellutrak.ca"]}]}},"_links":{"self":[{"href":"https:\/\/www.cellutrak.ca\/fr\/wp-json\/wp\/v2\/pages\/573","targetHints":{"allow":["GET"]}}],"collection":[{"href":"https:\/\/www.cellutrak.ca\/fr\/wp-json\/wp\/v2\/pages"}],"about":[{"href":"https:\/\/www.cellutrak.ca\/fr\/wp-json\/wp\/v2\/types\/page"}],"author":[{"embeddable":true,"href":"https:\/\/www.cellutrak.ca\/fr\/wp-json\/wp\/v2\/users\/1"}],"replies":[{"embeddable":true,"href":"https:\/\/www.cellutrak.ca\/fr\/wp-json\/wp\/v2\/comments?post=573"}],"version-history":[{"count":0,"href":"https:\/\/www.cellutrak.ca\/fr\/wp-json\/wp\/v2\/pages\/573\/revisions"}],"wp:attachment":[{"href":"https:\/\/www.cellutrak.ca\/fr\/wp-json\/wp\/v2\/media?parent=573"}],"curies":[{"name":"wp","href":"https:\/\/api.w.org\/{rel}","templated":true}]}}