{"id":5833,"date":"2021-05-03T05:20:27","date_gmt":"2021-05-03T05:20:27","guid":{"rendered":"https:\/\/www.cellutrak.ca\/?page_id=5833"},"modified":"2021-06-21T23:39:21","modified_gmt":"2021-06-21T23:39:21","slug":"kubota-login","status":"publish","type":"page","link":"https:\/\/www.cellutrak.ca\/fr\/kubota-login\/","title":{"rendered":"Kubota Login"},"content":{"rendered":"<div class=\"wpb-content-wrapper\"><p>[vc_row css_animation=\u00a0\u00bb\u00a0\u00bb row_type=\u00a0\u00bbrow\u00a0\u00bb use_row_as_full_screen_section=\u00a0\u00bbno\u00a0\u00bb type=\u00a0\u00bbgrid\u00a0\u00bb angled_section=\u00a0\u00bbno\u00a0\u00bb text_align=\u00a0\u00bbleft\u00a0\u00bb background_image_as_pattern=\u00a0\u00bbwithout_pattern\u00a0\u00bb css=\u00a0\u00bb.vc_custom_1615744225257{padding-top: 80px !important;padding-bottom: 80px !important;background-color: #ffffff !important;}\u00a0\u00bb z_index=\u00a0\u00bb\u00a0\u00bb][vc_column width=\u00a0\u00bb1\/3&Prime;][\/vc_column][vc_column width=\u00a0\u00bb1\/3&Prime;][vc_column_text]<\/p>\n<h3 style=\"text-align: center;\">Connexion<\/h3>\n<p>[\/vc_column_text][vc_empty_space height=\u00a0\u00bb20px\u00a0\u00bb][vc_column_text]\t<form id=\"kubota-login\" action=\"https:\/\/www.cellutrak.ca\/fr\/kubota-login\/\" method=\"post\">\n    <input type=\"hidden\" class=\"language\" value=\"fr\" \/>\n\t\t<input type=\"text\" name=\"username\" class=\"kubota-login-fields usr\" placeholder=\"Nom d'utilisateur\" \/>\n\t\t<input type=\"password\" name=\"password\" class=\"kubota-login-fields pwd\" placeholder=\"Mot de passe\" \/>\n\t\t<input type=\"submit\" name=\"submit\" value=\"Acc\u00e8s\" class=\"custom-button blue-button\" \/>\n\t<\/form>\n\t<div class=\"kubota-login-message\"><\/div>\n\t[\/vc_column_text][\/vc_column][vc_column width=\u00a0\u00bb1\/3&Prime;][\/vc_column][\/vc_row][vc_row css_animation=\u00a0\u00bb\u00a0\u00bb row_type=\u00a0\u00bbrow\u00a0\u00bb use_row_as_full_screen_section=\u00a0\u00bbno\u00a0\u00bb type=\u00a0\u00bbfull_width\u00a0\u00bb angled_section=\u00a0\u00bbno\u00a0\u00bb text_align=\u00a0\u00bbleft\u00a0\u00bb background_image_as_pattern=\u00a0\u00bbwithout_pattern\u00a0\u00bb][vc_column]<div class=\"wpb-content-wrapper\"><p>[vc_row css_animation=\u00a0\u00bb\u00a0\u00bb row_type=\u00a0\u00bbrow\u00a0\u00bb use_row_as_full_screen_section=\u00a0\u00bbno\u00a0\u00bb type=\u00a0\u00bbgrid\u00a0\u00bb angled_section=\u00a0\u00bbno\u00a0\u00bb text_align=\u00a0\u00bbleft\u00a0\u00bb background_image_as_pattern=\u00a0\u00bbwithout_pattern\u00a0\u00bb el_class=\u00a0\u00bbfind-right-solution\u00a0\u00bb z_index=\u00a0\u00bb\u00a0\u00bb padding_top=\u00a0\u00bb120&Prime; padding_bottom=\u00a0\u00bb120&Prime;][vc_column width=\u00a0\u00bb1\/12&Prime;][\/vc_column][vc_column width=\u00a0\u00bb5\/6&Prime;][vc_column_text el_class=\u00a0\u00bbdark-bg\u00a0\u00bb]<\/p>\n<h2 style=\"text-align: center;\">Pr\u00eat \u00e0 chercher la solution ad\u00e9quate?<\/h2>\n<h3 style=\"text-align: center;\">Utilisez notre <a href=\"http:\/\/cellutrak.ca\/fr\/solution-finder\/\">outil en ligne de recherche de solutions<\/a> ou appelez-nous au <a href=\"tel:1-888-901-8725\">1-888-901-8725<\/a> pour discuter de vos besoins. Vous pouvez \u00e9galement <a href=\"http:\/\/cellutrak.ca\/fr\/request-live-demo\/\">planifier une d\u00e9monstration<\/a> en direct gratuite pour voir nos solutions de suivi GPS \u00e0 l\u2019\u0153uvre.<\/h3>\n<p>[\/vc_column_text][vc_empty_space height=\u00a0\u00bb40px\u00a0\u00bb][vc_raw_html]JTNDdWwlMjBjbGFzcyUzRCUyMnNzLWJ1dHRvbnMlMjIlM0UlMEElM0NsaSUzRSUzQ2ElMjBocmVmJTNEJTIyJTJGZnIlMkZzb2x1dGlvbi1maW5kZXIlMkYlMjIlMjBjbGFzcyUzRCUyMmN1c3RvbS1idXR0b24lMjBibGFjay1idXR0b24lMjIlM0VUUk9VVkVSJTIwVU5FJTIwU09MVVRJT04lM0MlMkZhJTNFJTNDJTJGbGklM0UlMEElM0NsaSUzRSUzQ2ElMjBocmVmJTNEJTIyJTJGZnIlMkZyZXF1ZXN0LWxpdmUtZGVtbyUyRiUyMiUyMGNsYXNzJTNEJTIyY3VzdG9tLWJ1dHRvbiUyMHRyYW5zcGFyZW50LWJ1dHRvbiUyMiUzRURFTUFOREUlMjBEJUMzJTg5TU8lM0NpJTIwY2xhc3MlM0QlMjJmYSUyMGZhLWFuZ2xlLXJpZ2h0JTIyJTNFJTNDJTJGaSUzRSUzQyUyRmElM0UlM0MlMkZsaSUzRSUwQSUzQyUyRnVsJTNF[\/vc_raw_html][\/vc_column][vc_column width=\u00a0\u00bb1\/12&Prime;][\/vc_column][\/vc_row]<\/p>\n<\/div>[\/vc_column][\/vc_row]<\/p>\n<\/div>","protected":false},"excerpt":{"rendered":"Connexion Pr\u00eat \u00e0 chercher la solution ad\u00e9quate? Utilisez notre outil en ligne de recherche de solutions ou appelez-nous au 1-888-901-8725 pour discuter de vos besoins. Vous pouvez \u00e9galement planifier une d\u00e9monstration en direct gratuite pour voir nos solutions de suivi GPS \u00e0 l\u2019\u0153uvre. TROUVER UNE...","protected":false},"author":1,"featured_media":0,"parent":0,"menu_order":0,"comment_status":"closed","ping_status":"closed","template":"full_width.php","meta":{"_acf_changed":false,"footnotes":""},"class_list":["post-5833","page","type-page","status-publish","hentry"],"acf":[],"yoast_head":"<!-- This site is optimized with the Yoast SEO Premium plugin v21.3 (Yoast SEO v26.4) - https:\/\/yoast.com\/wordpress\/plugins\/seo\/ -->\n<title>Connexion Kubota | Cellutrak<\/title>\n<meta name=\"robots\" content=\"noindex, follow\" \/>\n<meta property=\"og:locale\" content=\"fr_FR\" \/>\n<meta property=\"og:type\" content=\"article\" \/>\n<meta property=\"og:title\" content=\"Kubota Login\" \/>\n<meta property=\"og:url\" content=\"https:\/\/www.cellutrak.ca\/fr\/kubota-login\/\" \/>\n<meta property=\"og:site_name\" content=\"Cellutrak\" \/>\n<meta property=\"article:publisher\" content=\"https:\/\/www.facebook.com\/cellutrakgpstracking\/\" \/>\n<meta property=\"article:modified_time\" content=\"2021-06-21T23:39:21+00:00\" \/>\n<meta property=\"og:image\" content=\"https:\/\/www.cellutrak.ca\/wp-content\/uploads\/2022\/12\/PR-LinkPreview-.jpg\" \/>\n\t<meta property=\"og:image:width\" content=\"1200\" \/>\n\t<meta property=\"og:image:height\" content=\"630\" \/>\n\t<meta property=\"og:image:type\" content=\"image\/jpeg\" \/>\n<meta name=\"twitter:card\" content=\"summary_large_image\" \/>\n<meta name=\"twitter:label1\" content=\"Dur\u00e9e de lecture estim\u00e9e\" \/>\n\t<meta name=\"twitter:data1\" content=\"1 minute\" \/>\n<script type=\"application\/ld+json\" class=\"yoast-schema-graph\">{\"@context\":\"https:\/\/schema.org\",\"@graph\":[{\"@type\":\"Article\",\"@id\":\"https:\/\/www.cellutrak.ca\/fr\/kubota-login\/#article\",\"isPartOf\":{\"@id\":\"https:\/\/www.cellutrak.ca\/fr\/kubota-login\/\"},\"author\":{\"name\":\"ctrakadmin\",\"@id\":\"https:\/\/www.cellutrak.ca\/fr\/#\/schema\/person\/af66ee02ce842afef7ce85c0549d08a5\"},\"headline\":\"Kubota Login\",\"datePublished\":\"2021-05-03T05:20:27+00:00\",\"dateModified\":\"2021-06-21T23:39:21+00:00\",\"mainEntityOfPage\":{\"@id\":\"https:\/\/www.cellutrak.ca\/fr\/kubota-login\/\"},\"wordCount\":118,\"publisher\":{\"@id\":\"https:\/\/www.cellutrak.ca\/fr\/#organization\"},\"inLanguage\":\"fr-FR\"},{\"@type\":\"WebPage\",\"@id\":\"https:\/\/www.cellutrak.ca\/fr\/kubota-login\/\",\"url\":\"https:\/\/www.cellutrak.ca\/fr\/kubota-login\/\",\"name\":\"Connexion Kubota | Cellutrak\",\"isPartOf\":{\"@id\":\"https:\/\/www.cellutrak.ca\/fr\/#website\"},\"datePublished\":\"2021-05-03T05:20:27+00:00\",\"dateModified\":\"2021-06-21T23:39:21+00:00\",\"breadcrumb\":{\"@id\":\"https:\/\/www.cellutrak.ca\/fr\/kubota-login\/#breadcrumb\"},\"inLanguage\":\"fr-FR\",\"potentialAction\":[{\"@type\":\"ReadAction\",\"target\":[\"https:\/\/www.cellutrak.ca\/fr\/kubota-login\/\"]}]},{\"@type\":\"BreadcrumbList\",\"@id\":\"https:\/\/www.cellutrak.ca\/fr\/kubota-login\/#breadcrumb\",\"itemListElement\":[{\"@type\":\"ListItem\",\"position\":1,\"name\":\"Home\",\"item\":\"https:\/\/www.cellutrak.ca\/fr\/\"},{\"@type\":\"ListItem\",\"position\":2,\"name\":\"Kubota Login\"}]},{\"@type\":\"WebSite\",\"@id\":\"https:\/\/www.cellutrak.ca\/fr\/#website\",\"url\":\"https:\/\/www.cellutrak.ca\/fr\/\",\"name\":\"Cellutrak\",\"description\":\"\",\"publisher\":{\"@id\":\"https:\/\/www.cellutrak.ca\/fr\/#organization\"},\"potentialAction\":[{\"@type\":\"SearchAction\",\"target\":{\"@type\":\"EntryPoint\",\"urlTemplate\":\"https:\/\/www.cellutrak.ca\/fr\/?s={search_term_string}\"},\"query-input\":{\"@type\":\"PropertyValueSpecification\",\"valueRequired\":true,\"valueName\":\"search_term_string\"}}],\"inLanguage\":\"fr-FR\"},{\"@type\":\"Organization\",\"@id\":\"https:\/\/www.cellutrak.ca\/fr\/#organization\",\"name\":\"Cellutrak\",\"url\":\"https:\/\/www.cellutrak.ca\/fr\/\",\"logo\":{\"@type\":\"ImageObject\",\"inLanguage\":\"fr-FR\",\"@id\":\"https:\/\/www.cellutrak.ca\/fr\/#\/schema\/logo\/image\/\",\"url\":\"https:\/\/www.cellutrak.ca\/wp-content\/uploads\/2021\/09\/CELLUTRAK-Social-Thumb.png\",\"contentUrl\":\"https:\/\/www.cellutrak.ca\/wp-content\/uploads\/2021\/09\/CELLUTRAK-Social-Thumb.png\",\"width\":200,\"height\":200,\"caption\":\"Cellutrak\"},\"image\":{\"@id\":\"https:\/\/www.cellutrak.ca\/fr\/#\/schema\/logo\/image\/\"},\"sameAs\":[\"https:\/\/www.facebook.com\/cellutrakgpstracking\/\",\"https:\/\/www.linkedin.com\/company\/cellutrakgpstracking\/\",\"https:\/\/www.youtube.com\/@cellutrakgps\"]},{\"@type\":\"Person\",\"@id\":\"https:\/\/www.cellutrak.ca\/fr\/#\/schema\/person\/af66ee02ce842afef7ce85c0549d08a5\",\"name\":\"ctrakadmin\",\"image\":{\"@type\":\"ImageObject\",\"inLanguage\":\"fr-FR\",\"@id\":\"https:\/\/www.cellutrak.ca\/fr\/#\/schema\/person\/image\/\",\"url\":\"https:\/\/secure.gravatar.com\/avatar\/692f9d8b87ba75bfaa698dd2283f6228?s=96&d=mm&r=g\",\"contentUrl\":\"https:\/\/secure.gravatar.com\/avatar\/692f9d8b87ba75bfaa698dd2283f6228?s=96&d=mm&r=g\",\"caption\":\"ctrakadmin\"},\"sameAs\":[\"http:\/\/www.cellutrak.ca\"]}]}<\/script>\n<!-- \/ Yoast SEO Premium plugin. -->","yoast_head_json":{"title":"Connexion Kubota | Cellutrak","robots":{"index":"noindex","follow":"follow"},"og_locale":"fr_FR","og_type":"article","og_title":"Kubota Login","og_url":"https:\/\/www.cellutrak.ca\/fr\/kubota-login\/","og_site_name":"Cellutrak","article_publisher":"https:\/\/www.facebook.com\/cellutrakgpstracking\/","article_modified_time":"2021-06-21T23:39:21+00:00","og_image":[{"width":1200,"height":630,"url":"https:\/\/www.cellutrak.ca\/wp-content\/uploads\/2022\/12\/PR-LinkPreview-.jpg","type":"image\/jpeg"}],"twitter_card":"summary_large_image","twitter_misc":{"Dur\u00e9e de lecture estim\u00e9e":"1 minute"},"schema":{"@context":"https:\/\/schema.org","@graph":[{"@type":"Article","@id":"https:\/\/www.cellutrak.ca\/fr\/kubota-login\/#article","isPartOf":{"@id":"https:\/\/www.cellutrak.ca\/fr\/kubota-login\/"},"author":{"name":"ctrakadmin","@id":"https:\/\/www.cellutrak.ca\/fr\/#\/schema\/person\/af66ee02ce842afef7ce85c0549d08a5"},"headline":"Kubota Login","datePublished":"2021-05-03T05:20:27+00:00","dateModified":"2021-06-21T23:39:21+00:00","mainEntityOfPage":{"@id":"https:\/\/www.cellutrak.ca\/fr\/kubota-login\/"},"wordCount":118,"publisher":{"@id":"https:\/\/www.cellutrak.ca\/fr\/#organization"},"inLanguage":"fr-FR"},{"@type":"WebPage","@id":"https:\/\/www.cellutrak.ca\/fr\/kubota-login\/","url":"https:\/\/www.cellutrak.ca\/fr\/kubota-login\/","name":"Connexion Kubota | Cellutrak","isPartOf":{"@id":"https:\/\/www.cellutrak.ca\/fr\/#website"},"datePublished":"2021-05-03T05:20:27+00:00","dateModified":"2021-06-21T23:39:21+00:00","breadcrumb":{"@id":"https:\/\/www.cellutrak.ca\/fr\/kubota-login\/#breadcrumb"},"inLanguage":"fr-FR","potentialAction":[{"@type":"ReadAction","target":["https:\/\/www.cellutrak.ca\/fr\/kubota-login\/"]}]},{"@type":"BreadcrumbList","@id":"https:\/\/www.cellutrak.ca\/fr\/kubota-login\/#breadcrumb","itemListElement":[{"@type":"ListItem","position":1,"name":"Home","item":"https:\/\/www.cellutrak.ca\/fr\/"},{"@type":"ListItem","position":2,"name":"Kubota Login"}]},{"@type":"WebSite","@id":"https:\/\/www.cellutrak.ca\/fr\/#website","url":"https:\/\/www.cellutrak.ca\/fr\/","name":"Cellutrak","description":"","publisher":{"@id":"https:\/\/www.cellutrak.ca\/fr\/#organization"},"potentialAction":[{"@type":"SearchAction","target":{"@type":"EntryPoint","urlTemplate":"https:\/\/www.cellutrak.ca\/fr\/?s={search_term_string}"},"query-input":{"@type":"PropertyValueSpecification","valueRequired":true,"valueName":"search_term_string"}}],"inLanguage":"fr-FR"},{"@type":"Organization","@id":"https:\/\/www.cellutrak.ca\/fr\/#organization","name":"Cellutrak","url":"https:\/\/www.cellutrak.ca\/fr\/","logo":{"@type":"ImageObject","inLanguage":"fr-FR","@id":"https:\/\/www.cellutrak.ca\/fr\/#\/schema\/logo\/image\/","url":"https:\/\/www.cellutrak.ca\/wp-content\/uploads\/2021\/09\/CELLUTRAK-Social-Thumb.png","contentUrl":"https:\/\/www.cellutrak.ca\/wp-content\/uploads\/2021\/09\/CELLUTRAK-Social-Thumb.png","width":200,"height":200,"caption":"Cellutrak"},"image":{"@id":"https:\/\/www.cellutrak.ca\/fr\/#\/schema\/logo\/image\/"},"sameAs":["https:\/\/www.facebook.com\/cellutrakgpstracking\/","https:\/\/www.linkedin.com\/company\/cellutrakgpstracking\/","https:\/\/www.youtube.com\/@cellutrakgps"]},{"@type":"Person","@id":"https:\/\/www.cellutrak.ca\/fr\/#\/schema\/person\/af66ee02ce842afef7ce85c0549d08a5","name":"ctrakadmin","image":{"@type":"ImageObject","inLanguage":"fr-FR","@id":"https:\/\/www.cellutrak.ca\/fr\/#\/schema\/person\/image\/","url":"https:\/\/secure.gravatar.com\/avatar\/692f9d8b87ba75bfaa698dd2283f6228?s=96&d=mm&r=g","contentUrl":"https:\/\/secure.gravatar.com\/avatar\/692f9d8b87ba75bfaa698dd2283f6228?s=96&d=mm&r=g","caption":"ctrakadmin"},"sameAs":["http:\/\/www.cellutrak.ca"]}]}},"_links":{"self":[{"href":"https:\/\/www.cellutrak.ca\/fr\/wp-json\/wp\/v2\/pages\/5833","targetHints":{"allow":["GET"]}}],"collection":[{"href":"https:\/\/www.cellutrak.ca\/fr\/wp-json\/wp\/v2\/pages"}],"about":[{"href":"https:\/\/www.cellutrak.ca\/fr\/wp-json\/wp\/v2\/types\/page"}],"author":[{"embeddable":true,"href":"https:\/\/www.cellutrak.ca\/fr\/wp-json\/wp\/v2\/users\/1"}],"replies":[{"embeddable":true,"href":"https:\/\/www.cellutrak.ca\/fr\/wp-json\/wp\/v2\/comments?post=5833"}],"version-history":[{"count":0,"href":"https:\/\/www.cellutrak.ca\/fr\/wp-json\/wp\/v2\/pages\/5833\/revisions"}],"wp:attachment":[{"href":"https:\/\/www.cellutrak.ca\/fr\/wp-json\/wp\/v2\/media?parent=5833"}],"curies":[{"name":"wp","href":"https:\/\/api.w.org\/{rel}","templated":true}]}}